{"id":731809,"date":"2025-08-27T21:38:47","date_gmt":"2025-08-27T18:38:47","guid":{"rendered":"https:\/\/roveyayinevi.com.tr\/index.php\/urun\/benim-ozelim-ciltli\/"},"modified":"2026-04-16T02:39:47","modified_gmt":"2026-04-15T23:39:47","slug":"benim-ozelim-ciltli","status":"publish","type":"product","link":"https:\/\/roveyayinevi.com.tr\/index.php\/urun\/benim-ozelim-ciltli\/","title":{"rendered":"Benim \u00d6zelim (Ciltli)"},"content":{"rendered":"<p>\u00c7ocuklar\u0131 k\u00f6t\u00fcl\u00fcklerden koruman\u0131n en do\u011fru yolu, onlar\u0131n sezgilerini g\u00fc\u00e7lendirmek ve onlara sa\u011fduyu kazand\u0131rmakt\u0131r.Bu kitab\u0131n amac\u0131, \u00e7ocuklar\u0131n olaylar\u0131 ba\u011flam\u0131na g\u00f6re de\u011ferlendirerek, kendisi i\u00e7in iyi ve k\u00f6t\u00fc olan\u0131 fark edebilmesine, istismar ve zorbal\u0131k gibi istemedi\u011fi durumlar kar\u015f\u0131s\u0131nda kendisini do\u011fru ifade edebilmeyi ve \u201cHay\u0131r!\u201d diyebilmeyi \u00f6\u011frenmesine katk\u0131 sa\u011flamakt\u0131r.Deniz\u2019in \u201cAnne sevgi nedir?\u201d sorusuyla ba\u015flayan yolculu\u011funda, bebekli\u011finden itibaren geli\u015fen becerilerini fark etmesi ve g\u00fcnl\u00fck ya\u015famda kar\u015f\u0131la\u015fabilece\u011fi durumlar kar\u015f\u0131s\u0131nda \u201cbenim \u00f6zelim\u201d ba\u011flam\u0131nda mahremiyet bilincinin nas\u0131l olu\u015ftu\u011fu ele al\u0131nm\u0131\u015ft\u0131r.<\/p>\n","protected":false},"excerpt":{"rendered":"<p>\u00c7ocuklar\u0131 k\u00f6t\u00fcl\u00fcklerden koruman\u0131n en do\u011fru yolu, onlar\u0131n sezgilerini g\u00fc\u00e7lendirmek ve onlara sa\u011fduyu kazand\u0131rmakt\u0131r.Bu kitab\u0131n amac\u0131, \u00e7ocuklar\u0131n olaylar\u0131 ba\u011flam\u0131na g\u00f6re de\u011ferlendirerek, kendisi i\u00e7in iyi ve k\u00f6t\u00fc olan\u0131<span class=\"excerpt-hellip\"> [\u2026]<\/span><\/p>\n","protected":false},"featured_media":0,"template":"","meta":{"_monsterinsights_skip_tracking":false,"_monsterinsights_sitenote_active":false,"_monsterinsights_sitenote_note":"","_monsterinsights_sitenote_category":0},"product_brand":[],"product_cat":[12274,12284],"product_tag":[],"class_list":{"0":"post-731809","1":"product","2":"type-product","3":"status-publish","5":"product_cat-cocuk-ve-genclik-kitaplari","6":"product_cat-hikayeler","7":"pa_cilt-ciltli","8":"pa_tur-kitap","9":"pa_yayinevi-nesil-cocuk-yayinlari","10":"pa_yazar-gulsum-mehdiyev-kevser-tozduman-yarali","12":"first","13":"instock","14":"sale","15":"shipping-taxable","16":"purchasable","17":"product-type-simple"},"_links":{"self":[{"href":"https:\/\/roveyayinevi.com.tr\/index.php\/wp-json\/wp\/v2\/product\/731809","targetHints":{"allow":["GET"]}}],"collection":[{"href":"https:\/\/roveyayinevi.com.tr\/index.php\/wp-json\/wp\/v2\/product"}],"about":[{"href":"https:\/\/roveyayinevi.com.tr\/index.php\/wp-json\/wp\/v2\/types\/product"}],"wp:attachment":[{"href":"https:\/\/roveyayinevi.com.tr\/index.php\/wp-json\/wp\/v2\/media?parent=731809"}],"wp:term":[{"taxonomy":"product_brand","embeddable":true,"href":"https:\/\/roveyayinevi.com.tr\/index.php\/wp-json\/wp\/v2\/product_brand?post=731809"},{"taxonomy":"product_cat","embeddable":true,"href":"https:\/\/roveyayinevi.com.tr\/index.php\/wp-json\/wp\/v2\/product_cat?post=731809"},{"taxonomy":"product_tag","embeddable":true,"href":"https:\/\/roveyayinevi.com.tr\/index.php\/wp-json\/wp\/v2\/product_tag?post=731809"}],"curies":[{"name":"wp","href":"https:\/\/api.w.org\/{rel}","templated":true}]}}