{"id":731808,"date":"2025-08-27T21:38:46","date_gmt":"2025-08-27T18:38:46","guid":{"rendered":"https:\/\/roveyayinevi.com.tr\/index.php\/urun\/anne-beni-leylekler-mi-getirdi-ciltli\/"},"modified":"2026-04-16T02:39:47","modified_gmt":"2026-04-15T23:39:47","slug":"anne-beni-leylekler-mi-getirdi-ciltli","status":"publish","type":"product","link":"https:\/\/roveyayinevi.com.tr\/index.php\/urun\/anne-beni-leylekler-mi-getirdi-ciltli\/","title":{"rendered":"Anne Beni Leylekler mi Getirdi? (Ciltli)"},"content":{"rendered":"<p>Okul \u00f6ncesi d\u00f6nemde \u00e7ocuklar bir\u00e7ok soru sorarlar. En \u00e7ok merak ettikleri sorulardan biridir: \u201cBen nereden geldim?\u201d \u201cSeni leylekler getirdi!\u201d cevab\u0131 art\u0131k g\u00fcn\u00fcm\u00fcz \u00e7ocuklar\u0131 i\u00e7in pek de inand\u0131r\u0131c\u0131 olmayacakt\u0131r. \u00c7ocuklar\u0131n sorular\u0131n\u0131 ara\u015ft\u0131rabilecekleri pek \u00e7ok kaynak varken, \u00f6zellikle yarat\u0131l\u0131\u015f gibi hassas bir konuda en g\u00fcvenilir ve de\u011ferli olan ebeveynlerin cevaplar\u0131d\u0131r. Bu kitapta, Bar\u0131\u015f\u2019\u0131n annesine \u201cBen nereden geldim?\u201d demesiyle ba\u015flayan d\u00fc\u015f\u00fcnce yolculu\u011funa e\u015flik ediyoruz. Kitap, \u00e7ocuklar\u0131n ikna olmad\u0131klar\u0131nda sorular\u0131n\u0131n pe\u015finden nas\u0131l ko\u015ftuklar\u0131na dikkat \u00e7ekerken, ayn\u0131 zamanda ebeveynlerin de \u00f6z de\u011ferlendirme yapmalar\u0131na olanak sa\u011fl\u0131yor.<\/p>\n","protected":false},"excerpt":{"rendered":"<p>Okul \u00f6ncesi d\u00f6nemde \u00e7ocuklar bir\u00e7ok soru sorarlar. En \u00e7ok merak ettikleri sorulardan biridir: \u201cBen nereden geldim?\u201d \u201cSeni leylekler getirdi!\u201d cevab\u0131 art\u0131k g\u00fcn\u00fcm\u00fcz \u00e7ocuklar\u0131 i\u00e7in pek de<span class=\"excerpt-hellip\"> [\u2026]<\/span><\/p>\n","protected":false},"featured_media":0,"template":"","meta":{"_monsterinsights_skip_tracking":false,"_monsterinsights_sitenote_active":false,"_monsterinsights_sitenote_note":"","_monsterinsights_sitenote_category":0},"product_brand":[],"product_cat":[12274,12284],"product_tag":[],"class_list":{"0":"post-731808","1":"product","2":"type-product","3":"status-publish","5":"product_cat-cocuk-ve-genclik-kitaplari","6":"product_cat-hikayeler","7":"pa_cilt-ciltli","8":"pa_tur-kitap","9":"pa_yayinevi-nesil-cocuk-yayinlari","10":"pa_yazar-gulsum-mehdiyev-kevser-tozduman-yarali","12":"first","13":"instock","14":"sale","15":"shipping-taxable","16":"purchasable","17":"product-type-simple"},"_links":{"self":[{"href":"https:\/\/roveyayinevi.com.tr\/index.php\/wp-json\/wp\/v2\/product\/731808","targetHints":{"allow":["GET"]}}],"collection":[{"href":"https:\/\/roveyayinevi.com.tr\/index.php\/wp-json\/wp\/v2\/product"}],"about":[{"href":"https:\/\/roveyayinevi.com.tr\/index.php\/wp-json\/wp\/v2\/types\/product"}],"wp:attachment":[{"href":"https:\/\/roveyayinevi.com.tr\/index.php\/wp-json\/wp\/v2\/media?parent=731808"}],"wp:term":[{"taxonomy":"product_brand","embeddable":true,"href":"https:\/\/roveyayinevi.com.tr\/index.php\/wp-json\/wp\/v2\/product_brand?post=731808"},{"taxonomy":"product_cat","embeddable":true,"href":"https:\/\/roveyayinevi.com.tr\/index.php\/wp-json\/wp\/v2\/product_cat?post=731808"},{"taxonomy":"product_tag","embeddable":true,"href":"https:\/\/roveyayinevi.com.tr\/index.php\/wp-json\/wp\/v2\/product_tag?post=731808"}],"curies":[{"name":"wp","href":"https:\/\/api.w.org\/{rel}","templated":true}]}}