{"id":731807,"date":"2025-08-27T21:38:44","date_gmt":"2025-08-27T18:38:44","guid":{"rendered":"https:\/\/roveyayinevi.com.tr\/index.php\/urun\/savunma-2\/"},"modified":"2026-04-16T02:39:47","modified_gmt":"2026-04-15T23:39:47","slug":"savunma-2","status":"publish","type":"product","link":"https:\/\/roveyayinevi.com.tr\/index.php\/urun\/savunma-2\/","title":{"rendered":"Savunma"},"content":{"rendered":"<p>Al\u0131c\u0131s\u0131na mesaj\u0131 ta\u015f\u0131yorum, garipten, ahvalimden bildiriyorum. Ve selam ediyorum r\u00fcyalar\u0131ma, hay\u0131rlara vesile olunmas\u0131 ad\u0131na diyorum ki&#8230; Bu kitab\u0131 edinmek isteyen \u00f6nce kay\u0131ts\u0131zl\u0131k derdinden kurtulacak sonra varacak ve kavrayacak ya\u015fam\u0131. D\u00fc\u015f\u00fcncelerinin a\u011f\u0131rl\u0131\u011f\u0131ndan emin olacak s\u0131navda ve yana\u015facak cevaba. Sorunsall\u0131\u011f\u0131n\u0131 kendinden bilecek. Ve nedenselli\u011fe de\u011finecek. Sonra meselelere getirecek \u00e7areyi derdinden, \u00e7\u00f6z\u00fcmde bulu\u015fan ad\u0131m, ayd\u0131nl\u0131\u011fa  uzanan yol ve iki yakay\u0131 birbirine ba\u011flayan s\u0131rat-\u0131 m\u00fcstakim olacak. Kendini ke\u015ffedecek \u00d6yle k\u0131s\u0131ld\u0131m ki, \u00e7aresizlik bu olsa gerek &#8230;ve g\u00fc\u00e7! I\u015f\u0131\u011f\u0131n izd\u00fc\u015f\u00fcm\u00fc, elinizde tuttu\u011funuz kitap.<\/p>\n","protected":false},"excerpt":{"rendered":"<p>Al\u0131c\u0131s\u0131na mesaj\u0131 ta\u015f\u0131yorum, garipten, ahvalimden bildiriyorum. Ve selam ediyorum r\u00fcyalar\u0131ma, hay\u0131rlara vesile olunmas\u0131 ad\u0131na diyorum ki&#8230; Bu kitab\u0131 edinmek isteyen \u00f6nce kay\u0131ts\u0131zl\u0131k derdinden kurtulacak sonra varacak<span class=\"excerpt-hellip\"> [\u2026]<\/span><\/p>\n","protected":false},"featured_media":0,"template":"","meta":{"_monsterinsights_skip_tracking":false,"_monsterinsights_sitenote_active":false,"_monsterinsights_sitenote_note":"","_monsterinsights_sitenote_category":0},"product_brand":[],"product_cat":[12777,12291],"product_tag":[],"class_list":{"0":"post-731807","1":"product","2":"type-product","3":"status-publish","5":"product_cat-deneme","6":"product_cat-edebiyat","7":"pa_cilt-ciltsiz","8":"pa_tur-kitap","9":"pa_yayinevi-karina-yayinevi","10":"pa_yazar-can-ahmet-vural","12":"first","13":"instock","14":"sale","15":"shipping-taxable","16":"purchasable","17":"product-type-simple"},"_links":{"self":[{"href":"https:\/\/roveyayinevi.com.tr\/index.php\/wp-json\/wp\/v2\/product\/731807","targetHints":{"allow":["GET"]}}],"collection":[{"href":"https:\/\/roveyayinevi.com.tr\/index.php\/wp-json\/wp\/v2\/product"}],"about":[{"href":"https:\/\/roveyayinevi.com.tr\/index.php\/wp-json\/wp\/v2\/types\/product"}],"wp:attachment":[{"href":"https:\/\/roveyayinevi.com.tr\/index.php\/wp-json\/wp\/v2\/media?parent=731807"}],"wp:term":[{"taxonomy":"product_brand","embeddable":true,"href":"https:\/\/roveyayinevi.com.tr\/index.php\/wp-json\/wp\/v2\/product_brand?post=731807"},{"taxonomy":"product_cat","embeddable":true,"href":"https:\/\/roveyayinevi.com.tr\/index.php\/wp-json\/wp\/v2\/product_cat?post=731807"},{"taxonomy":"product_tag","embeddable":true,"href":"https:\/\/roveyayinevi.com.tr\/index.php\/wp-json\/wp\/v2\/product_tag?post=731807"}],"curies":[{"name":"wp","href":"https:\/\/api.w.org\/{rel}","templated":true}]}}