{"id":731803,"date":"2025-08-27T21:38:40","date_gmt":"2025-08-27T18:38:40","guid":{"rendered":"https:\/\/roveyayinevi.com.tr\/index.php\/urun\/egitim-secim-kurtarmak-mi-nesil-kurtarmak-mi\/"},"modified":"2026-04-16T02:39:47","modified_gmt":"2026-04-15T23:39:47","slug":"egitim-secim-kurtarmak-mi-nesil-kurtarmak-mi","status":"publish","type":"product","link":"https:\/\/roveyayinevi.com.tr\/index.php\/urun\/egitim-secim-kurtarmak-mi-nesil-kurtarmak-mi\/","title":{"rendered":"E\u011fitim : Se\u00e7im Kurtarmak m\u0131 ? Nesil Kurtarmak m\u0131 ?"},"content":{"rendered":"<p>E\u011fitim politikalar\u0131 bir z\u00fcmrenin, bir grubun veya bir ideolojinin kendini ispat etme alan\u0131 de\u011fil, bir \u00dcLKE \u00d6DEV\u0130D\u0130R. \u00dclkemizde Cumhuriyet\u2019in ilk d\u00f6neminde b\u00fcy\u00fck bir adanm\u0131\u015fl\u0131kla gelen ba\u015far\u0131dan sonra maalesef, e\u011fitim siyaset ili\u015fkisi, s\u0131ralama s\u0131nav\u0131, her Milli E\u011fitim Bakan\u0131 ve Y\u00d6K Ba\u015fkan\u0131n\u0131 etkileyen iz b\u0131rakma sendromu, m\u00fcd\u00fcr ve \u00f6\u011fretmen yetkinlikleri gibi sorunlara ka\u011f\u0131t m\u00fchendisli\u011fi yakla\u015f\u0131m\u0131 ile \u00e7\u00f6z\u00fcmler bulmaya \u00e7al\u0131\u015ft\u0131k. Gelecek avu\u00e7lar\u0131m\u0131z\u0131n aras\u0131ndan kay\u0131p giderken, art\u0131k toplum olarak NES\u0130L KURTARMANIN SE\u00c7\u0130M KURTARMAKTAN \u00e7ok daha \u00f6nemli oldu\u011funu idrak etmeli ve \u00f6n\u00fcm\u00fczdeki yirmi y\u0131l\u0131 kapsayacak ulusal milli bir e\u011fitim program\u0131 yapmal\u0131y\u0131z. <\/p>\n","protected":false},"excerpt":{"rendered":"<p>E\u011fitim politikalar\u0131 bir z\u00fcmrenin, bir grubun veya bir ideolojinin kendini ispat etme alan\u0131 de\u011fil, bir \u00dcLKE \u00d6DEV\u0130D\u0130R. \u00dclkemizde Cumhuriyet\u2019in ilk d\u00f6neminde b\u00fcy\u00fck bir adanm\u0131\u015fl\u0131kla gelen ba\u015far\u0131dan<span class=\"excerpt-hellip\"> [\u2026]<\/span><\/p>\n","protected":false},"featured_media":0,"template":"","meta":{"_monsterinsights_skip_tracking":false,"_monsterinsights_sitenote_active":false,"_monsterinsights_sitenote_note":"","_monsterinsights_sitenote_category":0},"product_brand":[],"product_cat":[12777,12291],"product_tag":[],"class_list":{"0":"post-731803","1":"product","2":"type-product","3":"status-publish","5":"product_cat-deneme","6":"product_cat-edebiyat","7":"pa_cilt-ciltsiz","8":"pa_tur-kitap","9":"pa_yayinevi-akil-celen-kitaplar","10":"pa_yazar-selcuk-pehlivanoglu","12":"first","13":"instock","14":"sale","15":"shipping-taxable","16":"purchasable","17":"product-type-simple"},"_links":{"self":[{"href":"https:\/\/roveyayinevi.com.tr\/index.php\/wp-json\/wp\/v2\/product\/731803","targetHints":{"allow":["GET"]}}],"collection":[{"href":"https:\/\/roveyayinevi.com.tr\/index.php\/wp-json\/wp\/v2\/product"}],"about":[{"href":"https:\/\/roveyayinevi.com.tr\/index.php\/wp-json\/wp\/v2\/types\/product"}],"wp:attachment":[{"href":"https:\/\/roveyayinevi.com.tr\/index.php\/wp-json\/wp\/v2\/media?parent=731803"}],"wp:term":[{"taxonomy":"product_brand","embeddable":true,"href":"https:\/\/roveyayinevi.com.tr\/index.php\/wp-json\/wp\/v2\/product_brand?post=731803"},{"taxonomy":"product_cat","embeddable":true,"href":"https:\/\/roveyayinevi.com.tr\/index.php\/wp-json\/wp\/v2\/product_cat?post=731803"},{"taxonomy":"product_tag","embeddable":true,"href":"https:\/\/roveyayinevi.com.tr\/index.php\/wp-json\/wp\/v2\/product_tag?post=731803"}],"curies":[{"name":"wp","href":"https:\/\/api.w.org\/{rel}","templated":true}]}}