{"id":731796,"date":"2025-08-27T21:38:33","date_gmt":"2025-08-27T18:38:33","guid":{"rendered":"https:\/\/roveyayinevi.com.tr\/index.php\/urun\/klasik-okumalari-i-kahramanlar-cagi\/"},"modified":"2026-04-16T02:39:47","modified_gmt":"2026-04-15T23:39:47","slug":"klasik-okumalari-i-kahramanlar-cagi","status":"publish","type":"product","link":"https:\/\/roveyayinevi.com.tr\/index.php\/urun\/klasik-okumalari-i-kahramanlar-cagi\/","title":{"rendered":"Klasik Okumalar\u0131-I &#8211; Kahramanlar \u00c7a\u011f\u0131"},"content":{"rendered":"<p>&#8220;Klasikleri&#8221; neden okuruz? Hem edebi hem de ki\u015fisel olarak farkl\u0131 geleneklerden gelen yazarlar\u0131n neredeyse y\u00fczy\u0131llar boyu denilebilecek uzun bir tarihsel aral\u0131kta ortaya \u00e7\u0131km\u0131\u015f eserleri neden &#8220;klasik&#8221; ba\u015fl\u0131\u011f\u0131 alt\u0131nda toplan\u0131r? Klasik romanlar\u0131n kahramanlar\u0131 neden kitap sayfalar\u0131ndan ta\u015far ve etkisi ku\u015faklar boyu s\u00fcrecek, ilham verici toplumsal fig\u00fcrler olarak \u00f6l\u00fcms\u00fczle\u015fir? Klasik metinlerle tek y\u00f6nl\u00fc bir ili\u015fki kurarak nitel bir incelemeye y\u00f6nelmek yerine metinlerin k\u00fclt\u00fcre, k\u00fclt\u00fcr\u00fcn \u015fekillenmesine asli katk\u0131lar\u0131n\u0131 kendine \u00f6zg\u00fc \u00fcslubuyla ele alan Ferit Burak Aydar, neden okuruz diye sormak yerine nas\u0131l okumal\u0131y\u0131z cevab\u0131n\u0131 vererek romanlar\u0131 ve onlar\u0131n kahramanlar\u0131n\u0131 yaz\u0131ld\u0131\u011f\u0131 tarihteki tayin edici d\u00f6neme\u00e7leri \u0131skalamadan, siyasal ve sosyoekonomik d\u00f6n\u00fc\u015f\u00fcmler \u0131\u015f\u0131\u011f\u0131nda ele al\u0131yor. Yap\u0131tlar\u0131n salt kurmaca eser oldu\u011fu \u00f6nkabul\u00fcnden s\u0131yr\u0131larak ve metni yazardan da ba\u011f\u0131ms\u0131z, m\u00fcstakil bi\u00e7imde ele alma cesaretini g\u00f6stererek s\u0131n\u0131fsal bir ele\u015ftiriye tabi tutuyor.Klasik Okumalar\u0131 serisinin ilk kitab\u0131 Kahramanlar \u00c7a\u011f\u0131, metinlere bazen s\u0131zan bazen de \u00f6ylece g\u00f6z\u00fcm\u00fcz\u00fcn \u00f6n\u00fcnde olan ancak farketmedi\u011fimiz ayr\u0131nt\u0131lar\u0131 sergileyerek klasiklerin tarihinin, \u00f6nce Avrupa, ard\u0131ndan d\u00fcnya tarihine \u0131\u015f\u0131k tuttu\u011fu bilinciyle bizi &#8220;klasiklerle yeniden tan\u0131\u015fmaya&#8221; davet ediyor.<\/p>\n","protected":false},"excerpt":{"rendered":"<p>&#8220;Klasikleri&#8221; neden okuruz? Hem edebi hem de ki\u015fisel olarak farkl\u0131 geleneklerden gelen yazarlar\u0131n neredeyse y\u00fczy\u0131llar boyu denilebilecek uzun bir tarihsel aral\u0131kta ortaya \u00e7\u0131km\u0131\u015f eserleri neden &#8220;klasik&#8221;<span class=\"excerpt-hellip\"> [\u2026]<\/span><\/p>\n","protected":false},"featured_media":0,"template":"","meta":{"_monsterinsights_skip_tracking":false,"_monsterinsights_sitenote_active":false,"_monsterinsights_sitenote_note":"","_monsterinsights_sitenote_category":0},"product_brand":[],"product_cat":[13072,12291],"product_tag":[],"class_list":{"0":"post-731796","1":"product","2":"type-product","3":"status-publish","5":"product_cat-arastirma-inceleme-referans","6":"product_cat-edebiyat","7":"pa_cilt-ciltsiz","8":"pa_tur-kitap","9":"pa_yayinevi-sel-yayincilik","10":"pa_yazar-ferit-burak-aydar","12":"first","13":"instock","14":"sale","15":"shipping-taxable","16":"purchasable","17":"product-type-simple"},"_links":{"self":[{"href":"https:\/\/roveyayinevi.com.tr\/index.php\/wp-json\/wp\/v2\/product\/731796","targetHints":{"allow":["GET"]}}],"collection":[{"href":"https:\/\/roveyayinevi.com.tr\/index.php\/wp-json\/wp\/v2\/product"}],"about":[{"href":"https:\/\/roveyayinevi.com.tr\/index.php\/wp-json\/wp\/v2\/types\/product"}],"wp:attachment":[{"href":"https:\/\/roveyayinevi.com.tr\/index.php\/wp-json\/wp\/v2\/media?parent=731796"}],"wp:term":[{"taxonomy":"product_brand","embeddable":true,"href":"https:\/\/roveyayinevi.com.tr\/index.php\/wp-json\/wp\/v2\/product_brand?post=731796"},{"taxonomy":"product_cat","embeddable":true,"href":"https:\/\/roveyayinevi.com.tr\/index.php\/wp-json\/wp\/v2\/product_cat?post=731796"},{"taxonomy":"product_tag","embeddable":true,"href":"https:\/\/roveyayinevi.com.tr\/index.php\/wp-json\/wp\/v2\/product_tag?post=731796"}],"curies":[{"name":"wp","href":"https:\/\/api.w.org\/{rel}","templated":true}]}}