{"id":731793,"date":"2025-08-27T21:38:30","date_gmt":"2025-08-27T18:38:30","guid":{"rendered":"https:\/\/roveyayinevi.com.tr\/index.php\/urun\/dinozorlar-boyama-kitabi-minik-ressamlar\/"},"modified":"2025-11-21T06:56:21","modified_gmt":"2025-11-21T03:56:21","slug":"dinozorlar-boyama-kitabi-minik-ressamlar","status":"publish","type":"product","link":"https:\/\/roveyayinevi.com.tr\/index.php\/urun\/dinozorlar-boyama-kitabi-minik-ressamlar\/","title":{"rendered":"Dinozorlar Boyama Kitab\u0131 &#8211; Minik Ressamlar"},"content":{"rendered":"<p>Ne\u015fe dolu bir dinozor maceras\u0131na ne dersin? Hediye pastel boyalar\u0131n\u0131 kap, dinozor d\u00fcnyas\u0131n\u0131 istedi\u011fin gibi boya, tatl\u0131 dinozorlar\u0131 renklendir!<\/p>\n","protected":false},"excerpt":{"rendered":"<p>Ne\u015fe dolu bir dinozor maceras\u0131na ne dersin? Hediye pastel boyalar\u0131n\u0131 kap, dinozor d\u00fcnyas\u0131n\u0131 istedi\u011fin gibi boya, tatl\u0131 dinozorlar\u0131 renklendir!<\/p>\n","protected":false},"featured_media":0,"template":"","meta":{"_monsterinsights_skip_tracking":false,"_monsterinsights_sitenote_active":false,"_monsterinsights_sitenote_note":"","_monsterinsights_sitenote_category":0},"product_brand":[],"product_cat":[12644,12274],"product_tag":[],"class_list":{"0":"post-731793","1":"product","2":"type-product","3":"status-publish","5":"product_cat-boyama-kitaplari","6":"product_cat-cocuk-ve-genclik-kitaplari","7":"pa_cilt-ciltsiz","8":"pa_tur-kitap","9":"pa_yayinevi-dogan-egmont-yayincilik","10":"pa_yazar-dogan-egmont-yayincilik-kolektif","12":"first","13":"instock","14":"sale","15":"shipping-taxable","16":"purchasable","17":"product-type-simple"},"_links":{"self":[{"href":"https:\/\/roveyayinevi.com.tr\/index.php\/wp-json\/wp\/v2\/product\/731793","targetHints":{"allow":["GET"]}}],"collection":[{"href":"https:\/\/roveyayinevi.com.tr\/index.php\/wp-json\/wp\/v2\/product"}],"about":[{"href":"https:\/\/roveyayinevi.com.tr\/index.php\/wp-json\/wp\/v2\/types\/product"}],"wp:attachment":[{"href":"https:\/\/roveyayinevi.com.tr\/index.php\/wp-json\/wp\/v2\/media?parent=731793"}],"wp:term":[{"taxonomy":"product_brand","embeddable":true,"href":"https:\/\/roveyayinevi.com.tr\/index.php\/wp-json\/wp\/v2\/product_brand?post=731793"},{"taxonomy":"product_cat","embeddable":true,"href":"https:\/\/roveyayinevi.com.tr\/index.php\/wp-json\/wp\/v2\/product_cat?post=731793"},{"taxonomy":"product_tag","embeddable":true,"href":"https:\/\/roveyayinevi.com.tr\/index.php\/wp-json\/wp\/v2\/product_tag?post=731793"}],"curies":[{"name":"wp","href":"https:\/\/api.w.org\/{rel}","templated":true}]}}