{"id":731787,"date":"2025-08-27T21:38:25","date_gmt":"2025-08-27T18:38:25","guid":{"rendered":"https:\/\/roveyayinevi.com.tr\/index.php\/urun\/siyasi-istikamet\/"},"modified":"2026-04-16T02:39:46","modified_gmt":"2026-04-15T23:39:46","slug":"siyasi-istikamet","status":"publish","type":"product","link":"https:\/\/roveyayinevi.com.tr\/index.php\/urun\/siyasi-istikamet\/","title":{"rendered":"Siyasi \u0130stikamet"},"content":{"rendered":"<p>G\u00f6rd\u00fcklerimizi, duyduklar\u0131m\u0131z\u0131 ve ya\u015fad\u0131klar\u0131m\u0131z\u0131 elin \u0130zlandal\u0131s\u0131na anlatsak m\u00fcmk\u00fcn\u00fc yok inand\u0131ramay\u0131z. Eminim, ya abartt\u0131\u011f\u0131m\u0131z\u0131 ya da \u00fclkenin en \u00f6nde gelen muhalifi ya da en yalanc\u0131s\u0131 oldu\u011fumuzu d\u00fc\u015f\u00fcnecektir. \u00dclkemizde olup bitenleri Malm\u00f6\u2019de birine anlatsak, &#8220;Buraya yerle\u015fmek i\u00e7in b\u00f6yle s\u00f6yl\u00fcyor&#8221; diye d\u00fc\u015f\u00fcnecektir mutlaka\u2026 Malm\u00f6, g\u00f6\u00e7menler kenti ya\u2026 Bizdeki olup bitenler, abart\u0131l\u0131 bir ger\u00e7eklik mi yoksa ger\u00e7ekli\u011fin kendisi mi bunu en iyi kim bilebilir? \u00dclkemde ya\u015fananlar\u0131 g\u00f6rd\u00fck\u00e7e, \u00e7evreme kulak verdik\u00e7e, haberleri izleyip gazeteleri okuduk\u00e7a, \u00f6nce her \u015fey abart\u0131 gibi geliyor ama hi\u00e7 de \u00f6yle de\u011fil\u2026 Maalesef! O ger\u00e7eklere bakmaya ne dersiniz? <\/p>\n","protected":false},"excerpt":{"rendered":"<p>G\u00f6rd\u00fcklerimizi, duyduklar\u0131m\u0131z\u0131 ve ya\u015fad\u0131klar\u0131m\u0131z\u0131 elin \u0130zlandal\u0131s\u0131na anlatsak m\u00fcmk\u00fcn\u00fc yok inand\u0131ramay\u0131z. Eminim, ya abartt\u0131\u011f\u0131m\u0131z\u0131 ya da \u00fclkenin en \u00f6nde gelen muhalifi ya da en yalanc\u0131s\u0131 oldu\u011fumuzu d\u00fc\u015f\u00fcnecektir.<span class=\"excerpt-hellip\"> [\u2026]<\/span><\/p>\n","protected":false},"featured_media":0,"template":"","meta":{"_monsterinsights_skip_tracking":false,"_monsterinsights_sitenote_active":false,"_monsterinsights_sitenote_note":"","_monsterinsights_sitenote_category":0},"product_brand":[],"product_cat":[31194,12337],"product_tag":[],"class_list":{"0":"post-731787","1":"product","2":"type-product","3":"status-publish","5":"product_cat-guncel-siyaset","6":"product_cat-politika-siyaset","7":"pa_cilt-ciltsiz","8":"pa_tur-kitap","9":"pa_yayinevi-favori-yayinlari","10":"pa_yazar-recai-seyhoglu","12":"first","13":"instock","14":"sale","15":"shipping-taxable","16":"purchasable","17":"product-type-simple"},"_links":{"self":[{"href":"https:\/\/roveyayinevi.com.tr\/index.php\/wp-json\/wp\/v2\/product\/731787","targetHints":{"allow":["GET"]}}],"collection":[{"href":"https:\/\/roveyayinevi.com.tr\/index.php\/wp-json\/wp\/v2\/product"}],"about":[{"href":"https:\/\/roveyayinevi.com.tr\/index.php\/wp-json\/wp\/v2\/types\/product"}],"wp:attachment":[{"href":"https:\/\/roveyayinevi.com.tr\/index.php\/wp-json\/wp\/v2\/media?parent=731787"}],"wp:term":[{"taxonomy":"product_brand","embeddable":true,"href":"https:\/\/roveyayinevi.com.tr\/index.php\/wp-json\/wp\/v2\/product_brand?post=731787"},{"taxonomy":"product_cat","embeddable":true,"href":"https:\/\/roveyayinevi.com.tr\/index.php\/wp-json\/wp\/v2\/product_cat?post=731787"},{"taxonomy":"product_tag","embeddable":true,"href":"https:\/\/roveyayinevi.com.tr\/index.php\/wp-json\/wp\/v2\/product_tag?post=731787"}],"curies":[{"name":"wp","href":"https:\/\/api.w.org\/{rel}","templated":true}]}}