{"id":731786,"date":"2025-08-27T21:38:24","date_gmt":"2025-08-27T18:38:24","guid":{"rendered":"https:\/\/roveyayinevi.com.tr\/index.php\/urun\/munferit-asklar\/"},"modified":"2026-04-16T02:39:46","modified_gmt":"2026-04-15T23:39:46","slug":"munferit-asklar","status":"publish","type":"product","link":"https:\/\/roveyayinevi.com.tr\/index.php\/urun\/munferit-asklar\/","title":{"rendered":"M\u00fcnferit A\u015fklar"},"content":{"rendered":"<p>yine bir yang\u0131n d\u00fc\u015fer i\u00e7ime gecenin en \u0131ss\u0131z saatlerinde. s\u0131zlar yaram en yorgun yerinden. ne dilde s\u00f6z, ne g\u00f6zde fer kalm\u0131\u015ft\u0131r. derler ki; bir tek meyuslar bilir sabah\u0131 olmaz geceleri. bir de kimsesizler\u2026 o geceler ki, akl\u0131 ge\u00e7mi\u015f mevsimler pe\u015finde. bir m\u00fcltefit bahar laz\u0131m \u015fimdi bize karanl\u0131\u011fa inat, g\u00fcne yak\u0131n. tende s\u0131cak\u2026 <\/p>\n","protected":false},"excerpt":{"rendered":"<p>yine bir yang\u0131n d\u00fc\u015fer i\u00e7ime gecenin en \u0131ss\u0131z saatlerinde. s\u0131zlar yaram en yorgun yerinden. ne dilde s\u00f6z, ne g\u00f6zde fer kalm\u0131\u015ft\u0131r. derler ki; bir tek meyuslar<span class=\"excerpt-hellip\"> [\u2026]<\/span><\/p>\n","protected":false},"featured_media":0,"template":"","meta":{"_monsterinsights_skip_tracking":false,"_monsterinsights_sitenote_active":false,"_monsterinsights_sitenote_note":"","_monsterinsights_sitenote_category":0},"product_brand":[],"product_cat":[12291,12509],"product_tag":[],"class_list":{"0":"post-731786","1":"product","2":"type-product","3":"status-publish","5":"product_cat-edebiyat","6":"product_cat-siir","7":"pa_cilt-ciltsiz","8":"pa_tur-kitap","9":"pa_yayinevi-favori-yayinlari","10":"pa_yazar-ozlem-saba","12":"first","13":"instock","14":"sale","15":"shipping-taxable","16":"purchasable","17":"product-type-simple"},"_links":{"self":[{"href":"https:\/\/roveyayinevi.com.tr\/index.php\/wp-json\/wp\/v2\/product\/731786","targetHints":{"allow":["GET"]}}],"collection":[{"href":"https:\/\/roveyayinevi.com.tr\/index.php\/wp-json\/wp\/v2\/product"}],"about":[{"href":"https:\/\/roveyayinevi.com.tr\/index.php\/wp-json\/wp\/v2\/types\/product"}],"wp:attachment":[{"href":"https:\/\/roveyayinevi.com.tr\/index.php\/wp-json\/wp\/v2\/media?parent=731786"}],"wp:term":[{"taxonomy":"product_brand","embeddable":true,"href":"https:\/\/roveyayinevi.com.tr\/index.php\/wp-json\/wp\/v2\/product_brand?post=731786"},{"taxonomy":"product_cat","embeddable":true,"href":"https:\/\/roveyayinevi.com.tr\/index.php\/wp-json\/wp\/v2\/product_cat?post=731786"},{"taxonomy":"product_tag","embeddable":true,"href":"https:\/\/roveyayinevi.com.tr\/index.php\/wp-json\/wp\/v2\/product_tag?post=731786"}],"curies":[{"name":"wp","href":"https:\/\/api.w.org\/{rel}","templated":true}]}}