{"id":731785,"date":"2025-08-27T21:38:23","date_gmt":"2025-08-27T18:38:23","guid":{"rendered":"https:\/\/roveyayinevi.com.tr\/index.php\/urun\/emperyalizm-tarim-tasra\/"},"modified":"2026-04-16T02:39:46","modified_gmt":"2026-04-15T23:39:46","slug":"emperyalizm-tarim-tasra","status":"publish","type":"product","link":"https:\/\/roveyayinevi.com.tr\/index.php\/urun\/emperyalizm-tarim-tasra\/","title":{"rendered":"Emperyalizm Tar\u0131m Ta\u015fra"},"content":{"rendered":"<p>\u201cMilletimiz \u00e7ift\u00e7idir. K\u00f6yl\u00fc, T\u00fcrkiye\u2019nin ger\u00e7ek sahibi, efendisi, ger\u00e7ek \u00fcreticisidir. Yedi y\u00fcz y\u0131ldan beri kan\u0131n\u0131 ak\u0131tt\u0131\u011f\u0131m\u0131z, kemiklerini yabanc\u0131 topraklarda b\u0131rakt\u0131\u011f\u0131m\u0131z, eme\u011fini elinden ald\u0131\u011f\u0131m\u0131z, fedak\u00e2rl\u0131klar\u0131n\u0131 nank\u00f6r bir davran\u0131\u015fla kar\u015f\u0131lad\u0131\u011f\u0131m\u0131z k\u00f6yl\u00fcye gereken sayg\u0131 g\u00f6sterilecektir. Mutluluk ve refah, k\u00f6yl\u00fcn\u00fcn hakk\u0131d\u0131r. Tar\u0131m sekt\u00f6r\u00fcn\u00fcn eme\u011fi, modern iktisadi tedbirlerle en y\u00fcksek d\u00fczeye \u00e7\u0131kar\u0131lmal\u0131d\u0131r. K\u00f6yl\u00fcn\u00fcn bilgisini artt\u0131rmak, teknik ara\u00e7lar kullanmas\u0131n\u0131 sa\u011flamak ve eme\u011finin kar\u015f\u0131l\u0131\u011f\u0131n\u0131 vermek, iktisat politikam\u0131z\u0131n ruhu olacakt\u0131r. Tar\u0131m \u00fcr\u00fcnlerimiz d\u0131\u015f rekabetten korunacakt\u0131r. \u00c7ift\u00e7iye tohumluk verilecektir. Ziraat Bankas\u0131 tar\u0131m ara\u00e7 ve gere\u00e7lerini uygun fiyatla da\u011f\u0131tacakt\u0131r. \u00dcr\u00fcnlere i\u00e7 piyasada s\u00fcr\u00fcm sa\u011flanacakt\u0131r. Tar\u0131m milli ekonomimizin temelidir.\u201d   M. Kemal Atat\u00fcrk <\/p>\n","protected":false},"excerpt":{"rendered":"<p>\u201cMilletimiz \u00e7ift\u00e7idir. K\u00f6yl\u00fc, T\u00fcrkiye\u2019nin ger\u00e7ek sahibi, efendisi, ger\u00e7ek \u00fcreticisidir. Yedi y\u00fcz y\u0131ldan beri kan\u0131n\u0131 ak\u0131tt\u0131\u011f\u0131m\u0131z, kemiklerini yabanc\u0131 topraklarda b\u0131rakt\u0131\u011f\u0131m\u0131z, eme\u011fini elinden ald\u0131\u011f\u0131m\u0131z, fedak\u00e2rl\u0131klar\u0131n\u0131 nank\u00f6r bir davran\u0131\u015fla<span class=\"excerpt-hellip\"> [\u2026]<\/span><\/p>\n","protected":false},"featured_media":0,"template":"","meta":{"_monsterinsights_skip_tracking":false,"_monsterinsights_sitenote_active":false,"_monsterinsights_sitenote_note":"","_monsterinsights_sitenote_category":0},"product_brand":[],"product_cat":[13590,12337],"product_tag":[],"class_list":{"0":"post-731785","1":"product","2":"type-product","3":"status-publish","5":"product_cat-arastirma-inceleme-politika-siyaset","6":"product_cat-politika-siyaset","7":"pa_cilt-ciltsiz","8":"pa_tur-kitap","9":"pa_yayinevi-favori-yayinlari","10":"pa_yazar-ayse-sevtap-uzun","12":"first","13":"instock","14":"sale","15":"shipping-taxable","16":"purchasable","17":"product-type-simple"},"_links":{"self":[{"href":"https:\/\/roveyayinevi.com.tr\/index.php\/wp-json\/wp\/v2\/product\/731785","targetHints":{"allow":["GET"]}}],"collection":[{"href":"https:\/\/roveyayinevi.com.tr\/index.php\/wp-json\/wp\/v2\/product"}],"about":[{"href":"https:\/\/roveyayinevi.com.tr\/index.php\/wp-json\/wp\/v2\/types\/product"}],"wp:attachment":[{"href":"https:\/\/roveyayinevi.com.tr\/index.php\/wp-json\/wp\/v2\/media?parent=731785"}],"wp:term":[{"taxonomy":"product_brand","embeddable":true,"href":"https:\/\/roveyayinevi.com.tr\/index.php\/wp-json\/wp\/v2\/product_brand?post=731785"},{"taxonomy":"product_cat","embeddable":true,"href":"https:\/\/roveyayinevi.com.tr\/index.php\/wp-json\/wp\/v2\/product_cat?post=731785"},{"taxonomy":"product_tag","embeddable":true,"href":"https:\/\/roveyayinevi.com.tr\/index.php\/wp-json\/wp\/v2\/product_tag?post=731785"}],"curies":[{"name":"wp","href":"https:\/\/api.w.org\/{rel}","templated":true}]}}