{"id":731783,"date":"2025-08-27T21:38:22","date_gmt":"2025-08-27T18:38:22","guid":{"rendered":"https:\/\/roveyayinevi.com.tr\/index.php\/urun\/mazgirt\/"},"modified":"2026-01-29T03:09:53","modified_gmt":"2026-01-29T00:09:53","slug":"mazgirt","status":"publish","type":"product","link":"https:\/\/roveyayinevi.com.tr\/index.php\/urun\/mazgirt\/","title":{"rendered":"Mazgirt"},"content":{"rendered":"<p>Mazgirt, Dersim Co\u011frafyas\u0131n\u0131n En Eski Ve Bir\u00e7ok Y\u00f6nden Temsil Edici \u00d6rneklerinden Biri Olarak, Elinizdeki Kitapta Tarihten Demografiye, Politikadan Ekonomiye Hemen T\u00fcm Nitelikleriyle Titiz Bir Incelemenin Konusu Oldu. Urartulardan Cumhuriyete Uzanan \u2018Tarih\u2019in Ve Kimliksel \u00d6zg\u00fcn Nitelikleri G\u00f6r\u00fcnmez K\u0131l\u0131nan \u2018Demografi\u2019nin Resmi Dilinin D\u0131\u015f\u0131nda; Sahici Ve Kapsaml\u0131 Bilgisi Yeniden \u00dcretildi. Sosyalist Yerel Y\u00f6netim Deneyimi, Geleneksel K\u00fclt\u00fcr\u00fc, Inanc\u0131, Ekonomisi, Edebiyat\u0131, Dilleri, Sanat\u0131 Ve Hat\u0131ralara Konu \u00d6yk\u00fcleriyle Bu M\u00fcstesna Co\u011frafyan\u0131n Sesi Olan Bir Yay\u0131n Ortaya \u00c7\u0131kt\u0131. Simdi Ve Gelecekte Ilgili T\u00fcm Ku\u015faklara Bir \u2018Kay\u0131t\u2019 Olmak \u00dczere. Ali Akta\u015f, Ayhan Bilgin, A. Aytekin Polat, Berivan Polat, Besime Sen, Burcu Bu\u011fu, B\u00fclent K\u00fc\u00e7\u00fck, \u00c7i\u00e7ek Ilengiz, Filiz \u00c7elik, H. Kiraz \u00d6zdo\u011fan, H\u00fcseyin El\u00e7i, H\u00fcseyin K\u00fc\u00e7\u00fck, Ilhan Sezgin, Kaya Akyildiz, Kazim Arik, M. Ali Sa\u011flam, Martin Greve, Mehmet Yildirim, Mehtap Tosun, Nihat Sari, Niyazi Ya\u015far, Orhan Budak, Ozan Do\u011fan, \u00d6nder \u00d6nal, \u00d6zg\u00fcn Enver Bulut, Peter J. Bumke, Seng\u00fcl Senol, S\u00fckr\u00fc Aslan, \u00dcmit Alta\u015f, \u00dcm\u00fct Akag\u00fcnd\u00fcz, Zeynep S. Kiziltan Ve Z\u00fclfiye Ko\u00e7ak\u2019\u0131n \u00c7ok De\u011ferli Katk\u0131lar\u0131yla&#8230;<\/p>\n","protected":false},"excerpt":{"rendered":"<p>Mazgirt, Dersim Co\u011frafyas\u0131n\u0131n En Eski Ve Bir\u00e7ok Y\u00f6nden Temsil Edici \u00d6rneklerinden Biri Olarak, Elinizdeki Kitapta Tarihten Demografiye, Politikadan Ekonomiye Hemen T\u00fcm Nitelikleriyle Titiz Bir Incelemenin Konusu<span class=\"excerpt-hellip\"> [\u2026]<\/span><\/p>\n","protected":false},"featured_media":0,"template":"","meta":{"_monsterinsights_skip_tracking":false,"_monsterinsights_sitenote_active":false,"_monsterinsights_sitenote_note":"","_monsterinsights_sitenote_category":0},"product_brand":[],"product_cat":[12370,12304],"product_tag":[],"class_list":{"0":"post-731783","1":"product","2":"type-product","3":"status-publish","5":"product_cat-arastirma-inceleme","6":"product_cat-tarih","7":"pa_cilt-ciltsiz","8":"pa_tur-kitap","9":"pa_yayinevi-utopya-yayinevi","10":"pa_yazar-utopya-yayinevi-kolektif","12":"first","13":"instock","14":"sale","15":"shipping-taxable","16":"purchasable","17":"product-type-simple"},"_links":{"self":[{"href":"https:\/\/roveyayinevi.com.tr\/index.php\/wp-json\/wp\/v2\/product\/731783","targetHints":{"allow":["GET"]}}],"collection":[{"href":"https:\/\/roveyayinevi.com.tr\/index.php\/wp-json\/wp\/v2\/product"}],"about":[{"href":"https:\/\/roveyayinevi.com.tr\/index.php\/wp-json\/wp\/v2\/types\/product"}],"wp:attachment":[{"href":"https:\/\/roveyayinevi.com.tr\/index.php\/wp-json\/wp\/v2\/media?parent=731783"}],"wp:term":[{"taxonomy":"product_brand","embeddable":true,"href":"https:\/\/roveyayinevi.com.tr\/index.php\/wp-json\/wp\/v2\/product_brand?post=731783"},{"taxonomy":"product_cat","embeddable":true,"href":"https:\/\/roveyayinevi.com.tr\/index.php\/wp-json\/wp\/v2\/product_cat?post=731783"},{"taxonomy":"product_tag","embeddable":true,"href":"https:\/\/roveyayinevi.com.tr\/index.php\/wp-json\/wp\/v2\/product_tag?post=731783"}],"curies":[{"name":"wp","href":"https:\/\/api.w.org\/{rel}","templated":true}]}}