{"id":731779,"date":"2025-08-27T21:38:17","date_gmt":"2025-08-27T18:38:17","guid":{"rendered":"https:\/\/roveyayinevi.com.tr\/index.php\/urun\/neredeyse-dunya\/"},"modified":"2026-04-16T02:39:46","modified_gmt":"2026-04-15T23:39:46","slug":"neredeyse-dunya","status":"publish","type":"product","link":"https:\/\/roveyayinevi.com.tr\/index.php\/urun\/neredeyse-dunya\/","title":{"rendered":"Neredeyse D\u00fcnya"},"content":{"rendered":"<p>Y\u00fcr\u00fcy\u00fcp harflerin geldi\u011fi y\u00f6ne Tutmak varl\u0131\u011f\u0131n ellerini Kelimeleri <\/p>\n","protected":false},"excerpt":{"rendered":"<p>Y\u00fcr\u00fcy\u00fcp harflerin geldi\u011fi y\u00f6ne Tutmak varl\u0131\u011f\u0131n ellerini Kelimeleri<\/p>\n","protected":false},"featured_media":0,"template":"","meta":{"_monsterinsights_skip_tracking":false,"_monsterinsights_sitenote_active":false,"_monsterinsights_sitenote_note":"","_monsterinsights_sitenote_category":0},"product_brand":[],"product_cat":[12291,12509],"product_tag":[],"class_list":{"0":"post-731779","1":"product","2":"type-product","3":"status-publish","5":"product_cat-edebiyat","6":"product_cat-siir","7":"pa_cilt-ciltsiz","8":"pa_tur-kitap","9":"pa_yayinevi-profil-kitap","10":"pa_yazar-emel-ozkan","12":"first","13":"instock","14":"sale","15":"shipping-taxable","16":"purchasable","17":"product-type-simple"},"_links":{"self":[{"href":"https:\/\/roveyayinevi.com.tr\/index.php\/wp-json\/wp\/v2\/product\/731779","targetHints":{"allow":["GET"]}}],"collection":[{"href":"https:\/\/roveyayinevi.com.tr\/index.php\/wp-json\/wp\/v2\/product"}],"about":[{"href":"https:\/\/roveyayinevi.com.tr\/index.php\/wp-json\/wp\/v2\/types\/product"}],"wp:attachment":[{"href":"https:\/\/roveyayinevi.com.tr\/index.php\/wp-json\/wp\/v2\/media?parent=731779"}],"wp:term":[{"taxonomy":"product_brand","embeddable":true,"href":"https:\/\/roveyayinevi.com.tr\/index.php\/wp-json\/wp\/v2\/product_brand?post=731779"},{"taxonomy":"product_cat","embeddable":true,"href":"https:\/\/roveyayinevi.com.tr\/index.php\/wp-json\/wp\/v2\/product_cat?post=731779"},{"taxonomy":"product_tag","embeddable":true,"href":"https:\/\/roveyayinevi.com.tr\/index.php\/wp-json\/wp\/v2\/product_tag?post=731779"}],"curies":[{"name":"wp","href":"https:\/\/api.w.org\/{rel}","templated":true}]}}