{"id":731778,"date":"2025-08-27T21:38:17","date_gmt":"2025-08-27T18:38:17","guid":{"rendered":"https:\/\/roveyayinevi.com.tr\/index.php\/urun\/istihbarat-ve-teror-oyunlari\/"},"modified":"2025-10-19T06:43:54","modified_gmt":"2025-10-19T03:43:54","slug":"istihbarat-ve-teror-oyunlari","status":"publish","type":"product","link":"https:\/\/roveyayinevi.com.tr\/index.php\/urun\/istihbarat-ve-teror-oyunlari\/","title":{"rendered":"\u0130stihbarat ve Ter\u00f6r Oyunlar\u0131"},"content":{"rendered":"<p>\u201cAcaba gizli servisler, bir\u00e7ok ki\u015finin sand\u0131\u011f\u0131 gibi, devlet i\u00e7indeki ba\u011f\u0131ms\u0131z bir g\u00fc\u00e7 oda\u011f\u0131 m\u0131d\u0131r? As\u0131l kararlar\u0131 veren ve uygulayan onlar m\u0131d\u0131r? Bu sorunun cevab\u0131 kesin bir \u201chay\u0131r\u201dd\u0131r. Bir \u00fclkede y\u00f6neten g\u00fc\u00e7 her zaman tektir ve bu, \u00e7o\u011funlukla iktidarda bulunanlar de\u011fildir. Siyasal iktidar onlar\u0131n vesayetindedir ve idare eder gibi g\u00f6r\u00fcnen kimselerden olu\u015fur. Bir \u00fclkede y\u00f6neten g\u00fcc\u00fc tespit etmek zordur. \u00c7\u00fcnk\u00fc bir\u00e7ok \u00fclkede bu g\u00fc\u00e7 \u00fclke i\u00e7inde bile de\u011fildir. D\u00fcnyadaki iki y\u00fcz civar\u0131ndaki ba\u011f\u0131ms\u0131z \u00fclkenin her birinin kendi ba\u015f\u0131na karar ald\u0131\u011f\u0131n\u0131 ve uygulad\u0131\u011f\u0131n\u0131 s\u00f6ylemek sadece safl\u0131k olur.\u201d\u201cGe\u00e7mi\u015f d\u00f6nemlerde haber alma, istihbarat servislerinin ba\u015fl\u0131ca faaliyet alan\u0131 iken zaman\u0131m\u0131zda bu servislerin as\u0131l faaliyet alan\u0131, toplum m\u00fchendisli\u011fi olarak da adland\u0131r\u0131lan, toplumlar\u0131 y\u00f6nlendirme haline d\u00f6n\u00fc\u015fm\u00fc\u015ft\u00fcr.\u201dMahir Kaynak, istihbarat\u0131n ve ter\u00f6r\u00fcn yeni y\u00fczy\u0131l\u0131 nas\u0131l \u015fekillendirece\u011fi \u00fczerine zihin kurcalay\u0131c\u0131 analizlerini bu kitapta okurlar\u0131yla payla\u015f\u0131yor.<\/p>\n","protected":false},"excerpt":{"rendered":"<p>\u201cAcaba gizli servisler, bir\u00e7ok ki\u015finin sand\u0131\u011f\u0131 gibi, devlet i\u00e7indeki ba\u011f\u0131ms\u0131z bir g\u00fc\u00e7 oda\u011f\u0131 m\u0131d\u0131r? As\u0131l kararlar\u0131 veren ve uygulayan onlar m\u0131d\u0131r? Bu sorunun cevab\u0131 kesin bir<span class=\"excerpt-hellip\"> [\u2026]<\/span><\/p>\n","protected":false},"featured_media":0,"template":"","meta":{"_monsterinsights_skip_tracking":false,"_monsterinsights_sitenote_active":false,"_monsterinsights_sitenote_note":"","_monsterinsights_sitenote_category":0},"product_brand":[],"product_cat":[13059,12337],"product_tag":[],"class_list":{"0":"post-731778","1":"product","2":"type-product","3":"status-publish","5":"product_cat-diger-politika-siyaset","6":"product_cat-politika-siyaset","7":"pa_cilt-ciltsiz","8":"pa_tur-kitap","9":"pa_yayinevi-profil-kitap","10":"pa_yazar-mahir-kaynak","12":"first","13":"instock","14":"sale","15":"shipping-taxable","16":"purchasable","17":"product-type-simple"},"_links":{"self":[{"href":"https:\/\/roveyayinevi.com.tr\/index.php\/wp-json\/wp\/v2\/product\/731778","targetHints":{"allow":["GET"]}}],"collection":[{"href":"https:\/\/roveyayinevi.com.tr\/index.php\/wp-json\/wp\/v2\/product"}],"about":[{"href":"https:\/\/roveyayinevi.com.tr\/index.php\/wp-json\/wp\/v2\/types\/product"}],"wp:attachment":[{"href":"https:\/\/roveyayinevi.com.tr\/index.php\/wp-json\/wp\/v2\/media?parent=731778"}],"wp:term":[{"taxonomy":"product_brand","embeddable":true,"href":"https:\/\/roveyayinevi.com.tr\/index.php\/wp-json\/wp\/v2\/product_brand?post=731778"},{"taxonomy":"product_cat","embeddable":true,"href":"https:\/\/roveyayinevi.com.tr\/index.php\/wp-json\/wp\/v2\/product_cat?post=731778"},{"taxonomy":"product_tag","embeddable":true,"href":"https:\/\/roveyayinevi.com.tr\/index.php\/wp-json\/wp\/v2\/product_tag?post=731778"}],"curies":[{"name":"wp","href":"https:\/\/api.w.org\/{rel}","templated":true}]}}