{"id":731775,"date":"2025-08-27T21:38:14","date_gmt":"2025-08-27T18:38:14","guid":{"rendered":"https:\/\/roveyayinevi.com.tr\/index.php\/urun\/kahve-sogumadan-once\/"},"modified":"2026-04-16T02:39:46","modified_gmt":"2026-04-15T23:39:46","slug":"kahve-sogumadan-once","status":"publish","type":"product","link":"https:\/\/roveyayinevi.com.tr\/index.php\/urun\/kahve-sogumadan-once\/","title":{"rendered":"Kahve So\u011fumadan \u00d6nce"},"content":{"rendered":"<p>Zamanda yolculuk edebilseydiniz neyi de\u011fi\u015ftirirdiniz?Kimi son bir kez g\u00f6rmek isterdiniz?Tokyo\u2019nun ara sokaklar\u0131ndan birinde, ziyaret\u00e7ilerine \u00f6zenle demlenen kahvelerini sunan y\u00fcz y\u0131ll\u0131k bir kafe bulunur. Y\u0131l\u0131n en s\u0131cak g\u00fcn\u00fcnde bile serin kalmay\u0131 ba\u015faran, yaln\u0131zca dikkatli g\u00f6zlerin se\u00e7ebilece\u011fi, bodrum kat\u0131ndaki k\u00fc\u00e7\u00fck bir kafe&#8230; \u00d6yle k\u00fc\u00e7\u00fck ki \u00fc\u00e7 masa ve alt\u0131 sandalye ile mek\u00e2n ba\u015ftan ba\u015fa doluyor. Duvarda ise her biri ayr\u0131 bir zaman\u0131 g\u00f6steren \u00fc\u00e7 saat as\u0131l\u0131. Etraf\u0131n\u0131za bak\u0131nd\u0131\u011f\u0131n\u0131zda en hafif tabirle \u201cs\u0131radan\u201d olarak niteleyece\u011finiz bu yerin kolayl\u0131kla tahmin edilemeyecek bir hizmeti daha var: Zamanda yolculuk.Ancak bu, o kadar da kolay de\u011fil. \u00d6ncelikle belli bir sandalyeye oturman\u0131z gerekiyor ki o, g\u00fcnde sadece bir kez masadan uzakla\u015f\u0131p k\u0131sa s\u00fcre sonra geri d\u00f6nen bir hayalete rezerve edilmi\u015f durumda. E\u011fer oturmay\u0131 ba\u015far\u0131rsan\u0131z s\u00fcreniz dolana kadar sandalyeden kalkamaz, kafeyi terk edemezsiniz. Bir kez daha g\u00f6rmeyi \u00fcmit etti\u011finiz ki\u015finin daha \u00f6nce bu kafeyi ziyaret etmi\u015f olmas\u0131 gereklili\u011fi ve ge\u00e7mi\u015f ya da gelece\u011fi asla de\u011fi\u015ftiremeyece\u011finiz ger\u00e7e\u011fi de cabas\u0131&#8230; Ama hepsinden \u00f6nemlisi, kahve so\u011fumadan \u00f6nce geri d\u00f6nmek zorunda olu\u015funuz.Ne ge\u00e7mi\u015fe ne de bug\u00fcne ait olan bir hayalete d\u00f6n\u00fc\u015fmek istemiyorsan\u0131z duvardaki antika saatlerin sesine kulak verin: \u201cTik-tak, tik-tak, kahve birazdan so\u011fuyacak!\u201d<\/p>\n","protected":false},"excerpt":{"rendered":"<p>Zamanda yolculuk edebilseydiniz neyi de\u011fi\u015ftirirdiniz?Kimi son bir kez g\u00f6rmek isterdiniz?Tokyo\u2019nun ara sokaklar\u0131ndan birinde, ziyaret\u00e7ilerine \u00f6zenle demlenen kahvelerini sunan y\u00fcz y\u0131ll\u0131k bir kafe bulunur. Y\u0131l\u0131n en s\u0131cak<span class=\"excerpt-hellip\"> [\u2026]<\/span><\/p>\n","protected":false},"featured_media":0,"template":"","meta":{"_monsterinsights_skip_tracking":false,"_monsterinsights_sitenote_active":false,"_monsterinsights_sitenote_note":"","_monsterinsights_sitenote_category":0},"product_brand":[],"product_cat":[12291,12711],"product_tag":[],"class_list":{"0":"post-731775","1":"product","2":"type-product","3":"status-publish","5":"product_cat-edebiyat","6":"product_cat-roman-oyku","7":"pa_cilt-ciltsiz","8":"pa_tur-kitap","9":"pa_yayinevi-epsilon-yayinlari","10":"pa_yazar-toshikazu-kawaguchi","12":"first","13":"instock","14":"sale","15":"shipping-taxable","16":"purchasable","17":"product-type-simple"},"_links":{"self":[{"href":"https:\/\/roveyayinevi.com.tr\/index.php\/wp-json\/wp\/v2\/product\/731775","targetHints":{"allow":["GET"]}}],"collection":[{"href":"https:\/\/roveyayinevi.com.tr\/index.php\/wp-json\/wp\/v2\/product"}],"about":[{"href":"https:\/\/roveyayinevi.com.tr\/index.php\/wp-json\/wp\/v2\/types\/product"}],"wp:attachment":[{"href":"https:\/\/roveyayinevi.com.tr\/index.php\/wp-json\/wp\/v2\/media?parent=731775"}],"wp:term":[{"taxonomy":"product_brand","embeddable":true,"href":"https:\/\/roveyayinevi.com.tr\/index.php\/wp-json\/wp\/v2\/product_brand?post=731775"},{"taxonomy":"product_cat","embeddable":true,"href":"https:\/\/roveyayinevi.com.tr\/index.php\/wp-json\/wp\/v2\/product_cat?post=731775"},{"taxonomy":"product_tag","embeddable":true,"href":"https:\/\/roveyayinevi.com.tr\/index.php\/wp-json\/wp\/v2\/product_tag?post=731775"}],"curies":[{"name":"wp","href":"https:\/\/api.w.org\/{rel}","templated":true}]}}