{"id":731774,"date":"2025-08-27T21:38:13","date_gmt":"2025-08-27T18:38:13","guid":{"rendered":"https:\/\/roveyayinevi.com.tr\/index.php\/urun\/bilim-iletisimi\/"},"modified":"2026-04-16T02:39:46","modified_gmt":"2026-04-15T23:39:46","slug":"bilim-iletisimi","status":"publish","type":"product","link":"https:\/\/roveyayinevi.com.tr\/index.php\/urun\/bilim-iletisimi\/","title":{"rendered":"Bilim \u0130leti\u015fimi"},"content":{"rendered":"<p>Bilim ileti\u015fimi, bilimin, bilimsel bilginin \u00fcretim merkezi olarak nitelendirilen bilimsel cemaatler\/yap\u0131lar ile \u00fcretilen bilginin t\u00fcketim merkezi olarak nitelendirilen kamusal topluluklar\/kitleler aras\u0131nda \u201c\u00fcretim ve t\u00fcketim\u201d ya da  etki\/tepki \u015feklinde kurulmu\u015f tek y\u00f6nl\u00fc ve sorunlu ileti\u015fim ak\u0131\u015f\u0131n\u0131 etkile\u015fimli, kat\u0131l\u0131mc\u0131, kapsay\u0131c\u0131, e\u015fitlik\u00e7i ve demokratik k\u0131lmaya \u00e7al\u0131\u015fan bir \u00e7al\u0131\u015fma  alan\u0131 olarak son otuz y\u0131ldaki geli\u015fimiyle g\u00fcndelik ya\u015famda  da yer etmi\u015ftir. Bilim ileti\u015fimi kitab\u0131, tam bu ba\u011flamda, ya\u015fama ve d\u00fcnyaya dair bilgi kurucu ve geni\u015fletici bir etkinlik olarak bilimsel s\u00fcre\u00e7lerin ve bilim  insanlar\u0131n\u0131n, kendi i\u00e7inde ve kendi d\u0131\u015f\u0131nda olan kamularla olan etkile\u015fimini sergilemeyi  ama\u00e7layan kolektif bir \u00e7al\u0131\u015fma olarak kotar\u0131lm\u0131\u015ft\u0131r. Bu kitapta bilimsel etkinli\u011fin  ne oldu\u011fu, nas\u0131l yap\u0131ld\u0131\u011f\u0131, kimlere y\u00f6nelik  oldu\u011fu bilim politikalar\u0131n\u0131n sonu\u00e7lar\u0131, bilimin pop\u00fclerle\u015fmesinin dinamikleri ve etkileri ele\u015ftirel bir sorgulamaya al\u0131nmaktad\u0131r. Bilim ileti\u015fiminin temel akt\u00f6rleri olan bilim insanlar\u0131 ve bilim kurumlar\u0131, karar vericiler ve politika yap\u0131c\u0131lar, kitle medyas\u0131 ve dijital medya ve elbette farkl\u0131 toplumsal kesimler aras\u0131ndaki ili\u015fkiler, her bir yaz\u0131da  farkl\u0131 y\u00f6nlere odaklan\u0131larak g\u00f6zden ge\u00e7irilmektedir. Bilim ileti\u015fiminin, sadece bilim  teknoloji ve yeniliklerin topluma benimsetilmesini sa\u011flayacak bir s\u00fcre\u00e7 olarak g\u00f6r\u00fclmemesine y\u00f6nelik hemen her yaz\u0131da yer alan vurgular, bu s\u00fcrecin daha da iyile\u015ftirilmesi ve geli\u015ftirilmesi ad\u0131na s\u00f6z konusu akt\u00f6rlere d\u00fc\u015fen paylar\u0131 da tart\u0131\u015fmaya a\u00e7maktad\u0131r. Bilim ileti\u015fimi kitab\u0131nda, b\u00fct\u00fcn\u00fcyle kapitalizmin ama\u00e7lar\u0131na hizmet etmeyen, tam tersine onun a\u015f\u0131labilmesine olanak sa\u011flayacak bir bilim ileti\u015fiminin ipu\u00e7lar\u0131 da yer almaktad\u0131r. <\/p>\n","protected":false},"excerpt":{"rendered":"<p>Bilim ileti\u015fimi, bilimin, bilimsel bilginin \u00fcretim merkezi olarak nitelendirilen bilimsel cemaatler\/yap\u0131lar ile \u00fcretilen bilginin t\u00fcketim merkezi olarak nitelendirilen kamusal topluluklar\/kitleler aras\u0131nda \u201c\u00fcretim ve t\u00fcketim\u201d ya da<span class=\"excerpt-hellip\"> [\u2026]<\/span><\/p>\n","protected":false},"featured_media":0,"template":"","meta":{"_monsterinsights_skip_tracking":false,"_monsterinsights_sitenote_active":false,"_monsterinsights_sitenote_note":"","_monsterinsights_sitenote_category":0},"product_brand":[],"product_cat":[15983,13488],"product_tag":[],"class_list":{"0":"post-731774","1":"product","2":"type-product","3":"status-publish","5":"product_cat-iletisim-ve-medya","6":"product_cat-toplum-ve-insan","7":"pa_cilt-ciltsiz","8":"pa_tur-kitap","9":"pa_yayinevi-siyasal-kitabevi-akademik-kitaplar","10":"pa_yazar-siyasal-kitabevi-kolektif","12":"first","13":"instock","14":"sale","15":"shipping-taxable","16":"purchasable","17":"product-type-simple"},"_links":{"self":[{"href":"https:\/\/roveyayinevi.com.tr\/index.php\/wp-json\/wp\/v2\/product\/731774","targetHints":{"allow":["GET"]}}],"collection":[{"href":"https:\/\/roveyayinevi.com.tr\/index.php\/wp-json\/wp\/v2\/product"}],"about":[{"href":"https:\/\/roveyayinevi.com.tr\/index.php\/wp-json\/wp\/v2\/types\/product"}],"wp:attachment":[{"href":"https:\/\/roveyayinevi.com.tr\/index.php\/wp-json\/wp\/v2\/media?parent=731774"}],"wp:term":[{"taxonomy":"product_brand","embeddable":true,"href":"https:\/\/roveyayinevi.com.tr\/index.php\/wp-json\/wp\/v2\/product_brand?post=731774"},{"taxonomy":"product_cat","embeddable":true,"href":"https:\/\/roveyayinevi.com.tr\/index.php\/wp-json\/wp\/v2\/product_cat?post=731774"},{"taxonomy":"product_tag","embeddable":true,"href":"https:\/\/roveyayinevi.com.tr\/index.php\/wp-json\/wp\/v2\/product_tag?post=731774"}],"curies":[{"name":"wp","href":"https:\/\/api.w.org\/{rel}","templated":true}]}}