{"id":731773,"date":"2025-08-27T21:38:12","date_gmt":"2025-08-27T18:38:12","guid":{"rendered":"https:\/\/roveyayinevi.com.tr\/index.php\/urun\/arkadasim-golge\/"},"modified":"2026-04-16T02:39:46","modified_gmt":"2026-04-15T23:39:46","slug":"arkadasim-golge","status":"publish","type":"product","link":"https:\/\/roveyayinevi.com.tr\/index.php\/urun\/arkadasim-golge\/","title":{"rendered":"Arkada\u015f\u0131m G\u00f6lge"},"content":{"rendered":"<p>Ediz bir g\u00fcn etraf\u0131nda, kendisi gibi hareketli ve yapt\u0131klar\u0131n\u0131 taklit eden bir \u015fey fark eder. Uzayan, k\u0131salan ve di\u011fer herkeste de olan bir \u015fey: Bir g\u00f6lge\u2026 Hadi, Ediz\u2019in kendi g\u00f6lgesini tan\u0131rken di\u011fer g\u00f6lgeleri de ke\u015ffetti\u011fi bu e\u011flenceli \u00f6yk\u00fcye sen de e\u015flik et! Bir \u00e7ocu\u011fun g\u00f6lgelerle olan maceras\u0131n\u0131 konu alan \u00f6yk\u00fcm\u00fcz, farkl\u0131l\u0131klar\u0131 ve bir b\u00fct\u00fcn\u00fcn par\u00e7as\u0131 olmay\u0131 yal\u0131n bir dil ve reng\u00e2renk resimlerle anlat\u0131yor.<\/p>\n","protected":false},"excerpt":{"rendered":"<p>Ediz bir g\u00fcn etraf\u0131nda, kendisi gibi hareketli ve yapt\u0131klar\u0131n\u0131 taklit eden bir \u015fey fark eder. Uzayan, k\u0131salan ve di\u011fer herkeste de olan bir \u015fey: Bir g\u00f6lge\u2026<span class=\"excerpt-hellip\"> [\u2026]<\/span><\/p>\n","protected":false},"featured_media":0,"template":"","meta":{"_monsterinsights_skip_tracking":false,"_monsterinsights_sitenote_active":false,"_monsterinsights_sitenote_note":"","_monsterinsights_sitenote_category":0},"product_brand":[],"product_cat":[12913,12274],"product_tag":[],"class_list":{"0":"post-731773","1":"product","2":"type-product","3":"status-publish","5":"product_cat-3-6-yas-kitaplari","6":"product_cat-cocuk-ve-genclik-kitaplari","7":"pa_cilt-ciltsiz","8":"pa_tur-kitap","9":"pa_yayinevi-potikare-yayincilik","10":"pa_yazar-muge-halac","12":"first","13":"instock","14":"sale","15":"shipping-taxable","16":"purchasable","17":"product-type-simple"},"_links":{"self":[{"href":"https:\/\/roveyayinevi.com.tr\/index.php\/wp-json\/wp\/v2\/product\/731773","targetHints":{"allow":["GET"]}}],"collection":[{"href":"https:\/\/roveyayinevi.com.tr\/index.php\/wp-json\/wp\/v2\/product"}],"about":[{"href":"https:\/\/roveyayinevi.com.tr\/index.php\/wp-json\/wp\/v2\/types\/product"}],"wp:attachment":[{"href":"https:\/\/roveyayinevi.com.tr\/index.php\/wp-json\/wp\/v2\/media?parent=731773"}],"wp:term":[{"taxonomy":"product_brand","embeddable":true,"href":"https:\/\/roveyayinevi.com.tr\/index.php\/wp-json\/wp\/v2\/product_brand?post=731773"},{"taxonomy":"product_cat","embeddable":true,"href":"https:\/\/roveyayinevi.com.tr\/index.php\/wp-json\/wp\/v2\/product_cat?post=731773"},{"taxonomy":"product_tag","embeddable":true,"href":"https:\/\/roveyayinevi.com.tr\/index.php\/wp-json\/wp\/v2\/product_tag?post=731773"}],"curies":[{"name":"wp","href":"https:\/\/api.w.org\/{rel}","templated":true}]}}