{"id":731772,"date":"2025-08-27T21:38:11","date_gmt":"2025-08-27T18:38:11","guid":{"rendered":"https:\/\/roveyayinevi.com.tr\/index.php\/urun\/medreselesen-universiteler-mollalasan-akademisyenler\/"},"modified":"2026-04-16T02:39:46","modified_gmt":"2026-04-15T23:39:46","slug":"medreselesen-universiteler-mollalasan-akademisyenler","status":"publish","type":"product","link":"https:\/\/roveyayinevi.com.tr\/index.php\/urun\/medreselesen-universiteler-mollalasan-akademisyenler\/","title":{"rendered":"Medresele\u015fen \u00dcniversiteler Mollala\u015fan Akademisyenler"},"content":{"rendered":"<p>Osman \u0130nci \u201cMedresele\u015fen \u00dcniversiteler Mollala\u015fan Akademisyenler\u201d kitab\u0131nda, \u00e7a\u011fda\u015fla\u015fman\u0131n, ayd\u0131nlanman\u0131n, korumac\u0131l\u0131\u011f\u0131n, tutumlulu\u011fun, bilene ve bilgiye sayg\u0131n\u0131n, cehaletle m\u00fccadelenin ya\u015famsal \u00f6neme sahip oldu\u011funu vurgularken, \u201cEski T\u00fcrkiye\u201d \u00fcniversiteleri ile \u201cYeni T\u00fcrkiye\u201d \u00fcniversitelerini kar\u015f\u0131la\u015ft\u0131r\u0131yor.<\/p>\n","protected":false},"excerpt":{"rendered":"<p>Osman \u0130nci \u201cMedresele\u015fen \u00dcniversiteler Mollala\u015fan Akademisyenler\u201d kitab\u0131nda, \u00e7a\u011fda\u015fla\u015fman\u0131n, ayd\u0131nlanman\u0131n, korumac\u0131l\u0131\u011f\u0131n, tutumlulu\u011fun, bilene ve bilgiye sayg\u0131n\u0131n, cehaletle m\u00fccadelenin ya\u015famsal \u00f6neme sahip oldu\u011funu vurgularken, \u201cEski T\u00fcrkiye\u201d \u00fcniversiteleri ile<span class=\"excerpt-hellip\"> [\u2026]<\/span><\/p>\n","protected":false},"featured_media":0,"template":"","meta":{"_monsterinsights_skip_tracking":false,"_monsterinsights_sitenote_active":false,"_monsterinsights_sitenote_note":"","_monsterinsights_sitenote_category":0},"product_brand":[],"product_cat":[12370,12304],"product_tag":[],"class_list":{"0":"post-731772","1":"product","2":"type-product","3":"status-publish","5":"product_cat-arastirma-inceleme","6":"product_cat-tarih","7":"pa_cilt-ciltsiz","8":"pa_tur-kitap","9":"pa_yayinevi-cumhuriyet-kitaplari","10":"pa_yazar-osman-inci","12":"first","13":"instock","14":"sale","15":"shipping-taxable","16":"purchasable","17":"product-type-simple"},"_links":{"self":[{"href":"https:\/\/roveyayinevi.com.tr\/index.php\/wp-json\/wp\/v2\/product\/731772","targetHints":{"allow":["GET"]}}],"collection":[{"href":"https:\/\/roveyayinevi.com.tr\/index.php\/wp-json\/wp\/v2\/product"}],"about":[{"href":"https:\/\/roveyayinevi.com.tr\/index.php\/wp-json\/wp\/v2\/types\/product"}],"wp:attachment":[{"href":"https:\/\/roveyayinevi.com.tr\/index.php\/wp-json\/wp\/v2\/media?parent=731772"}],"wp:term":[{"taxonomy":"product_brand","embeddable":true,"href":"https:\/\/roveyayinevi.com.tr\/index.php\/wp-json\/wp\/v2\/product_brand?post=731772"},{"taxonomy":"product_cat","embeddable":true,"href":"https:\/\/roveyayinevi.com.tr\/index.php\/wp-json\/wp\/v2\/product_cat?post=731772"},{"taxonomy":"product_tag","embeddable":true,"href":"https:\/\/roveyayinevi.com.tr\/index.php\/wp-json\/wp\/v2\/product_tag?post=731772"}],"curies":[{"name":"wp","href":"https:\/\/api.w.org\/{rel}","templated":true}]}}