{"id":731770,"date":"2025-08-27T21:38:09","date_gmt":"2025-08-27T18:38:09","guid":{"rendered":"https:\/\/roveyayinevi.com.tr\/index.php\/urun\/canim-aya-gitmek-istiyor\/"},"modified":"2026-04-13T02:48:33","modified_gmt":"2026-04-12T23:48:33","slug":"canim-aya-gitmek-istiyor","status":"publish","type":"product","link":"https:\/\/roveyayinevi.com.tr\/index.php\/urun\/canim-aya-gitmek-istiyor\/","title":{"rendered":"Can\u0131m Ay\u2019a Gitmek \u0130stiyor!"},"content":{"rendered":"<p>Can, Ay&#8217;\u0131 \u00f6yle seviyor ki onu yakalamak istiyor!\u0130yi ama bunu nas\u0131l yapacak dersiniz?Peki ya siz Ay&#8217;a ula\u015fabilir misiniz?<\/p>\n","protected":false},"excerpt":{"rendered":"<p>Can, Ay&#8217;\u0131 \u00f6yle seviyor ki onu yakalamak istiyor!\u0130yi ama bunu nas\u0131l yapacak dersiniz?Peki ya siz Ay&#8217;a ula\u015fabilir misiniz?<\/p>\n","protected":false},"featured_media":0,"template":"","meta":{"_monsterinsights_skip_tracking":false,"_monsterinsights_sitenote_active":false,"_monsterinsights_sitenote_note":"","_monsterinsights_sitenote_category":0},"product_brand":[],"product_cat":[12274,12284],"product_tag":[],"class_list":{"0":"post-731770","1":"product","2":"type-product","3":"status-publish","5":"product_cat-cocuk-ve-genclik-kitaplari","6":"product_cat-hikayeler","7":"pa_cilt-ciltsiz","8":"pa_tur-kitap","9":"pa_yayinevi-beyaz-balina-yayinlari","10":"pa_yazar-dania-florino","12":"first","13":"instock","14":"sale","15":"shipping-taxable","16":"purchasable","17":"product-type-simple"},"_links":{"self":[{"href":"https:\/\/roveyayinevi.com.tr\/index.php\/wp-json\/wp\/v2\/product\/731770","targetHints":{"allow":["GET"]}}],"collection":[{"href":"https:\/\/roveyayinevi.com.tr\/index.php\/wp-json\/wp\/v2\/product"}],"about":[{"href":"https:\/\/roveyayinevi.com.tr\/index.php\/wp-json\/wp\/v2\/types\/product"}],"wp:attachment":[{"href":"https:\/\/roveyayinevi.com.tr\/index.php\/wp-json\/wp\/v2\/media?parent=731770"}],"wp:term":[{"taxonomy":"product_brand","embeddable":true,"href":"https:\/\/roveyayinevi.com.tr\/index.php\/wp-json\/wp\/v2\/product_brand?post=731770"},{"taxonomy":"product_cat","embeddable":true,"href":"https:\/\/roveyayinevi.com.tr\/index.php\/wp-json\/wp\/v2\/product_cat?post=731770"},{"taxonomy":"product_tag","embeddable":true,"href":"https:\/\/roveyayinevi.com.tr\/index.php\/wp-json\/wp\/v2\/product_tag?post=731770"}],"curies":[{"name":"wp","href":"https:\/\/api.w.org\/{rel}","templated":true}]}}