{"id":731767,"date":"2025-08-27T21:38:06","date_gmt":"2025-08-27T18:38:06","guid":{"rendered":"https:\/\/roveyayinevi.com.tr\/index.php\/urun\/karikatur-kitabi-2-yasasin-cocuklar\/"},"modified":"2026-04-16T02:39:46","modified_gmt":"2026-04-15T23:39:46","slug":"karikatur-kitabi-2-yasasin-cocuklar","status":"publish","type":"product","link":"https:\/\/roveyayinevi.com.tr\/index.php\/urun\/karikatur-kitabi-2-yasasin-cocuklar\/","title":{"rendered":"Karikat\u00fcr Kitab\u0131 2 &#8211; Ya\u015fas\u0131n \u00c7ocuklar!"},"content":{"rendered":"<p>Dikkat, \u015fehirde \u00e7ocuk var!Karikat\u00fcrist, yazar Behi\u00e7 Ak, 40 y\u0131ll\u0131k benzersiz karikat\u00fcr verimini yeni bir alb\u00fcmle ta\u00e7land\u0131r\u0131yor. Her ya\u015ftan okura \u00e7ocuk ne\u015fesini ve bilgeli\u011fini ta\u015f\u0131yan ikinci &#8220;Karikat\u00fcr Kitab\u0131&#8221;nda, g\u00fcn\u00fcm\u00fcz d\u00fcnyas\u0131n\u0131 \u00e7ocuklar\u0131n g\u00f6z\u00fcnden yorumlayan 143 karikat\u00fcr yer al\u0131yor. \u00c7evre duyarl\u0131\u011f\u0131ndan pandeminin zorlu ko\u015fullar\u0131na, okul ya\u015fam\u0131ndan gelecek kayg\u0131s\u0131na pek \u00e7ok temada mizahla felsefeyi harmanlayan karikat\u00fcrler \u00e7ocuklara taptaze sorular, yeni d\u00fc\u015f\u00fcnme yollar\u0131 sunuyor. &#8220;\u00c7ocuklarla b\u00fcy\u00fckler aras\u0131ndaki fark\u0131 kald\u0131ran karikat\u00fcrler&#8221; \u00e7izdi\u011fini s\u00f6yleyen sanat\u00e7\u0131, \u00e7ocuklar\u0131n bir\u00e7ok konuyu b\u00fcy\u00fcklerden daha iyi anlad\u0131\u011f\u0131na dikkat \u00e7ekiyor. T\u00fcrkiye&#8217;nin 2022 Hans Christian Andersen \u00d6d\u00fcl\u00fc &#8220;yazar&#8221; aday\u0131 olan Behi\u00e7 Ak&#8217;tan felsefi okumalara g\u00f6z k\u0131rpan \u00f6zel bir se\u00e7ki!Behi\u00e7 Ak&#8217;\u0131n kitaptaki &#8220;\u00d6ns\u00f6z yerine\u2026&#8221; ba\u015fl\u0131kl\u0131 sunu\u015f yaz\u0131s\u0131ndan: Koms\u0327um gec\u0327enlerde, &#8216;C\u0327ocuklug\u0306umda kaybettig\u0306im bilyelerimi y\u0131llarca arad\u0131m bulamad\u0131m,&#8217; dedi. &#8216;Ta ki, c\u0327ocug\u0306um onlar\u0131 bulana kadar.&#8217; Deminden beri merak ettig\u0306ini so\u0308yledig\u0306in, kaybettig\u0306imiz sorular da c\u0327oktan bulundu. Hem de, merakl\u0131 c\u0327ocuklar\u0131m\u0131z taraf\u0131ndan. Onlar s\u0327imdi c\u0327ocuklar\u0131m\u0131z\u0131n zihninde&#8230; Yan\u0131na yenilerini de eklediler u\u0308stelik. I\u0307stersek kavus\u0327abiliriz onlara, yeter ki izin verelim, c\u0327ocuklar\u0131m\u0131z\u0131n soru sormas\u0131na&#8230;&#8221;<\/p>\n","protected":false},"excerpt":{"rendered":"<p>Dikkat, \u015fehirde \u00e7ocuk var!Karikat\u00fcrist, yazar Behi\u00e7 Ak, 40 y\u0131ll\u0131k benzersiz karikat\u00fcr verimini yeni bir alb\u00fcmle ta\u00e7land\u0131r\u0131yor. Her ya\u015ftan okura \u00e7ocuk ne\u015fesini ve bilgeli\u011fini ta\u015f\u0131yan ikinci &#8220;Karikat\u00fcr<span class=\"excerpt-hellip\"> [\u2026]<\/span><\/p>\n","protected":false},"featured_media":0,"template":"","meta":{"_monsterinsights_skip_tracking":false,"_monsterinsights_sitenote_active":false,"_monsterinsights_sitenote_note":"","_monsterinsights_sitenote_category":0},"product_brand":[],"product_cat":[12689,12274],"product_tag":[],"class_list":{"0":"post-731767","1":"product","2":"type-product","3":"status-publish","5":"product_cat-cizgi-roman-cocuk-ve-genclik-kitaplari","6":"product_cat-cocuk-ve-genclik-kitaplari","7":"pa_cilt-ciltsiz","8":"pa_tur-kitap","9":"pa_yayinevi-gunisigi-kitapligi","10":"pa_yazar-behic-ak","12":"first","13":"instock","14":"sale","15":"shipping-taxable","16":"purchasable","17":"product-type-simple"},"_links":{"self":[{"href":"https:\/\/roveyayinevi.com.tr\/index.php\/wp-json\/wp\/v2\/product\/731767","targetHints":{"allow":["GET"]}}],"collection":[{"href":"https:\/\/roveyayinevi.com.tr\/index.php\/wp-json\/wp\/v2\/product"}],"about":[{"href":"https:\/\/roveyayinevi.com.tr\/index.php\/wp-json\/wp\/v2\/types\/product"}],"wp:attachment":[{"href":"https:\/\/roveyayinevi.com.tr\/index.php\/wp-json\/wp\/v2\/media?parent=731767"}],"wp:term":[{"taxonomy":"product_brand","embeddable":true,"href":"https:\/\/roveyayinevi.com.tr\/index.php\/wp-json\/wp\/v2\/product_brand?post=731767"},{"taxonomy":"product_cat","embeddable":true,"href":"https:\/\/roveyayinevi.com.tr\/index.php\/wp-json\/wp\/v2\/product_cat?post=731767"},{"taxonomy":"product_tag","embeddable":true,"href":"https:\/\/roveyayinevi.com.tr\/index.php\/wp-json\/wp\/v2\/product_tag?post=731767"}],"curies":[{"name":"wp","href":"https:\/\/api.w.org\/{rel}","templated":true}]}}