{"id":731765,"date":"2025-08-27T21:38:04","date_gmt":"2025-08-27T18:38:04","guid":{"rendered":"https:\/\/roveyayinevi.com.tr\/index.php\/urun\/samanin-ritmi-1-kitap\/"},"modified":"2026-04-16T02:39:46","modified_gmt":"2026-04-15T23:39:46","slug":"samanin-ritmi-1-kitap","status":"publish","type":"product","link":"https:\/\/roveyayinevi.com.tr\/index.php\/urun\/samanin-ritmi-1-kitap\/","title":{"rendered":"\u015eaman\u0131n Ritmi (1. Kitap)"},"content":{"rendered":"<p>\u015eaman Dinine g\u00f6re t\u00fcm evrenin, insan\u0131n bedeninde atan nabz\u0131n h\u0131z\u0131nda bir ritmi vard\u0131r. Ve bu ritim, t\u00fcm evren ile birlikte d\u00fcnyan\u0131n ve onun \u00fczerinde ya\u015fayan canl\u0131; bize cans\u0131zm\u0131\u015f gibi g\u00f6r\u00fcnen ama t\u0131pk\u0131 bizler gibi bir ruha sahip olan t\u00fcm varl\u0131klar\u0131n ya\u015fam ritmidir.Ata Ruhlar\u0131 taraf\u0131ndan se\u00e7ilen bir insan, Kam veya Utkun olarak geri kalan hayat\u0131n\u0131 ya\u015famay\u0131 kabul etti\u011fi anda Eerenlerinin ona ilk g\u00f6sterdikleri: B\u00fct\u00fcn g\u00f6\u011f\u00fcn, ufuk \u00e7izgisi boyunca atan bir nab\u0131z gibi Yer-Suyun \u00fczerine nas\u0131l yay\u0131ld\u0131\u011f\u0131d\u0131r.O andan itibaren \u00dc\u00e7 \u00c2lemin Eerenleriyle bir olan Kam veya Utkun, t\u00fcm Kamlamalar\u0131nda T\u00fcng\u00fcr\u00fcyle bu ritme e\u015f g\u00fcd\u00fcml\u00fc bir ritim tutturur \u00e7\u00fcnk\u00fc ancak bu sayede maddenin kat\u0131 ger\u00e7ekli\u011finden bir nefes gibi s\u0131yr\u0131larak, \u0130yelere ait olan \u00dc\u00e7 \u00c2lemin kap\u0131lar\u0131ndan ge\u00e7ebilece\u011fini bilir.\u015eaman Dininin felsefesini ve bu dinin \u00fczerinde y\u00fckseldi\u011fi kaideyi meydana getiren unsurlar\u0131n\u0131 ve bir Kam veya Utkunun ruhunun nas\u0131l temellendi\u011fini anlatt\u0131\u011f\u0131m ilk kitab\u0131m\u0131n ard\u0131ndan, bu kitab\u0131mda Kamlama esnas\u0131nda kullan\u0131lan ara\u00e7 gere\u00e7ler ile birlikte onlar\u0131n \u00fczerindeki obje ve \u015fekillerin neler oldu\u011funu anlamlar\u0131 ile birlikte yaz\u0131p, gerek saha \u00e7al\u0131\u015fmalar\u0131m esnas\u0131nda gerekse m\u00fcze ziyaretlerinde \u00e7izdi\u011fim resimlerle destekledim. Bu sayede binlerce y\u0131ll\u0131k birikimin miras\u0131 olarak \u015fekillenmi\u015f olan \u015eaman Dininin kas\u0131tl\u0131 veya kas\u0131ts\u0131z hep karanl\u0131kta b\u0131rak\u0131lan, dillendirilmekten ka\u00e7\u0131n\u0131lan hususlar\u0131n\u0131 elimden geldi\u011fi kadar ve bu konuda yaz\u0131lan kitaplardan daha farkl\u0131 bir yol takip ederek dile getirdim. Bir Utkun olarak \u00fczerime d\u00fc\u015fen bu g\u00f6revi lay\u0131k\u0131yla yerine getirmi\u015f olman\u0131n huzuruyla yoluma devam ediyorum\u2026<\/p>\n","protected":false},"excerpt":{"rendered":"<p>\u015eaman Dinine g\u00f6re t\u00fcm evrenin, insan\u0131n bedeninde atan nabz\u0131n h\u0131z\u0131nda bir ritmi vard\u0131r. Ve bu ritim, t\u00fcm evren ile birlikte d\u00fcnyan\u0131n ve onun \u00fczerinde ya\u015fayan canl\u0131;<span class=\"excerpt-hellip\"> [\u2026]<\/span><\/p>\n","protected":false},"featured_media":0,"template":"","meta":{"_monsterinsights_skip_tracking":false,"_monsterinsights_sitenote_active":false,"_monsterinsights_sitenote_note":"","_monsterinsights_sitenote_category":0},"product_brand":[],"product_cat":[19998,12388],"product_tag":[],"class_list":{"0":"post-731765","1":"product","2":"type-product","3":"status-publish","5":"product_cat-din-felsefesi","6":"product_cat-felsefe","7":"pa_cilt-ciltsiz","8":"pa_tur-kitap","9":"pa_yayinevi-vaveyla-yayincilik","10":"pa_yazar-ayasya","12":"first","13":"instock","14":"sale","15":"shipping-taxable","16":"purchasable","17":"product-type-simple"},"_links":{"self":[{"href":"https:\/\/roveyayinevi.com.tr\/index.php\/wp-json\/wp\/v2\/product\/731765","targetHints":{"allow":["GET"]}}],"collection":[{"href":"https:\/\/roveyayinevi.com.tr\/index.php\/wp-json\/wp\/v2\/product"}],"about":[{"href":"https:\/\/roveyayinevi.com.tr\/index.php\/wp-json\/wp\/v2\/types\/product"}],"wp:attachment":[{"href":"https:\/\/roveyayinevi.com.tr\/index.php\/wp-json\/wp\/v2\/media?parent=731765"}],"wp:term":[{"taxonomy":"product_brand","embeddable":true,"href":"https:\/\/roveyayinevi.com.tr\/index.php\/wp-json\/wp\/v2\/product_brand?post=731765"},{"taxonomy":"product_cat","embeddable":true,"href":"https:\/\/roveyayinevi.com.tr\/index.php\/wp-json\/wp\/v2\/product_cat?post=731765"},{"taxonomy":"product_tag","embeddable":true,"href":"https:\/\/roveyayinevi.com.tr\/index.php\/wp-json\/wp\/v2\/product_tag?post=731765"}],"curies":[{"name":"wp","href":"https:\/\/api.w.org\/{rel}","templated":true}]}}