{"id":731764,"date":"2025-08-27T21:38:03","date_gmt":"2025-08-27T18:38:03","guid":{"rendered":"https:\/\/roveyayinevi.com.tr\/index.php\/urun\/kirik-camlar-gecesi\/"},"modified":"2026-04-16T02:39:46","modified_gmt":"2026-04-15T23:39:46","slug":"kirik-camlar-gecesi","status":"publish","type":"product","link":"https:\/\/roveyayinevi.com.tr\/index.php\/urun\/kirik-camlar-gecesi\/","title":{"rendered":"K\u0131r\u0131k Camlar Gecesi"},"content":{"rendered":"<p>Yak\u0131n tarihin en ac\u0131mas\u0131z ve kanl\u0131 olaylar\u0131 Nazi Almanya\u2019s\u0131nda ger\u00e7ekle\u015fiyordu. Milyonlarca insan\u0131n \u00f6ld\u00fc\u011f\u00fc II. D\u00fcnya Sava\u015f\u0131\u2019n\u0131n m\u00fcsebbibi olan Hitler ve Nazi iktidar\u0131, sistematik bir \u015fekilde soyk\u0131r\u0131m uyguluyordu. Kurulan onlarca imha kamp\u0131nda insanlar, t\u00fcrl\u00fc i\u015fkencelere maruz kal\u0131yor ve ac\u0131mas\u0131zca katlediliyorlard\u0131. Bu kamplarda san\u0131lan\u0131n aksine sadece Yahudilere uygulanan bir katliam olmam\u0131\u015ft\u0131. Alman i\u015fgalinin ger\u00e7ekle\u015fti\u011fi topraklarda yakalanan ve sava\u015flarda esir d\u00fc\u015fen her milletten insan ile muhalif Alman vatanda\u015flar\u0131 da vard\u0131. Bu insanlara uygulanan yapt\u0131r\u0131mlar tamamen insanl\u0131k d\u0131\u015f\u0131 uygulamalard\u0131. \u00c7o\u011funun ak\u0131beti \u00f6l\u00fcmle neticelenmi\u015fti. \u0130\u015fte bu zulm\u00fc ya\u015fayan insanlar aras\u0131nda T\u00fcrklerin de oldu\u011funu biliyor muydunuz?Eser, \u00e7e\u015fitli sebeplerden dolay\u0131 Avrupa\u2019da bulunan T\u00fcrk vatanda\u015flar\u0131n\u0131n, Nazi zulm\u00fcne maruz kal\u0131\u015flar\u0131n\u0131 ve toplama kamplar\u0131nda \u00e7ektikleri \u00e7ileleri hat\u0131rlatmak i\u00e7in kaleme al\u0131nm\u0131\u015ft\u0131r. Olaylar\u0131n ge\u00e7ti\u011fi Dachau Kamp\u0131\u2019nda \u00f6ld\u00fcr\u00fclen 45 bin insan aras\u0131nda bulunan 23 T\u00fcrk vatanda\u015f\u0131n\u0131n ac\u0131 hat\u0131ras\u0131n\u0131 ya\u015fatmak amac\u0131yla yaz\u0131lan bu roman\u0131 okurken kan\u0131n\u0131z\u0131n dondu\u011funu hissedeceksiniz.<\/p>\n","protected":false},"excerpt":{"rendered":"<p>Yak\u0131n tarihin en ac\u0131mas\u0131z ve kanl\u0131 olaylar\u0131 Nazi Almanya\u2019s\u0131nda ger\u00e7ekle\u015fiyordu. Milyonlarca insan\u0131n \u00f6ld\u00fc\u011f\u00fc II. D\u00fcnya Sava\u015f\u0131\u2019n\u0131n m\u00fcsebbibi olan Hitler ve Nazi iktidar\u0131, sistematik bir \u015fekilde soyk\u0131r\u0131m<span class=\"excerpt-hellip\"> [\u2026]<\/span><\/p>\n","protected":false},"featured_media":0,"template":"","meta":{"_monsterinsights_skip_tracking":false,"_monsterinsights_sitenote_active":false,"_monsterinsights_sitenote_note":"","_monsterinsights_sitenote_category":0},"product_brand":[],"product_cat":[12291,12745],"product_tag":[],"class_list":{"0":"post-731764","1":"product","2":"type-product","3":"status-publish","5":"product_cat-edebiyat","6":"product_cat-tarihi-roman","7":"pa_cilt-ciltsiz","8":"pa_tur-kitap","9":"pa_yayinevi-vaveyla-yayincilik","10":"pa_yazar-zeki-marakoglu","12":"first","13":"instock","14":"sale","15":"shipping-taxable","16":"purchasable","17":"product-type-simple"},"_links":{"self":[{"href":"https:\/\/roveyayinevi.com.tr\/index.php\/wp-json\/wp\/v2\/product\/731764","targetHints":{"allow":["GET"]}}],"collection":[{"href":"https:\/\/roveyayinevi.com.tr\/index.php\/wp-json\/wp\/v2\/product"}],"about":[{"href":"https:\/\/roveyayinevi.com.tr\/index.php\/wp-json\/wp\/v2\/types\/product"}],"wp:attachment":[{"href":"https:\/\/roveyayinevi.com.tr\/index.php\/wp-json\/wp\/v2\/media?parent=731764"}],"wp:term":[{"taxonomy":"product_brand","embeddable":true,"href":"https:\/\/roveyayinevi.com.tr\/index.php\/wp-json\/wp\/v2\/product_brand?post=731764"},{"taxonomy":"product_cat","embeddable":true,"href":"https:\/\/roveyayinevi.com.tr\/index.php\/wp-json\/wp\/v2\/product_cat?post=731764"},{"taxonomy":"product_tag","embeddable":true,"href":"https:\/\/roveyayinevi.com.tr\/index.php\/wp-json\/wp\/v2\/product_tag?post=731764"}],"curies":[{"name":"wp","href":"https:\/\/api.w.org\/{rel}","templated":true}]}}