{"id":731761,"date":"2025-08-27T21:38:00","date_gmt":"2025-08-27T18:38:00","guid":{"rendered":"https:\/\/roveyayinevi.com.tr\/index.php\/urun\/yalniz-bir-avcidir-yurek-ciltli\/"},"modified":"2026-04-16T02:39:46","modified_gmt":"2026-04-15T23:39:46","slug":"yalniz-bir-avcidir-yurek-ciltli","status":"publish","type":"product","link":"https:\/\/roveyayinevi.com.tr\/index.php\/urun\/yalniz-bir-avcidir-yurek-ciltli\/","title":{"rendered":"Yaln\u0131z Bir Avc\u0131d\u0131r Y\u00fcrek (Ciltli)"},"content":{"rendered":"<p>Yaln\u0131z Bir Avc\u0131d\u0131r Y\u00fcrek, Carson McCullers\u2019\u0131n otobiyografik \u00f6\u011feler ta\u015f\u0131yan ilk roman\u0131d\u0131r. Sadece karamsar bir varolu\u015f d\u00fc\u015f\u00fcncesinin yans\u0131d\u0131\u011f\u0131 derin bir duyarl\u0131\u011f\u0131n roman\u0131 de\u011fil, yaz\u0131ya ge\u00e7irilmi\u015f i\u00e7li ve tedirgin bir m\u00fczik par\u00e7as\u0131d\u0131r. 1930\u2019lu y\u0131llarda ABD\u2019nin k\u00fc\u00e7\u00fck ve kasvetli bir G\u00fcney kasabas\u0131nda ya\u015fayan sa\u011f\u0131r bir kuyumcu, bir gen\u00e7 k\u0131z, siyahi bir doktor, bir lokantac\u0131 ve ayk\u0131r\u0131 bir gezgin i\u015f\u00e7inin ayr\u0131 sesler olarak yank\u0131lanan \u00f6yk\u00fcleri birle\u015fip roman\u0131n temel yap\u0131s\u0131n\u0131 olu\u015fturur. <\/p>\n","protected":false},"excerpt":{"rendered":"<p>Yaln\u0131z Bir Avc\u0131d\u0131r Y\u00fcrek, Carson McCullers\u2019\u0131n otobiyografik \u00f6\u011feler ta\u015f\u0131yan ilk roman\u0131d\u0131r. Sadece karamsar bir varolu\u015f d\u00fc\u015f\u00fcncesinin yans\u0131d\u0131\u011f\u0131 derin bir duyarl\u0131\u011f\u0131n roman\u0131 de\u011fil, yaz\u0131ya ge\u00e7irilmi\u015f i\u00e7li ve<span class=\"excerpt-hellip\"> [\u2026]<\/span><\/p>\n","protected":false},"featured_media":0,"template":"","meta":{"_monsterinsights_skip_tracking":false,"_monsterinsights_sitenote_active":false,"_monsterinsights_sitenote_note":"","_monsterinsights_sitenote_category":0},"product_brand":[],"product_cat":[12291,26797],"product_tag":[],"class_list":{"0":"post-731761","1":"product","2":"type-product","3":"status-publish","5":"product_cat-edebiyat","6":"product_cat-modern-klasikler","7":"pa_cilt-ciltli","8":"pa_tur-kitap","9":"pa_yayinevi-is-bankasi-kultur-yayinlari","10":"pa_yazar-carson-mccullers","12":"first","13":"instock","14":"sale","15":"shipping-taxable","16":"purchasable","17":"product-type-simple"},"_links":{"self":[{"href":"https:\/\/roveyayinevi.com.tr\/index.php\/wp-json\/wp\/v2\/product\/731761","targetHints":{"allow":["GET"]}}],"collection":[{"href":"https:\/\/roveyayinevi.com.tr\/index.php\/wp-json\/wp\/v2\/product"}],"about":[{"href":"https:\/\/roveyayinevi.com.tr\/index.php\/wp-json\/wp\/v2\/types\/product"}],"wp:attachment":[{"href":"https:\/\/roveyayinevi.com.tr\/index.php\/wp-json\/wp\/v2\/media?parent=731761"}],"wp:term":[{"taxonomy":"product_brand","embeddable":true,"href":"https:\/\/roveyayinevi.com.tr\/index.php\/wp-json\/wp\/v2\/product_brand?post=731761"},{"taxonomy":"product_cat","embeddable":true,"href":"https:\/\/roveyayinevi.com.tr\/index.php\/wp-json\/wp\/v2\/product_cat?post=731761"},{"taxonomy":"product_tag","embeddable":true,"href":"https:\/\/roveyayinevi.com.tr\/index.php\/wp-json\/wp\/v2\/product_tag?post=731761"}],"curies":[{"name":"wp","href":"https:\/\/api.w.org\/{rel}","templated":true}]}}