{"id":731760,"date":"2025-08-27T21:37:59","date_gmt":"2025-08-27T18:37:59","guid":{"rendered":"https:\/\/roveyayinevi.com.tr\/index.php\/urun\/uc-ornek-oyku-ve-bir-onsoz-ciltli\/"},"modified":"2026-04-16T02:39:46","modified_gmt":"2026-04-15T23:39:46","slug":"uc-ornek-oyku-ve-bir-onsoz-ciltli","status":"publish","type":"product","link":"https:\/\/roveyayinevi.com.tr\/index.php\/urun\/uc-ornek-oyku-ve-bir-onsoz-ciltli\/","title":{"rendered":"\u00dc\u00e7 \u00d6rnek \u00d6yk\u00fc Ve Bir \u00d6ns\u00f6z  (Ciltli)"},"content":{"rendered":"<p>La\u00edn Entralgo\u2019nun \u201c\u0130spanyol bilincinin ve ki\u015fili\u011finin uyan\u0131\u015f\u0131\u201d bi\u00e7iminde niteledi\u011fi \u201c98 Ku\u015fa\u011f\u0131\u201d yazarlar\u0131ndan Miguel de Unamuno (1864-1936) Madrid Complutense \u00dcniversitesi\u2019nde felsefe doktoras\u0131n\u0131 tamamlad\u0131ktan sonra atand\u0131\u011f\u0131 Salamanca \u00dcniversitesi\u2019nde ders verirken bir yandan da deneme ve makalelerini yay\u203amlamaya ba\u015flad\u0131. Y\u00f6netim kar\u015f\u0131t\u0131 yaz\u0131lar\u0131 y\u00fcz\u00fcnden i\u015fine son verildi ve Fuerteventura Adas\u203a\u2019na s\u00fcr\u00fcld\u00fc. Ancak 1931\u2019de Cumhuriyet\u2019in kurulu\u015fuyla ayn\u0131 \u00fcniversiteye rekt\u00f6r olarak atand\u0131. Tarihsel roman ya da romanla\u015ft\u0131r\u0131lm\u0131\u015f tarih olarak niteledi\u011fi tek ger\u00e7ek\u00e7i roman\u0131 Sava\u015fta Bar\u0131\u015f\u2019\u0131 (La Paz en la guerra) yay\u0131mlad\u0131. \u0130kinci roman\u0131 A\u015fk ve Pedagoji\u2019de (Amor y pedagoj\u00eda) ger\u00e7ek\u00e7ilikten bir hayli uzakla\u015ft\u0131<\/p>\n","protected":false},"excerpt":{"rendered":"<p>La\u00edn Entralgo\u2019nun \u201c\u0130spanyol bilincinin ve ki\u015fili\u011finin uyan\u0131\u015f\u0131\u201d bi\u00e7iminde niteledi\u011fi \u201c98 Ku\u015fa\u011f\u0131\u201d yazarlar\u0131ndan Miguel de Unamuno (1864-1936) Madrid Complutense \u00dcniversitesi\u2019nde felsefe doktoras\u0131n\u0131 tamamlad\u0131ktan sonra atand\u0131\u011f\u0131 Salamanca \u00dcniversitesi\u2019nde<span class=\"excerpt-hellip\"> [\u2026]<\/span><\/p>\n","protected":false},"featured_media":0,"template":"","meta":{"_monsterinsights_skip_tracking":false,"_monsterinsights_sitenote_active":false,"_monsterinsights_sitenote_note":"","_monsterinsights_sitenote_category":0},"product_brand":[],"product_cat":[12291,26797],"product_tag":[],"class_list":{"0":"post-731760","1":"product","2":"type-product","3":"status-publish","5":"product_cat-edebiyat","6":"product_cat-modern-klasikler","7":"pa_cilt-ciltli","8":"pa_tur-kitap","9":"pa_yayinevi-is-bankasi-kultur-yayinlari","10":"pa_yazar-miguel-de-unamuno","12":"first","13":"instock","14":"sale","15":"shipping-taxable","16":"purchasable","17":"product-type-simple"},"_links":{"self":[{"href":"https:\/\/roveyayinevi.com.tr\/index.php\/wp-json\/wp\/v2\/product\/731760","targetHints":{"allow":["GET"]}}],"collection":[{"href":"https:\/\/roveyayinevi.com.tr\/index.php\/wp-json\/wp\/v2\/product"}],"about":[{"href":"https:\/\/roveyayinevi.com.tr\/index.php\/wp-json\/wp\/v2\/types\/product"}],"wp:attachment":[{"href":"https:\/\/roveyayinevi.com.tr\/index.php\/wp-json\/wp\/v2\/media?parent=731760"}],"wp:term":[{"taxonomy":"product_brand","embeddable":true,"href":"https:\/\/roveyayinevi.com.tr\/index.php\/wp-json\/wp\/v2\/product_brand?post=731760"},{"taxonomy":"product_cat","embeddable":true,"href":"https:\/\/roveyayinevi.com.tr\/index.php\/wp-json\/wp\/v2\/product_cat?post=731760"},{"taxonomy":"product_tag","embeddable":true,"href":"https:\/\/roveyayinevi.com.tr\/index.php\/wp-json\/wp\/v2\/product_tag?post=731760"}],"curies":[{"name":"wp","href":"https:\/\/api.w.org\/{rel}","templated":true}]}}