{"id":731759,"date":"2025-08-27T21:37:58","date_gmt":"2025-08-27T18:37:58","guid":{"rendered":"https:\/\/roveyayinevi.com.tr\/index.php\/urun\/bilim-teknoloji-ve-derin-uykudaki-islam-alemi\/"},"modified":"2026-04-16T02:39:46","modified_gmt":"2026-04-15T23:39:46","slug":"bilim-teknoloji-ve-derin-uykudaki-islam-alemi","status":"publish","type":"product","link":"https:\/\/roveyayinevi.com.tr\/index.php\/urun\/bilim-teknoloji-ve-derin-uykudaki-islam-alemi\/","title":{"rendered":"Bilim Teknoloji Ve Derin Uykudaki \u0130slam Alemi"},"content":{"rendered":"<p>Akl\u0131n yolu: Zengin devlet ve refah i\u00e7inde ya\u015fayan millet olman\u0131n yolu, \u00e7a\u011fa uygun bilim ve teknoloji \u00fcretmekten ge\u00e7iyor. Bu eserde, \u0130sl\u00e2m ad\u0131na \u0130sl\u00e2m \u00e2leminin bilimden nas\u0131l mahrum edildi\u011fi, bilim d\u00fc\u015fmanl\u0131\u011f\u0131n\u0131n k\u00f6kenleri ele al\u0131n\u0131yor, bilim-teknoloji \u00fcreten bir T\u00fcrkiye i\u00e7in \u00f6ncelikler \u00fczerinde duruluyor. Her zaman ge\u00e7erli bir ger\u00e7ek var: G\u00fcc\u00fc olmayan\u0131 kimse dikkate almaz. Viyana\u2019dan Polatl\u0131\u2019ya kadar \u00e7ekili\u015fimiz, Filistin\u2019de, Yemen\u2019de, Balkanlarda, Kerk\u00fck\u2019te, Ulu\u011f T\u00fcrkistan\u2019da, Karaba\u011f\u2019da, Irak\u2019ta, Myanmar\u2019da T\u00fcrklerin ve M\u00fcsl\u00fcmanlar\u0131n a\u015fa\u011f\u0131lanmas\u0131 tamamen bilim ve teknolojideki g\u00fcc\u00fcm\u00fczle ilgili. Bilim ve teknoloji \u00fcretir duruma gelinceye kadar, pazar\u0131m\u0131z, g\u00fcvenli\u011fimiz, gelece\u011fimiz tehdit alt\u0131nda olmaya devam edecektir. Bilim ve Teknoloji i\u00e7in \u0130stanbul \u00c7al\u0131\u015fma Grubu olarak, devlet yetkililerine Bilim Teknoloji konusunda k\u0131rk tav\u015fan\u0131 birden kovalamak yerine \u00f6ncelikli birka\u00e7 alana yo\u011funla\u015ft\u0131r\u0131lmas\u0131n\u0131 teklif ettik. Ankara\u2019da, Bilim Teknoloji Kongresine \u0130srail\u2019den kat\u0131lan Prof. Rafael Nave bizi tasdik etti: T\u00fcrkiye teknoloji \u00fcretmek istiyorsa \u00f6ncelikli birka\u00e7 alana yo\u011funla\u015fmal\u0131, ciddi te\u015fvikler vermeli. Gerekirse el becerisi ithal etmeli.\u201d Akl\u0131n yolu bir. Bu kitap sizi akl\u0131n yoluna, ezilmekten, itilip kak\u0131lmaktan kurtulu\u015fa, g\u00fcndemin birinci maddesi olarak bilimi, Ar-Ge\u2019yi, inovasyonu se\u00e7meye davet ediyor. 2. ciltte Osmanl\u0131 devletinde bilim, medrese ve Avrupa\u2019da bilimin y\u00fckseli\u015fi, 3. Ciltte g\u00fcn\u00fcm\u00fczdeki bilim teknoloji, Ar-Ge, inovasyon yar\u0131\u015f\u0131 ele al\u0131nacakt\u0131r. -Ramazan Bakkal, Bilim Teknoloji \u0130\u00e7in \u0130stanbul \u00c7al\u0131\u015fma Grubu Ba\u015fkan\u0131 <\/p>\n","protected":false},"excerpt":{"rendered":"<p>Akl\u0131n yolu: Zengin devlet ve refah i\u00e7inde ya\u015fayan millet olman\u0131n yolu, \u00e7a\u011fa uygun bilim ve teknoloji \u00fcretmekten ge\u00e7iyor. Bu eserde, \u0130sl\u00e2m ad\u0131na \u0130sl\u00e2m \u00e2leminin bilimden nas\u0131l<span class=\"excerpt-hellip\"> [\u2026]<\/span><\/p>\n","protected":false},"featured_media":0,"template":"","meta":{"_monsterinsights_skip_tracking":false,"_monsterinsights_sitenote_active":false,"_monsterinsights_sitenote_note":"","_monsterinsights_sitenote_category":0},"product_brand":[],"product_cat":[13036,12718,12719],"product_tag":[],"class_list":{"0":"post-731759","1":"product","2":"type-product","3":"status-publish","5":"product_cat-arastirma-inceleme-islam","6":"product_cat-din","7":"product_cat-islam","8":"pa_cilt-ciltsiz","9":"pa_tur-kitap","10":"pa_yayinevi-biyografi-net-yayincilik","11":"pa_yazar-ramazan-bakkal","13":"first","14":"instock","15":"sale","16":"shipping-taxable","17":"purchasable","18":"product-type-simple"},"_links":{"self":[{"href":"https:\/\/roveyayinevi.com.tr\/index.php\/wp-json\/wp\/v2\/product\/731759","targetHints":{"allow":["GET"]}}],"collection":[{"href":"https:\/\/roveyayinevi.com.tr\/index.php\/wp-json\/wp\/v2\/product"}],"about":[{"href":"https:\/\/roveyayinevi.com.tr\/index.php\/wp-json\/wp\/v2\/types\/product"}],"wp:attachment":[{"href":"https:\/\/roveyayinevi.com.tr\/index.php\/wp-json\/wp\/v2\/media?parent=731759"}],"wp:term":[{"taxonomy":"product_brand","embeddable":true,"href":"https:\/\/roveyayinevi.com.tr\/index.php\/wp-json\/wp\/v2\/product_brand?post=731759"},{"taxonomy":"product_cat","embeddable":true,"href":"https:\/\/roveyayinevi.com.tr\/index.php\/wp-json\/wp\/v2\/product_cat?post=731759"},{"taxonomy":"product_tag","embeddable":true,"href":"https:\/\/roveyayinevi.com.tr\/index.php\/wp-json\/wp\/v2\/product_tag?post=731759"}],"curies":[{"name":"wp","href":"https:\/\/api.w.org\/{rel}","templated":true}]}}