{"id":731758,"date":"2025-08-27T21:37:57","date_gmt":"2025-08-27T18:37:57","guid":{"rendered":"https:\/\/roveyayinevi.com.tr\/index.php\/urun\/bahadin-soylenceleri\/"},"modified":"2026-04-16T02:39:46","modified_gmt":"2026-04-15T23:39:46","slug":"bahadin-soylenceleri","status":"publish","type":"product","link":"https:\/\/roveyayinevi.com.tr\/index.php\/urun\/bahadin-soylenceleri\/","title":{"rendered":"Bahad\u0131n S\u00f6ylenceleri"},"content":{"rendered":"<p>S\u00f6ylenceye inan\u0131l\u0131r m\u0131?S\u00f6ylenceyi masaldan, destandan ay\u0131ran en \u00f6nemli \u00f6zelli\u011fiinan\u0131\u015f \u00f6zelli\u011fi olmas\u0131d\u0131r. S\u00f6ylencede dile getirilen \u015feylerdo\u011fru, ger\u00e7ekten olmu\u015f say\u0131l\u0131r. S\u00f6z\u00fc edilen yerler hayali de\u011fildir.Ki\u015filerin ger\u00e7ekte ya\u015fad\u0131\u011f\u0131 kabul edilir. Anlatan i\u00e7inger\u00e7ektir. Dinleyen i\u00e7in yoktur b\u00f6yle bir zorunluluk&#8230;Ne anlat\u0131rsa anlats\u0131n s\u00f6ylence, s\u00f6ylene s\u00f6ylene gel-mi\u015f bug\u00fcne.Ku\u015faktan ku\u015fa\u011fa, kulaktan kula\u011fa aktar\u0131la gelmi\u015f.Kimileriinanarak, kimileri inanmadan kar\u015f\u0131s\u0131ndakine bir dersvermek i\u00e7in, kimileri bir pay \u00e7\u0131karmak i\u00e7in kendine, s\u00f6ylemi\u015fs\u00f6ylenceyi ta\u015f\u0131 gedi\u011fine koymak i\u00e7in uyar\u0131na geldik\u00e7e.<\/p>\n","protected":false},"excerpt":{"rendered":"<p>S\u00f6ylenceye inan\u0131l\u0131r m\u0131?S\u00f6ylenceyi masaldan, destandan ay\u0131ran en \u00f6nemli \u00f6zelli\u011fiinan\u0131\u015f \u00f6zelli\u011fi olmas\u0131d\u0131r. S\u00f6ylencede dile getirilen \u015feylerdo\u011fru, ger\u00e7ekten olmu\u015f say\u0131l\u0131r. S\u00f6z\u00fc edilen yerler hayali de\u011fildir.Ki\u015filerin ger\u00e7ekte ya\u015fad\u0131\u011f\u0131 kabul<span class=\"excerpt-hellip\"> [\u2026]<\/span><\/p>\n","protected":false},"featured_media":0,"template":"","meta":{"_monsterinsights_skip_tracking":false,"_monsterinsights_sitenote_active":false,"_monsterinsights_sitenote_note":"","_monsterinsights_sitenote_category":0},"product_brand":[],"product_cat":[12291,12711],"product_tag":[],"class_list":{"0":"post-731758","1":"product","2":"type-product","3":"status-publish","5":"product_cat-edebiyat","6":"product_cat-roman-oyku","7":"pa_cilt-ciltsiz","8":"pa_tur-kitap","9":"pa_yayinevi-klaros-yayinlari","10":"pa_yazar-sadik-guvenc","12":"first","13":"instock","14":"sale","15":"shipping-taxable","16":"purchasable","17":"product-type-simple"},"_links":{"self":[{"href":"https:\/\/roveyayinevi.com.tr\/index.php\/wp-json\/wp\/v2\/product\/731758","targetHints":{"allow":["GET"]}}],"collection":[{"href":"https:\/\/roveyayinevi.com.tr\/index.php\/wp-json\/wp\/v2\/product"}],"about":[{"href":"https:\/\/roveyayinevi.com.tr\/index.php\/wp-json\/wp\/v2\/types\/product"}],"wp:attachment":[{"href":"https:\/\/roveyayinevi.com.tr\/index.php\/wp-json\/wp\/v2\/media?parent=731758"}],"wp:term":[{"taxonomy":"product_brand","embeddable":true,"href":"https:\/\/roveyayinevi.com.tr\/index.php\/wp-json\/wp\/v2\/product_brand?post=731758"},{"taxonomy":"product_cat","embeddable":true,"href":"https:\/\/roveyayinevi.com.tr\/index.php\/wp-json\/wp\/v2\/product_cat?post=731758"},{"taxonomy":"product_tag","embeddable":true,"href":"https:\/\/roveyayinevi.com.tr\/index.php\/wp-json\/wp\/v2\/product_tag?post=731758"}],"curies":[{"name":"wp","href":"https:\/\/api.w.org\/{rel}","templated":true}]}}