{"id":731753,"date":"2025-08-27T21:37:53","date_gmt":"2025-08-27T18:37:53","guid":{"rendered":"https:\/\/roveyayinevi.com.tr\/index.php\/urun\/uzay-hakkinda-bilmeniz-gereken-10-sey-ciltli\/"},"modified":"2026-04-16T02:39:46","modified_gmt":"2026-04-15T23:39:46","slug":"uzay-hakkinda-bilmeniz-gereken-10-sey-ciltli","status":"publish","type":"product","link":"https:\/\/roveyayinevi.com.tr\/index.php\/urun\/uzay-hakkinda-bilmeniz-gereken-10-sey-ciltli\/","title":{"rendered":"Uzay Hakk\u0131nda Bilmeniz Gereken 10 \u015eey (Ciltli)"},"content":{"rendered":"<p>&#8220;Astrofizi\u011fin \u00f6nemli bir k\u0131sm\u0131 bu k\u00fc\u00e7\u00fck kitaba s\u0131\u011fd\u0131r\u0131lm\u0131\u015f&#8230; Kitab\u0131 bitirdi\u011finizde art\u0131k karanl\u0131k maddeyi karadeliklerden ay\u0131rabilabilece\u011finizi garanti edebilirim.&#8221;\u2022 Jim Al-Khalili\u201cYeti\u015fkin olma s\u00fcrecinde bir \u015fekilde kaybetti\u011fimiz, do\u011fu\u015ftan gelen bir sorgulama duygusuna sahibizdir. Belki de hepimiz yirmi birinci y\u00fczy\u0131l hayat\u0131n\u0131n tela\u015fl\u0131 temposundan biraz uzakla\u015f\u0131p, gece g\u00f6ky\u00fcz\u00fcne bak\u0131p bilmedi\u011fimiz \u015feyler \u00fczerine d\u00fc\u015f\u00fcn\u00fcrsek i\u00e7imizdeki o do\u011fal, \u00e7ocuksu merak\u0131 bir kez daha besleyebiliriz. \u00c7\u00fcnk\u00fc bilimin ger\u00e7ek itici g\u00fcc\u00fc merakt\u0131r. O olmadan, evrenin ger\u00e7ek ihti\u015fam\u0131n\u0131, karma\u015fas\u0131n\u0131 ve gizemini asla anlayamay\u0131z.\u201dGalaksiler ve karadeliklerin birlikte nas\u0131l evrimle\u015fti\u011fini bulmak \u00fczere \u00e7\u0131kt\u0131\u011f\u0131 yolda Dr. Becky Smethurst, elinizde tuttu\u011funuz bu kitapla uzay\u0131n derinliklerine, karadeliklerin k\u0131sa tarihine ve hatta Steve\u2019e kadar bir\u00e7ok konuya \u0131\u015f\u0131k tutmakla kalm\u0131yor, uzun zamand\u0131r ihmal etti\u011fimiz i\u00e7imizdeki \u00e7ocu\u011fu merak ve hayretle besliyor.Y\u0131ld\u0131zlar\u0131n nas\u0131l parlad\u0131\u011f\u0131n\u0131, gece g\u00f6ky\u00fcz\u00fcn\u00fcn neden karanl\u0131k oldu\u011funu, insanl\u0131\u011f\u0131n pe\u015fini b\u0131rakmayan \u201ctavuk mu yumurtadan, yumurta m\u0131 tavuktan\u201d sorusunun kozmik cevab\u0131n\u0131 merak ediyorsan\u0131z bu kitap tam size g\u00f6re!<\/p>\n","protected":false},"excerpt":{"rendered":"<p>&#8220;Astrofizi\u011fin \u00f6nemli bir k\u0131sm\u0131 bu k\u00fc\u00e7\u00fck kitaba s\u0131\u011fd\u0131r\u0131lm\u0131\u015f&#8230; Kitab\u0131 bitirdi\u011finizde art\u0131k karanl\u0131k maddeyi karadeliklerden ay\u0131rabilabilece\u011finizi garanti edebilirim.&#8221;\u2022 Jim Al-Khalili\u201cYeti\u015fkin olma s\u00fcrecinde bir \u015fekilde kaybetti\u011fimiz, do\u011fu\u015ftan gelen<span class=\"excerpt-hellip\"> [\u2026]<\/span><\/p>\n","protected":false},"featured_media":0,"template":"","meta":{"_monsterinsights_skip_tracking":false,"_monsterinsights_sitenote_active":false,"_monsterinsights_sitenote_note":"","_monsterinsights_sitenote_category":0},"product_brand":[],"product_cat":[13005,13006],"product_tag":[],"class_list":{"0":"post-731753","1":"product","2":"type-product","3":"status-publish","5":"product_cat-bilim-muhendislik","6":"product_cat-populer-bilim","7":"pa_cilt-ciltli","8":"pa_tur-kitap","9":"pa_yayinevi-epsilon-yayinlari","10":"pa_yazar-becky-smethurst","12":"first","13":"instock","14":"sale","15":"shipping-taxable","16":"purchasable","17":"product-type-simple"},"_links":{"self":[{"href":"https:\/\/roveyayinevi.com.tr\/index.php\/wp-json\/wp\/v2\/product\/731753","targetHints":{"allow":["GET"]}}],"collection":[{"href":"https:\/\/roveyayinevi.com.tr\/index.php\/wp-json\/wp\/v2\/product"}],"about":[{"href":"https:\/\/roveyayinevi.com.tr\/index.php\/wp-json\/wp\/v2\/types\/product"}],"wp:attachment":[{"href":"https:\/\/roveyayinevi.com.tr\/index.php\/wp-json\/wp\/v2\/media?parent=731753"}],"wp:term":[{"taxonomy":"product_brand","embeddable":true,"href":"https:\/\/roveyayinevi.com.tr\/index.php\/wp-json\/wp\/v2\/product_brand?post=731753"},{"taxonomy":"product_cat","embeddable":true,"href":"https:\/\/roveyayinevi.com.tr\/index.php\/wp-json\/wp\/v2\/product_cat?post=731753"},{"taxonomy":"product_tag","embeddable":true,"href":"https:\/\/roveyayinevi.com.tr\/index.php\/wp-json\/wp\/v2\/product_tag?post=731753"}],"curies":[{"name":"wp","href":"https:\/\/api.w.org\/{rel}","templated":true}]}}