{"id":731752,"date":"2025-08-27T21:37:52","date_gmt":"2025-08-27T18:37:52","guid":{"rendered":"https:\/\/roveyayinevi.com.tr\/index.php\/urun\/bilim-tohumlari\/"},"modified":"2026-04-16T02:39:46","modified_gmt":"2026-04-15T23:39:46","slug":"bilim-tohumlari","status":"publish","type":"product","link":"https:\/\/roveyayinevi.com.tr\/index.php\/urun\/bilim-tohumlari\/","title":{"rendered":"Bilim Tohumlar\u0131"},"content":{"rendered":"<p>GDO, g\u00fcn\u00fcm\u00fcz\u00fcn en korkutucu, \u015feytan s\u00f6zc\u00fcklerinden biri haline geldi. Peki ama GDO denince ne anl\u0131yoruz? GDO teknolojisini ne kadar iyi biliyoruz? Hakk\u0131nda d\u00fc\u015f\u00fcnd\u00fcklerimizin ne kadar\u0131 ger\u00e7ek ne kadar\u0131 yanl\u0131\u015f y\u00f6nlendirmelere dayan\u0131yor? GDO teknolojisi ger\u00e7ekten insanl\u0131\u011f\u0131 ve d\u00fcnyay\u0131 tehdit ediyor olabilir mi? Ya biri \u00e7\u0131k\u0131p her \u015feyi yanl\u0131\u015f anlad\u0131\u011f\u0131m\u0131z\u0131 s\u00f6yleseydi? Gazeteci-yazar Mark Lynas, 90\u2019l\u0131 y\u0131llarda GDO kar\u015f\u0131t\u0131 hareketin \u00f6nde gelen isimlerindendi. Y\u0131llar boyunca s\u00fcrd\u00fcrd\u00fc\u011f\u00fc ara\u015ft\u0131rmalar yirmi y\u0131l sonra onu GDO kar\u015f\u0131t\u0131 hareketin di\u011fer taraf\u0131na ta\u015f\u0131d\u0131. Peki bu de\u011fi\u015fimin sebebi neydi? Bu kitap, GDO konusunu kapsaml\u0131 \u015fekilde ele al\u0131rken genetik m\u00fchendisli\u011fi \u00fcr\u00fcn\u00fc g\u0131dalar\u0131n yararlar\u0131 ve potansiyel tehlikeleri hakk\u0131nda da derin bir analiz sunuyor. Uzun y\u0131llara yay\u0131lm\u0131\u015f derin bir ara\u015ft\u0131rmaya dayanan Bilim Tohumlar\u0131, GDO\u2019ya hem kar\u015f\u0131t hem yanda\u015f insanlar\u0131n g\u00f6z\u00fcnden bakarken Mark Lynas\u2019\u0131n ge\u00e7irdi\u011fi d\u00f6n\u00fc\u015f\u00fcm\u00fcn hik\u00e2yesini de ele al\u0131yor ve ka\u00e7\u0131n\u0131lmaz soruyu soruyor: GDO\u2019lar\u0131 nas\u0131l bu kadar yanl\u0131\u015f anlad\u0131k? <\/p>\n","protected":false},"excerpt":{"rendered":"<p>GDO, g\u00fcn\u00fcm\u00fcz\u00fcn en korkutucu, \u015feytan s\u00f6zc\u00fcklerinden biri haline geldi. Peki ama GDO denince ne anl\u0131yoruz? GDO teknolojisini ne kadar iyi biliyoruz? Hakk\u0131nda d\u00fc\u015f\u00fcnd\u00fcklerimizin ne kadar\u0131 ger\u00e7ek<span class=\"excerpt-hellip\"> [\u2026]<\/span><\/p>\n","protected":false},"featured_media":0,"template":"","meta":{"_monsterinsights_skip_tracking":false,"_monsterinsights_sitenote_active":false,"_monsterinsights_sitenote_note":"","_monsterinsights_sitenote_category":0},"product_brand":[],"product_cat":[13402,13365],"product_tag":[],"class_list":{"0":"post-731752","1":"product","2":"type-product","3":"status-publish","5":"product_cat-beslenme-ve-diyet","6":"product_cat-saglik","7":"pa_cilt-ciltsiz","8":"pa_tur-kitap","9":"pa_yayinevi-the-kitap","10":"pa_yazar-mark-lynas","12":"first","13":"instock","14":"sale","15":"shipping-taxable","16":"purchasable","17":"product-type-simple"},"_links":{"self":[{"href":"https:\/\/roveyayinevi.com.tr\/index.php\/wp-json\/wp\/v2\/product\/731752","targetHints":{"allow":["GET"]}}],"collection":[{"href":"https:\/\/roveyayinevi.com.tr\/index.php\/wp-json\/wp\/v2\/product"}],"about":[{"href":"https:\/\/roveyayinevi.com.tr\/index.php\/wp-json\/wp\/v2\/types\/product"}],"wp:attachment":[{"href":"https:\/\/roveyayinevi.com.tr\/index.php\/wp-json\/wp\/v2\/media?parent=731752"}],"wp:term":[{"taxonomy":"product_brand","embeddable":true,"href":"https:\/\/roveyayinevi.com.tr\/index.php\/wp-json\/wp\/v2\/product_brand?post=731752"},{"taxonomy":"product_cat","embeddable":true,"href":"https:\/\/roveyayinevi.com.tr\/index.php\/wp-json\/wp\/v2\/product_cat?post=731752"},{"taxonomy":"product_tag","embeddable":true,"href":"https:\/\/roveyayinevi.com.tr\/index.php\/wp-json\/wp\/v2\/product_tag?post=731752"}],"curies":[{"name":"wp","href":"https:\/\/api.w.org\/{rel}","templated":true}]}}