{"id":731749,"date":"2025-08-27T21:37:50","date_gmt":"2025-08-27T18:37:50","guid":{"rendered":"https:\/\/roveyayinevi.com.tr\/index.php\/urun\/justice-league-tek-kisilik-birlik\/"},"modified":"2026-04-16T02:39:46","modified_gmt":"2026-04-15T23:39:46","slug":"justice-league-tek-kisilik-birlik","status":"publish","type":"product","link":"https:\/\/roveyayinevi.com.tr\/index.php\/urun\/justice-league-tek-kisilik-birlik\/","title":{"rendered":"Just\u0131ce League \u2013 Tek Ki\u015filik Birlik"},"content":{"rendered":"<p>Modern d\u00fcnyan\u0131n uzun zamand\u0131r unuttu\u011fu Kadim bir k\u00f6t\u00fcl\u00fck uykusundan uyand\u0131. Modern d\u00fcnya onu o kadar uzun zamand\u0131r unutmu\u015ftu ki Justice League bile bu k\u00f6t\u00fcl\u00fckle y\u00fczle\u015fmeye haz\u0131r de\u011fildi. Bir kehanet, Justice League&#8217;in D\u00fcnya&#8217;da kalan son ejderhan\u0131n pen\u00e7elerinde \u00f6lece\u011fini s\u00f6yledi\u011finde, Wonder Woman onlar\u0131 kurtarmak i\u00e7in \u00e7ok sevdi\u011fi arkada\u015flar\u0131na ihanet etmek zorundayd\u0131. Ama bu karar\u0131 acaba kaderi degi\u015ftirmeye yetecek miydi? Usta hik\u00e2ye anlat\u0131c\u0131s\u0131 ve \u00e7izer CHRISTOPHER MOELLER, JUSTICE LEAGUE: TEK K\u0130\u015e\u0130L\u0130K B\u0130RL\u0130K\u2019te efsanevi Justice League\u2019in \u015fimdiye kadar hi\u00e7 bilinmeyen y\u00f6nlerini ola\u011fan\u00fcst\u00fc \u00e7izimleriyle g\u00f6zler \u00f6n\u00fcne seriyor. <\/p>\n","protected":false},"excerpt":{"rendered":"<p>Modern d\u00fcnyan\u0131n uzun zamand\u0131r unuttu\u011fu Kadim bir k\u00f6t\u00fcl\u00fck uykusundan uyand\u0131. Modern d\u00fcnya onu o kadar uzun zamand\u0131r unutmu\u015ftu ki Justice League bile bu k\u00f6t\u00fcl\u00fckle y\u00fczle\u015fmeye haz\u0131r<span class=\"excerpt-hellip\"> [\u2026]<\/span><\/p>\n","protected":false},"featured_media":0,"template":"","meta":{"_monsterinsights_skip_tracking":false,"_monsterinsights_sitenote_active":false,"_monsterinsights_sitenote_note":"","_monsterinsights_sitenote_category":0},"product_brand":[],"product_cat":[12689,12274],"product_tag":[],"class_list":{"0":"post-731749","1":"product","2":"type-product","3":"status-publish","5":"product_cat-cizgi-roman-cocuk-ve-genclik-kitaplari","6":"product_cat-cocuk-ve-genclik-kitaplari","7":"pa_cilt-ciltsiz","8":"pa_tur-kitap","9":"pa_yayinevi-yapi-kredi-yayinlari","10":"pa_yazar-christopher-moeller","12":"first","13":"instock","14":"sale","15":"shipping-taxable","16":"purchasable","17":"product-type-simple"},"_links":{"self":[{"href":"https:\/\/roveyayinevi.com.tr\/index.php\/wp-json\/wp\/v2\/product\/731749","targetHints":{"allow":["GET"]}}],"collection":[{"href":"https:\/\/roveyayinevi.com.tr\/index.php\/wp-json\/wp\/v2\/product"}],"about":[{"href":"https:\/\/roveyayinevi.com.tr\/index.php\/wp-json\/wp\/v2\/types\/product"}],"wp:attachment":[{"href":"https:\/\/roveyayinevi.com.tr\/index.php\/wp-json\/wp\/v2\/media?parent=731749"}],"wp:term":[{"taxonomy":"product_brand","embeddable":true,"href":"https:\/\/roveyayinevi.com.tr\/index.php\/wp-json\/wp\/v2\/product_brand?post=731749"},{"taxonomy":"product_cat","embeddable":true,"href":"https:\/\/roveyayinevi.com.tr\/index.php\/wp-json\/wp\/v2\/product_cat?post=731749"},{"taxonomy":"product_tag","embeddable":true,"href":"https:\/\/roveyayinevi.com.tr\/index.php\/wp-json\/wp\/v2\/product_tag?post=731749"}],"curies":[{"name":"wp","href":"https:\/\/api.w.org\/{rel}","templated":true}]}}