{"id":731747,"date":"2025-08-27T21:37:48","date_gmt":"2025-08-27T18:37:48","guid":{"rendered":"https:\/\/roveyayinevi.com.tr\/index.php\/urun\/bizansin-incesazi\/"},"modified":"2026-04-16T02:39:46","modified_gmt":"2026-04-15T23:39:46","slug":"bizansin-incesazi","status":"publish","type":"product","link":"https:\/\/roveyayinevi.com.tr\/index.php\/urun\/bizansin-incesazi\/","title":{"rendered":"Bizans\u2019\u0131n \u0130ncesaz\u0131"},"content":{"rendered":"<p>\u0130lhan Durusel\u2019den yeni \u015fiir kitab\u0131 Bizans\u2019\u0131n \u0130ncesaz\u0131   Buraya ayak bast\u0131m, siliniyor \u015fimdi ayak izim.\u00d6rt\u00fcn \u00fczerimi, \u00fc\u015f\u00fcmesin. Heykelim.     \u0130lhan Durusel\u2019in yeni \u015fiir kitab\u0131 Bizans\u2019\u0131n \u0130ncesaz\u0131 Yap\u0131 Kredi Yay\u0131nlar\u0131\u2019ndan \u00e7\u0131kt\u0131. Bizans\u2019\u0131n \u0130ncesaz\u0131\u2019nda \u0130lhan Durusel zaman\u0131n gizlediklerini dile d\u00f6kme sanat\u0131n\u0131 geli\u015ftiriyor. Toplumsal tarihten ki\u015fisel tarihe uzanan \u015fiirlerde bir ya\u015fam kesiti, bir duyarl\u0131k, bir \u00f6yk\u00fc \u00f6ne \u00e7\u0131kar\u0131yor. \u0130lhan Durusel yaz\u0131yla ya\u015fam, g\u00fcncelle bellek, \u015fiirle d\u00fczyaz\u0131 aras\u0131nda yepyeni t\u0131n\u0131lar \u00e7\u0131kar\u0131yor, \u015fiirsel ezgiler yarat\u0131yor. \u0130lhan Durusel \u00f6nceki \u015fiir kitab\u0131 Dil Tutulmas\u0131 ile ge\u00e7ti\u011fimiz g\u00fcnlerde Vedat T\u00fcrkali \u00d6d\u00fcl\u00fc\u2019n\u00fc alm\u0131\u015ft\u0131.   \u0130lhan Durusel 1965\u2019te Ayval\u0131k\u2019ta do\u011fdu. Ege \u00dcniversitesi Edebiyat Fak\u00fcltesi T\u00fcrk Dili ve Edebiyat\u0131 B\u00f6l\u00fcm\u00fc\u2019n\u00fc bitirdi. Edebiyat \u00f6\u011fretmenli\u011fi yapt\u0131 (1988-94). 1994\u2019ten beri e\u015fi Francesca ile birlikte Pennsylvania\u2019da ya\u015f\u0131yor. Lehigh \u00dcniversitesi K\u00fct\u00fcphanesi\u2019nde ar\u015fiv ve nadir kitaplar b\u00f6l\u00fcm\u00fcnde \u00e7al\u0131\u015f\u0131yor. \u00d6yk\u00fc, \u015fiir ve yaz\u0131lar\u0131ndan baz\u0131lar\u0131 Sombahar, Cumhuriyet Kitap, kitap-l\u0131k, Mesele, Sarn\u0131\u00e7, Notos, \u00d6yk\u00fclem, Granada, 14 \u015eubat D\u00fcnyan\u0131n \u00d6yk\u00fcs\u00fc, Ask\u0131da \u00d6yk\u00fc ve Japonya dergilerinde, bir \u00f6yk\u00fcs\u00fc Kanada\u2019da \u00e7\u0131kan edebiyat dergisi Descant\u2019\u0131n T\u00fcrkiye se\u00e7kisinde yay\u0131mland\u0131. \u015eiir: K\u0131sa K\u0131sa K\u0131ssalar (2015), Dil Tutulmas\u0131 (2019), Bizans\u2019\u0131n \u0130ncesaz\u0131 (2021). \u00d6yk\u00fc-Anlat\u0131: Al\u0131nyaz\u0131m K\u0131lavuzu (1998), Karakalem Requiem (2003), S\u00fcsl\u00fc Nesir \u2013 Sel\u00e7uklular \u0130\u00e7in G\u00fczel S\u00f6zler (2007), G\u00fcl \u00d6ks\u00fcren Melek (2012), Yava\u015f Ate\u015f (2016), Defterdar \u2013 Evlat Katli \u0130\u00e7in El Kitab\u0131 (2018). Deneme: Bl\u00f6f Kitap (Tansu M. G\u00fclayd\u0131n ile, 1998), Otlar \u00c7a\u011f\u0131r\u0131yor (2014). <\/p>\n","protected":false},"excerpt":{"rendered":"<p>\u0130lhan Durusel\u2019den yeni \u015fiir kitab\u0131 Bizans\u2019\u0131n \u0130ncesaz\u0131 Buraya ayak bast\u0131m, siliniyor \u015fimdi ayak izim.\u00d6rt\u00fcn \u00fczerimi, \u00fc\u015f\u00fcmesin. Heykelim. \u0130lhan Durusel\u2019in yeni \u015fiir kitab\u0131 Bizans\u2019\u0131n \u0130ncesaz\u0131 Yap\u0131 Kredi<span class=\"excerpt-hellip\"> [\u2026]<\/span><\/p>\n","protected":false},"featured_media":0,"template":"","meta":{"_monsterinsights_skip_tracking":false,"_monsterinsights_sitenote_active":false,"_monsterinsights_sitenote_note":"","_monsterinsights_sitenote_category":0},"product_brand":[],"product_cat":[12291,12509],"product_tag":[],"class_list":{"0":"post-731747","1":"product","2":"type-product","3":"status-publish","5":"product_cat-edebiyat","6":"product_cat-siir","7":"pa_cilt-ciltsiz","8":"pa_tur-kitap","9":"pa_yayinevi-yapi-kredi-yayinlari","10":"pa_yazar-ilhan-durusel","12":"first","13":"instock","14":"sale","15":"shipping-taxable","16":"purchasable","17":"product-type-simple"},"_links":{"self":[{"href":"https:\/\/roveyayinevi.com.tr\/index.php\/wp-json\/wp\/v2\/product\/731747","targetHints":{"allow":["GET"]}}],"collection":[{"href":"https:\/\/roveyayinevi.com.tr\/index.php\/wp-json\/wp\/v2\/product"}],"about":[{"href":"https:\/\/roveyayinevi.com.tr\/index.php\/wp-json\/wp\/v2\/types\/product"}],"wp:attachment":[{"href":"https:\/\/roveyayinevi.com.tr\/index.php\/wp-json\/wp\/v2\/media?parent=731747"}],"wp:term":[{"taxonomy":"product_brand","embeddable":true,"href":"https:\/\/roveyayinevi.com.tr\/index.php\/wp-json\/wp\/v2\/product_brand?post=731747"},{"taxonomy":"product_cat","embeddable":true,"href":"https:\/\/roveyayinevi.com.tr\/index.php\/wp-json\/wp\/v2\/product_cat?post=731747"},{"taxonomy":"product_tag","embeddable":true,"href":"https:\/\/roveyayinevi.com.tr\/index.php\/wp-json\/wp\/v2\/product_tag?post=731747"}],"curies":[{"name":"wp","href":"https:\/\/api.w.org\/{rel}","templated":true}]}}