{"id":731743,"date":"2025-08-27T21:37:44","date_gmt":"2025-08-27T18:37:44","guid":{"rendered":"https:\/\/roveyayinevi.com.tr\/index.php\/urun\/anadolunun-yasayan-masallari\/"},"modified":"2026-04-06T02:53:44","modified_gmt":"2026-04-05T23:53:44","slug":"anadolunun-yasayan-masallari","status":"publish","type":"product","link":"https:\/\/roveyayinevi.com.tr\/index.php\/urun\/anadolunun-yasayan-masallari\/","title":{"rendered":"Anadolu&#8217;nun Ya\u015fayan Masallar\u0131"},"content":{"rendered":"<p>Masallar s\u00f6z\u00fcn do\u011fdu\u011fu andan beridir bizimle olan, zaman\u0131 ve mek\u00e2n\u0131 a\u015fan, hayal g\u00fcc\u00fcm\u00fcz\u00fcn s\u0131n\u0131rs\u0131zl\u0131\u011f\u0131n\u0131 anlat\u0131m g\u00fcc\u00fcm\u00fcz\u00fcn s\u0131n\u0131rs\u0131zl\u0131\u011f\u0131yla birle\u015ftirip insan\u0131n en saf ve ayn\u0131 zamanda en karma\u015f\u0131k meselelerini anlatan hazinelerdir. Bu hazine \u00f6yle k\u0131ymetlidir ki kim bir yerde bulsa \u201cBenimdir.\u201d der.  Masal\u0131n g\u00fcc\u00fc bu s\u0131n\u0131rs\u0131zl\u0131\u011f\u0131nda, her \u015feyi a\u015fan hareketli, ele avuca s\u0131\u011fmaz hareketlili\u011findedir. Masal t\u00fcm bu g\u00fcc\u00fcn\u00fc anlat\u0131c\u0131s\u0131na ba\u011f\u0131\u015flar. Masal anlat\u0131c\u0131s\u0131yla ili\u015fki kurar. Anlat\u0131c\u0131 da onu dinleyen her bir bireyle ya da anlatt\u0131\u011f\u0131 masallar\u0131n k\u00e2\u011f\u0131da d\u00f6k\u00fclmesi sonucu her bir okuyucusuyla bulu\u015fur. Masal\u0131n anlat\u0131c\u0131s\u0131 masal\u0131n g\u00fcc\u00fcne hayat veren ki\u015fidir. O bilgedir, yank\u0131 ustas\u0131d\u0131r, ninedir, dededir, bir a\u011fa\u00e7 gibi k\u00f6kleriyle topra\u011f\u0131n derinliklerine tutunan, bir kartal gibi bilgeli\u011fin zirvelerinde u\u00e7u\u015fan, s\u00f6zlerin ustas\u0131d\u0131r. Masal anlat\u0131c\u0131s\u0131 d\u00f6rt elementin, yerin ve g\u00f6\u011f\u00fcn t\u00fcm katlar\u0131n\u0131n, ge\u00e7mi\u015f zaman\u0131n, \u015fimdiki zaman\u0131n ve gelecek zaman\u0131n efendisidir. O bilir, bildi\u011fini anlat\u0131r, hele ki ilgiyle masal isteyen birilerini bulursa\u2026Masal gitti\u011fi her yere aittir. Rusya\u2019da Baba Yaga\u2019d\u0131r, bazen kurtlarla ko\u015far, bazen \u00e7\u00f6lleri a\u015far, bazen \u015eehrazat\u2019\u0131n bazen de bir \u015faman\u0131n dilinden d\u00f6k\u00fcl\u00fcr. Masal\u0131n anlat\u0131c\u0131s\u0131 bu evreni al\u0131r, kendi yerelli\u011finde, \u00f6z\u00fcnden gelen, topra\u011f\u0131ndan gelen her \u015feyle harmanlar ve anlat\u0131r. Bu masallar\u0131 bize anlatan, bu derinli\u011fi bah\u015feden masal analar\u0131m\u0131z, masal atalar\u0131m\u0131z, g\u00fcn\u00fcm\u00fczde de masal ablalar\u0131m\u0131z ve masal a\u011fabeylerimizdir.   Eskilerin dedi\u011fi gibi \u201cMasal\u0131n tad\u0131 anlat\u0131c\u0131s\u0131n\u0131n ustal\u0131\u011f\u0131ndad\u0131r.\u201d \u0130\u015fte bu kitaptaki masallar t\u00fcm evreni ve zaman\u0131 kendi hayat\u0131yla harmanlayan, usta bir masal anlat\u0131c\u0131s\u0131 Fatma \u00d6nkol\u2019un dilinden d\u00f6k\u00fclen, Anadolu\u2019da, evreni T\u00fcrk k\u00fclt\u00fcr\u00fcyle, T\u00fcrk k\u00fclt\u00fcr\u00fcn\u00fc d\u00fcn\u00fcyle ve bug\u00fcn\u00fcyle ve t\u00fcm T\u00fcrk D\u00fcnyas\u0131 co\u011frafyas\u0131yla harmanlayan hazinelerdir. Kitaptaki masallar\u0131n hepsinde hem Fatma \u00d6nkol\u2019un kendisini hem de ta\u015f\u0131d\u0131\u011f\u0131 binlerce y\u0131l\u0131n bilgeli\u011fini g\u00f6receksiniz. Masal anam\u0131z Fatma \u00d6nkol\u2019un dilinden masallar bize topra\u011f\u0131, suyu, havay\u0131, ate\u015fi, d\u00fcn\u00fc, bug\u00fcn\u00fc, \u00e7\u00f6lleri, denizleri, sakl\u0131 hazineleri ve en \u00e7ok bilgiyi, bilgeli\u011fi bir tarhana \u00e7orbas\u0131n\u0131n lezzetiyle, bir zeybe\u011fin kanatlan\u0131p u\u00e7arcas\u0131na dans etmesinin esteti\u011fiyle, bir kilimin her bir ilme\u011findeki eme\u011fiyle sunmakta. Se\u00e7kin Sarpkaya <\/p>\n","protected":false},"excerpt":{"rendered":"<p>Masallar s\u00f6z\u00fcn do\u011fdu\u011fu andan beridir bizimle olan, zaman\u0131 ve mek\u00e2n\u0131 a\u015fan, hayal g\u00fcc\u00fcm\u00fcz\u00fcn s\u0131n\u0131rs\u0131zl\u0131\u011f\u0131n\u0131 anlat\u0131m g\u00fcc\u00fcm\u00fcz\u00fcn s\u0131n\u0131rs\u0131zl\u0131\u011f\u0131yla birle\u015ftirip insan\u0131n en saf ve ayn\u0131 zamanda en karma\u015f\u0131k<span class=\"excerpt-hellip\"> [\u2026]<\/span><\/p>\n","protected":false},"featured_media":0,"template":"","meta":{"_monsterinsights_skip_tracking":false,"_monsterinsights_sitenote_active":false,"_monsterinsights_sitenote_note":"","_monsterinsights_sitenote_category":0},"product_brand":[],"product_cat":[20234,12291],"product_tag":[],"class_list":{"0":"post-731743","1":"product","2":"type-product","3":"status-publish","5":"product_cat-divan-edebiyati-halk-edebiyati","6":"product_cat-edebiyat","7":"pa_cilt-ciltsiz","8":"pa_tur-kitap","9":"pa_yayinevi-karakum-yayinevi","10":"pa_yazar-abdulkadir-onkol","12":"first","13":"instock","14":"sale","15":"shipping-taxable","16":"purchasable","17":"product-type-simple"},"_links":{"self":[{"href":"https:\/\/roveyayinevi.com.tr\/index.php\/wp-json\/wp\/v2\/product\/731743","targetHints":{"allow":["GET"]}}],"collection":[{"href":"https:\/\/roveyayinevi.com.tr\/index.php\/wp-json\/wp\/v2\/product"}],"about":[{"href":"https:\/\/roveyayinevi.com.tr\/index.php\/wp-json\/wp\/v2\/types\/product"}],"wp:attachment":[{"href":"https:\/\/roveyayinevi.com.tr\/index.php\/wp-json\/wp\/v2\/media?parent=731743"}],"wp:term":[{"taxonomy":"product_brand","embeddable":true,"href":"https:\/\/roveyayinevi.com.tr\/index.php\/wp-json\/wp\/v2\/product_brand?post=731743"},{"taxonomy":"product_cat","embeddable":true,"href":"https:\/\/roveyayinevi.com.tr\/index.php\/wp-json\/wp\/v2\/product_cat?post=731743"},{"taxonomy":"product_tag","embeddable":true,"href":"https:\/\/roveyayinevi.com.tr\/index.php\/wp-json\/wp\/v2\/product_tag?post=731743"}],"curies":[{"name":"wp","href":"https:\/\/api.w.org\/{rel}","templated":true}]}}