{"id":731742,"date":"2025-08-27T21:37:43","date_gmt":"2025-08-27T18:37:43","guid":{"rendered":"https:\/\/roveyayinevi.com.tr\/index.php\/urun\/psikanaliz-defterleri-6-cocuk-ve-ergen-calismalari-siddet-ve-yikicilik\/"},"modified":"2026-04-16T02:39:46","modified_gmt":"2026-04-15T23:39:46","slug":"psikanaliz-defterleri-6-cocuk-ve-ergen-calismalari-siddet-ve-yikicilik","status":"publish","type":"product","link":"https:\/\/roveyayinevi.com.tr\/index.php\/urun\/psikanaliz-defterleri-6-cocuk-ve-ergen-calismalari-siddet-ve-yikicilik\/","title":{"rendered":"Psikanaliz Defterleri 6 \u2013 \u00c7ocuk ve Ergen \u00c7al\u0131\u015fmalar\u0131  \u015eiddet ve Y\u0131k\u0131c\u0131l\u0131k"},"content":{"rendered":"<p>\u00c7ocuk ve ergen sorunlar\u0131n\u0131 psikanalizin bak\u0131\u015f a\u00e7\u0131s\u0131ndan ele almay\u0131 ve gerek ruh sa\u011fl\u0131\u011f\u0131 profesyonellerine gerekse e\u011fitimcilere ve anne babalara de\u011fi\u015fik bak\u0131\u015f a\u00e7\u0131lar\u0131 sunarak yard\u0131mc\u0131 olmay\u0131 hedefleyen Psikanaliz Defterleri bu alt\u0131nc\u0131 say\u0131yla birlikte \u00fc\u00e7\u00fcnc\u00fc y\u0131l\u0131n\u0131 dolduruyor. Yine yerli ve yabanc\u0131 psikanalistlerin yaz\u0131lar\u0131n\u0131n yer ald\u0131\u011f\u0131 bu say\u0131n\u0131n konusu ise \u201c\u015fiddet ve y\u0131k\u0131c\u0131l\u0131k\u201d. \u015eiddetin ki\u015finin kendisine y\u00f6neltti\u011fi bi\u00e7imleri olarak intihar, anoreksiya nervosa gibi olgular\u0131n yan\u0131s\u0131ra, sava\u015f travmalar\u0131n\u0131n ku\u015faklar aras\u0131 iletimi, aile i\u00e7i \u015fiddet, internette \u015fiddet gibi g\u00fcncel konular ele al\u0131n\u0131yor.   Philippe Jeammet Bebeklikten Ergenli\u011fe: Y\u0131k\u0131c\u0131l\u0131\u011f\u0131n Yollar\u0131   Ren\u00e9 Roussillon Erken Travma ve Y\u0131k\u0131c\u0131l\u0131\u011f\u0131n Alevlenmesi   Tuba Tokg\u00f6z \u00c7ocuklu\u011fun Vah\u015fi \u015eeyleri: Anneyi Yok Etmek ve Yeniden Bulmak   Fran\u00e7ois Marty Ergenlikte Annebaba Katli   Rosine Perelberg \u015eiddete Meyilli Gen\u00e7 bir Adam\u0131n Analizinde \u00d6zde\u015fle\u015fme ve Kimlik Etkile\u015fimleri: Teknik Meseleler   Chris Joannidis Hi\u00e7 Bitmeyen Sava\u015f   Talat Parman Bir \u015eiddet Eylemi Olarak \u00d6zk\u0131y\u0131m   Marjorie Roques ve Anne-Val\u00e9rie Mazoyer Evlat Edinilmi\u015f Ergenlerde Kendine Dayat\u0131lan Bir \u015eiddet T\u00fcr\u00fc Olarak \u0130ntihar Giri\u015fimleri   Kerime Camadan Anoreksik Semptom Ne \u0130\u015fe Yarar, \u0130\u015flevi Nedir, Bize Ne S\u00f6yler?   Mary T. Brady Baz\u0131 Anoreksiya Vakalar\u0131nda G\u00f6r\u00fclen Bir Ergenlik D\u00fc\u015flemi: Anneyi Yiyip Bitirme Korkusu   Filiz Torun \u015eiddet Olarak Fobi   Sezai Halifeo\u011flu Aile \u0130\u00e7i \u015eiddet   Tijen Demir\u00f6rs A\u015f\u0131r\u0131 Korumac\u0131 Anneli\u011fin \u015eiddeti: Perihan Ma\u011fden\u2019in Biz kimden ka\u00e7\u0131yorduk Anne? Roman\u0131 \u00dczerinden Bir De\u011ferlendirme   Defne Satgan Gouban Ma\u011fdur Edilenden Ma\u011fdur Edene: Ergenlikte Yasad\u0131\u015f\u0131 Eyleme Ge\u00e7i\u015fe Dair Ma\u011fdur-bilimsel (Viktimolojik) Bir \u0130nceleme   Neslihan Zabc\u0131 \u015eiddet D\u00fcrt\u00fcs\u00fcnden Zorbal\u0131\u011fa: Teknolojik Ara\u00e7lar\u0131n Etkisi <\/p>\n","protected":false},"excerpt":{"rendered":"<p>\u00c7ocuk ve ergen sorunlar\u0131n\u0131 psikanalizin bak\u0131\u015f a\u00e7\u0131s\u0131ndan ele almay\u0131 ve gerek ruh sa\u011fl\u0131\u011f\u0131 profesyonellerine gerekse e\u011fitimcilere ve anne babalara de\u011fi\u015fik bak\u0131\u015f a\u00e7\u0131lar\u0131 sunarak yard\u0131mc\u0131 olmay\u0131 hedefleyen<span class=\"excerpt-hellip\"> [\u2026]<\/span><\/p>\n","protected":false},"featured_media":0,"template":"","meta":{"_monsterinsights_skip_tracking":false,"_monsterinsights_sitenote_active":false,"_monsterinsights_sitenote_note":"","_monsterinsights_sitenote_category":0},"product_brand":[],"product_cat":[12364,12376],"product_tag":[],"class_list":{"0":"post-731742","1":"product","2":"type-product","3":"status-publish","5":"product_cat-genel-konular","6":"product_cat-kisisel-gelisim","7":"pa_cilt-ciltsiz","8":"pa_tur-kitap","9":"pa_yayinevi-yapi-kredi-yayinlari","10":"pa_yazar-yapi-kredi-yayinlari-kolektif","12":"first","13":"instock","14":"sale","15":"shipping-taxable","16":"purchasable","17":"product-type-simple"},"_links":{"self":[{"href":"https:\/\/roveyayinevi.com.tr\/index.php\/wp-json\/wp\/v2\/product\/731742","targetHints":{"allow":["GET"]}}],"collection":[{"href":"https:\/\/roveyayinevi.com.tr\/index.php\/wp-json\/wp\/v2\/product"}],"about":[{"href":"https:\/\/roveyayinevi.com.tr\/index.php\/wp-json\/wp\/v2\/types\/product"}],"wp:attachment":[{"href":"https:\/\/roveyayinevi.com.tr\/index.php\/wp-json\/wp\/v2\/media?parent=731742"}],"wp:term":[{"taxonomy":"product_brand","embeddable":true,"href":"https:\/\/roveyayinevi.com.tr\/index.php\/wp-json\/wp\/v2\/product_brand?post=731742"},{"taxonomy":"product_cat","embeddable":true,"href":"https:\/\/roveyayinevi.com.tr\/index.php\/wp-json\/wp\/v2\/product_cat?post=731742"},{"taxonomy":"product_tag","embeddable":true,"href":"https:\/\/roveyayinevi.com.tr\/index.php\/wp-json\/wp\/v2\/product_tag?post=731742"}],"curies":[{"name":"wp","href":"https:\/\/api.w.org\/{rel}","templated":true}]}}