{"id":731741,"date":"2025-08-27T21:37:42","date_gmt":"2025-08-27T18:37:42","guid":{"rendered":"https:\/\/roveyayinevi.com.tr\/index.php\/urun\/iki-satir-iki-satirdir-alev-ebuzziyaya-mektuplar-1962-1976\/"},"modified":"2026-04-16T02:39:46","modified_gmt":"2026-04-15T23:39:46","slug":"iki-satir-iki-satirdir-alev-ebuzziyaya-mektuplar-1962-1976","status":"publish","type":"product","link":"https:\/\/roveyayinevi.com.tr\/index.php\/urun\/iki-satir-iki-satirdir-alev-ebuzziyaya-mektuplar-1962-1976\/","title":{"rendered":"\u0130ki Sat\u0131r, \u0130ki Sat\u0131rd\u0131r \u2013 Alev Eb\u00fczziya&#8217;ya Mektuplar 1962-1976"},"content":{"rendered":"<p>Edip Cansever\u2019den Alev Eb\u00fczziya\u2019ya, bir tutkunun mektuplar\u0131 \u0130ki Sat\u0131r, \u0130ki Sat\u0131rd\u0131r   1962-76 y\u0131llar\u0131nda yaz\u0131lm\u0131\u015f 123 mektuptan olu\u015fan kitapta sadece Alev Eb\u00fczziya ar\u015fivindeki Edip Cansever mektuplar\u0131 yer al\u0131yor, Alev Eb\u00fczziya\u2019n\u0131n Cansever\u2019e kar\u015f\u0131l\u0131k verdi\u011fi mektuplarsa saklanmad\u0131\u011f\u0131 i\u00e7in bulunmuyor.   Fransa\u2019da T\u00fcrk edebiyat\u0131 alan\u0131nda doktora \u00e7al\u0131\u015fmas\u0131 yapan Habil Sa\u011flam\u2019\u0131n yay\u0131na haz\u0131rlad\u0131\u011f\u0131 \u0130ki Sat\u0131r, \u0130ki Sat\u0131rd\u0131r kitab\u0131nda Edip Cansever\u2019i Kapal\u0131\u00e7ar\u015f\u0131\u2019daki d\u00fckk\u00e2n\u0131n asma kat\u0131nda \u015fiir yazarken; Sinematek salonunda film izlerken; Beyo\u011flu gecelerini beyaz kadehlerle parlat\u0131rken; \u201cSevgili Alevci\u201dden mektup getirecek \u201c\u015fi\u015fman postac\u0131\u201dy\u0131 beklerken; Memet Fuat\u2019\u0131n Yeni Dergi\u2019sine \u015fiir verirken; \u00fclkenin siyasal-toplumsal sorunlar\u0131yla ilgilenirken; \u015ei\u015fli\u2019deki evinde, Fenerbah\u00e7e dalyan\u0131ndaki yazl\u0131\u011f\u0131nda dostlar\u0131n\u0131 a\u011f\u0131rlarken; Bebek\u2019e ta\u015f\u0131nd\u0131\u011f\u0131 ilk g\u00fcnlerin izlenimlerini, duygulan\u0131mlar\u0131n\u0131 yazarken; Beyo\u011flu pasajlar\u0131ndan Bo\u011faz\u2019a \u00e7\u0131karken, g\u00f6\u011fe, denize, bakarken g\u00f6r\u00fcyoruz. \u015eairin mektuplar\u0131 \u015fiirine d\u00e2hil\u2026   \u0130ki Sat\u0131r, \u0130ki Sat\u0131rd\u0131r modern \u015fiirimizin bir b\u00fcy\u00fck ustas\u0131n\u0131n i\u00e7 d\u00fcnyas\u0131n\u0131 \u00f6n\u00fcm\u00fcze koyuyor. Edip Cansever\u2019in en \u00fcretken d\u00f6neminde, Tragedyalar (1964), \u00c7a\u011fr\u0131lmayan Yakup (1966), Kirli A\u011fustos (1970), Sonras\u0131 Kal\u0131r (1974), Ben Ruhi Bey Nas\u0131l\u0131m (1976) kitaplar\u0131n\u0131n olu\u015ftu\u011fu y\u0131llarda yaz\u0131lm\u0131\u015f mektuplar bize \u00e7ok \u015fey s\u00f6yl\u00fcyor. Cansever deyi\u015fiyle s\u00f6ylersek, \u201c\u015fairin kan\u0131\u201dyla yaz\u0131lm\u0131\u015f her bir mektupta \u015fairin ya\u015fam\u0131yla \u015fiirinin i\u00e7 i\u00e7e olu\u015fu hemen g\u00f6ze \u00e7arp\u0131yor. G\u00f6nl\u00fcnden ge\u00e7enleri, s\u0131k\u0131nt\u0131lar\u0131, d\u00fc\u015fleri, ama\u00e7lar\u0131 dile getiri\u015finde; g\u00fcnlerini kimlerle, nas\u0131l ge\u00e7irdi\u011fini anlat\u0131\u015f\u0131nda; k\u0131sacas\u0131 s\u00f6z\u00fc k\u00e2\u011f\u0131da her d\u00f6k\u00fc\u015f\u00fcnde \u015fiirle ya\u015fad\u0131\u011f\u0131n\u0131, \u00f6zg\u00fcn bulu\u015f ve s\u00f6yleyi\u015fler geli\u015ftirdi\u011fini g\u00f6r\u00fcyoruz.   Yer yer okuru b\u00fcy\u00fcleyen, \u015fiirsel gerilim y\u00fckl\u00fc mektuplardan olu\u015fan bir kitap \u0130ki Sat\u0131r, \u0130ki Sat\u0131rd\u0131r. Sevdaya tutulmu\u015f bir \u015fairin yaratt\u0131\u011f\u0131 samanyolu.     \u0130K\u0130 SATIR, \u0130K\u0130 SATIRDIR K\u0130TABINDAN BAZI SATIRLAR:   \u201c\u0130ki sat\u0131r, iki sat\u0131rd\u0131r, Alev reis! Biz ki, \u00e7o\u011fu zaman iki sat\u0131r i\u00e7in ya\u015f\u0131yoruz. Kimi zaman da kelime kelime, harf harf bakar\u0131z bu iki sat\u0131rlara.\u201d \u201c\u0130ster seramik yap, ister kendini koy d\u00fcnyaya. \u0130kisi aras\u0131nda b\u00fcy\u00fck bir fark m\u0131 var san\u0131yorsun? Ben seni, ac\u0131y\u0131 sevgiye d\u00f6n\u00fc\u015ft\u00fcren; korkuyu cesarete, \u00e7irkini g\u00fczele \u00e7eviren usta bir simyac\u0131 olarak g\u00f6r\u00fcyorum.\u201d     \u201cNe s\u0131k\u0131nt\u0131y\u0131 d\u00fc\u015f\u00fcn\u00fcyorum bug\u00fcn, ne \u00f6l\u00fcm\u00fc. D\u00fcnya beyaz, ben beyaz\u0131m. Ve insanlar koro halinde \u015fiirlerimi okuyorlar bana. Bense serserinin biriyim. Kafam\u0131n i\u00e7i yanm\u0131\u015f yemek kokuyor. Allahtan yan\u0131mda de\u011filsin bug\u00fcn; dudaklar\u0131na bakar da, bir hafta soka\u011fa \u00e7\u0131kamazd\u0131m sonra.\u201d \u201cNeden her sabah sabah olur. Ben ellerime bakar\u0131m, g\u00f6zlerime. Yaz\u0131l\u0131 k\u00e2\u011f\u0131ts\u0131z bir d\u00fcnyada ya\u015famay\u0131 d\u00fc\u015flerim hep. D\u00fcnyan\u0131n en g\u00fczel dilek\u00e7eleri y\u0131ld\u0131zlard\u0131r, en g\u00fczel makbuzlar yeni kesilmi\u015f ya\u015fl\u0131 a\u011fa\u00e7lard\u0131r, en g\u00fczel senetler o g\u00fcn sevdi\u011fim biriyle bulu\u015faca\u011f\u0131m saattir. Ben mektubum, kitab\u0131m, bo\u015flu\u011fa i\u00e7inden giydirilmi\u015f kahverengi bir eldivenim.\u201d \u201cD\u00fcn gece bir transatlantik ge\u00e7ti, \u0130stanbul bir ba\u015fka yere g\u00f6\u00e7 ediyor san\u0131rd\u0131n.\u201d \u201cSeni sevmeyi d\u00fcnyan\u0131n en g\u00fczel \u015fiiri yapaca\u011f\u0131m.\u201d <\/p>\n","protected":false},"excerpt":{"rendered":"<p>Edip Cansever\u2019den Alev Eb\u00fczziya\u2019ya, bir tutkunun mektuplar\u0131 \u0130ki Sat\u0131r, \u0130ki Sat\u0131rd\u0131r 1962-76 y\u0131llar\u0131nda yaz\u0131lm\u0131\u015f 123 mektuptan olu\u015fan kitapta sadece Alev Eb\u00fczziya ar\u015fivindeki Edip Cansever mektuplar\u0131 yer<span class=\"excerpt-hellip\"> [\u2026]<\/span><\/p>\n","protected":false},"featured_media":0,"template":"","meta":{"_monsterinsights_skip_tracking":false,"_monsterinsights_sitenote_active":false,"_monsterinsights_sitenote_note":"","_monsterinsights_sitenote_category":0},"product_brand":[],"product_cat":[14009,12291],"product_tag":[],"class_list":{"0":"post-731741","1":"product","2":"type-product","3":"status-publish","5":"product_cat-biyografi-otobiyografi-edebiyat","6":"product_cat-edebiyat","7":"pa_cilt-ciltsiz","8":"pa_tur-kitap","9":"pa_yayinevi-yapi-kredi-yayinlari","10":"pa_yazar-edip-cansever","12":"first","13":"instock","14":"sale","15":"shipping-taxable","16":"purchasable","17":"product-type-simple"},"_links":{"self":[{"href":"https:\/\/roveyayinevi.com.tr\/index.php\/wp-json\/wp\/v2\/product\/731741","targetHints":{"allow":["GET"]}}],"collection":[{"href":"https:\/\/roveyayinevi.com.tr\/index.php\/wp-json\/wp\/v2\/product"}],"about":[{"href":"https:\/\/roveyayinevi.com.tr\/index.php\/wp-json\/wp\/v2\/types\/product"}],"wp:attachment":[{"href":"https:\/\/roveyayinevi.com.tr\/index.php\/wp-json\/wp\/v2\/media?parent=731741"}],"wp:term":[{"taxonomy":"product_brand","embeddable":true,"href":"https:\/\/roveyayinevi.com.tr\/index.php\/wp-json\/wp\/v2\/product_brand?post=731741"},{"taxonomy":"product_cat","embeddable":true,"href":"https:\/\/roveyayinevi.com.tr\/index.php\/wp-json\/wp\/v2\/product_cat?post=731741"},{"taxonomy":"product_tag","embeddable":true,"href":"https:\/\/roveyayinevi.com.tr\/index.php\/wp-json\/wp\/v2\/product_tag?post=731741"}],"curies":[{"name":"wp","href":"https:\/\/api.w.org\/{rel}","templated":true}]}}