{"id":731740,"date":"2025-08-27T21:37:41","date_gmt":"2025-08-27T18:37:41","guid":{"rendered":"https:\/\/roveyayinevi.com.tr\/index.php\/urun\/gunduz-ve-gece-dusleri\/"},"modified":"2026-04-16T02:39:45","modified_gmt":"2026-04-15T23:39:45","slug":"gunduz-ve-gece-dusleri","status":"publish","type":"product","link":"https:\/\/roveyayinevi.com.tr\/index.php\/urun\/gunduz-ve-gece-dusleri\/","title":{"rendered":"G\u00fcnd\u00fcz ve Gece D\u00fc\u015fleri"},"content":{"rendered":"<p>Marc Aug\u00e9\u2019den hayat ile \u00f6l\u00fcm\u00fcn, d\u00fc\u015f ile ger\u00e7e\u011fin, unutu\u015f ile hat\u0131rlaman\u0131n s\u0131n\u0131rlar\u0131n\u0131 mu\u011flakla\u015ft\u0131ran k\u0131sa anlat\u0131lar.   \u00d6l\u00fcm d\u00f6\u015fe\u011findeyken bir anl\u0131\u011f\u0131na komadan \u00e7\u0131k\u0131p kadim dostuna telefonda son bir kez ho\u015f\u00e7a kal diyen bir adam; bir zamanlar delicesine sevdi\u011fi kad\u0131n\u0131 bulmak i\u00e7in s\u00fcrekli hastaneden ka\u00e7an bir amnezi hastas\u0131; \u00f6l\u00fcm\u00fcn\u00fc ve cenaze t\u00f6renini gazetenin \u00f6l\u00fcm ilanlar\u0131ndan \u00f6\u011frenen bir profes\u00f6r&#8230;  G\u00fcnd\u00fcz ve Gece D\u00fc\u015fleri, insan\u0131n en gizemli kuyusu olan bilincin derinliklerine edebiyatla \u0131\u015f\u0131k tutuyor.<\/p>\n","protected":false},"excerpt":{"rendered":"<p>Marc Aug\u00e9\u2019den hayat ile \u00f6l\u00fcm\u00fcn, d\u00fc\u015f ile ger\u00e7e\u011fin, unutu\u015f ile hat\u0131rlaman\u0131n s\u0131n\u0131rlar\u0131n\u0131 mu\u011flakla\u015ft\u0131ran k\u0131sa anlat\u0131lar. \u00d6l\u00fcm d\u00f6\u015fe\u011findeyken bir anl\u0131\u011f\u0131na komadan \u00e7\u0131k\u0131p kadim dostuna telefonda son bir<span class=\"excerpt-hellip\"> [\u2026]<\/span><\/p>\n","protected":false},"featured_media":0,"template":"","meta":{"_monsterinsights_skip_tracking":false,"_monsterinsights_sitenote_active":false,"_monsterinsights_sitenote_note":"","_monsterinsights_sitenote_category":0},"product_brand":[],"product_cat":[18545,12291],"product_tag":[],"class_list":{"0":"post-731740","1":"product","2":"type-product","3":"status-publish","5":"product_cat-anlati","6":"product_cat-edebiyat","7":"pa_cilt-ciltsiz","8":"pa_tur-kitap","9":"pa_yayinevi-yapi-kredi-yayinlari","10":"pa_yazar-marc-auge","12":"first","13":"instock","14":"sale","15":"shipping-taxable","16":"purchasable","17":"product-type-simple"},"_links":{"self":[{"href":"https:\/\/roveyayinevi.com.tr\/index.php\/wp-json\/wp\/v2\/product\/731740","targetHints":{"allow":["GET"]}}],"collection":[{"href":"https:\/\/roveyayinevi.com.tr\/index.php\/wp-json\/wp\/v2\/product"}],"about":[{"href":"https:\/\/roveyayinevi.com.tr\/index.php\/wp-json\/wp\/v2\/types\/product"}],"wp:attachment":[{"href":"https:\/\/roveyayinevi.com.tr\/index.php\/wp-json\/wp\/v2\/media?parent=731740"}],"wp:term":[{"taxonomy":"product_brand","embeddable":true,"href":"https:\/\/roveyayinevi.com.tr\/index.php\/wp-json\/wp\/v2\/product_brand?post=731740"},{"taxonomy":"product_cat","embeddable":true,"href":"https:\/\/roveyayinevi.com.tr\/index.php\/wp-json\/wp\/v2\/product_cat?post=731740"},{"taxonomy":"product_tag","embeddable":true,"href":"https:\/\/roveyayinevi.com.tr\/index.php\/wp-json\/wp\/v2\/product_tag?post=731740"}],"curies":[{"name":"wp","href":"https:\/\/api.w.org\/{rel}","templated":true}]}}