{"id":731738,"date":"2025-08-27T21:37:38","date_gmt":"2025-08-27T18:37:38","guid":{"rendered":"https:\/\/roveyayinevi.com.tr\/index.php\/urun\/gece-yarisindan-sonra-bir-saat-novalis\/"},"modified":"2026-04-16T02:39:45","modified_gmt":"2026-04-15T23:39:45","slug":"gece-yarisindan-sonra-bir-saat-novalis","status":"publish","type":"product","link":"https:\/\/roveyayinevi.com.tr\/index.php\/urun\/gece-yarisindan-sonra-bir-saat-novalis\/","title":{"rendered":"Gece Yar\u0131s\u0131ndan Sonra Bir Saat &#8211; Novalis"},"content":{"rendered":"<p>Hermann Hesse\u2019nin, yap\u0131t\u0131nda izledi\u011fi yolu anlamak isteyen okurlar i\u00e7in gen\u00e7lik d\u00f6nemi eserleri aras\u0131nda \u00f6nem atfedip HERMANN LAUSCHER ve PETER CAMENZIND kitaplar\u0131yla birlikte and\u0131\u011f\u0131 ve hen\u00fcz yirmi bir yirmi iki ya\u015flar\u0131nda kaleme ald\u0131\u011f\u0131 GECE YARISINDAN SONRA B\u0130R SAAT masals\u0131 atmosferiyle, Maeterlinck\u2019in etkisi alt\u0131nda gen\u00e7 bir yazar\u0131n kendisine yaratt\u0131\u011f\u0131 d\u00fc\u015f \u00fclkesinden ezgiler niteli\u011findedir. Yazar\u0131n ilk d\u00fczyaz\u0131 denemelerinden, yine ayn\u0131 y\u0131llarda yazd\u0131\u011f\u0131, kitap sevgisine ili\u015fkin \u201cNovalis\u201d \u00f6yk\u00fcs\u00fc, bibliyofil anlat\u0131c\u0131n\u0131n aktar\u0131m\u0131yla okuru eski kitaplar\u0131n ge\u00e7mi\u015fteki ve gelecekteki hayali okurlar\u0131 ve dostluk \u00fczerine d\u00fc\u015f\u00fcnd\u00fcren bir yolculu\u011fa \u00e7\u0131kar\u0131r; bu yolculuk boyunca romantizmin \u00f6nc\u00fclerinden 18. y\u00fczy\u0131l sonu Alman \u015fairi Novalis\u2019in yap\u0131t\u0131n\u0131 selamlar. \u201c\u015eimdi burada g\u00f6rd\u00fc\u011f\u00fcn ne varsa, her \u015fey b\u00fct\u00fcn ger\u00e7ekliklerden daha g\u00fczel ve b\u00fct\u00fcn ger\u00e7ekliklerden daha ger\u00e7ek.\u201d S\u00f6zler metalden yap\u0131lm\u0131\u015f gibi, yava\u015f ve a\u011f\u0131r okunuyor. Buna ra\u011fmen kitap edebi de\u011fil. En iyi yerlerinde gerekli ve tuhaf. Ta\u015f\u0131d\u0131\u011f\u0131 hu\u015fu i\u00e7ten ve derin. Sevgisi b\u00fcy\u00fck ve i\u00e7indeki b\u00fct\u00fcn duygular saf: Sanat\u0131n e\u015fi\u011finde duruyor.  Rainer Maria Rilke (GECE YARISINDAN SONRA B\u0130R SAAT kitab\u0131na dair)  GECE YARISINDAN SONRA B\u0130R SAAT\u2019teki d\u00fczyaz\u0131lar \u00fczerinde \u00e7al\u0131\u015f\u0131rken, kendime bir sanat\u00e7\u0131-d\u00fc\u015f \u00fclkesi, bir g\u00fczellikler adas\u0131 yaratm\u0131\u015ft\u0131m; d\u00fczyaz\u0131lardaki \u015fiirsellik g\u00fcncel d\u00fcnyan\u0131n \u00e7alkant\u0131lar\u0131ndan ve en diplerinden geceye, d\u00fc\u015flere ve yaln\u0131zl\u0131klar\u0131n g\u00fczelli\u011fine bir geri \u00e7ekilme anlam\u0131 ta\u015f\u0131maktayd\u0131&#8230; <\/p>\n","protected":false},"excerpt":{"rendered":"<p>Hermann Hesse\u2019nin, yap\u0131t\u0131nda izledi\u011fi yolu anlamak isteyen okurlar i\u00e7in gen\u00e7lik d\u00f6nemi eserleri aras\u0131nda \u00f6nem atfedip HERMANN LAUSCHER ve PETER CAMENZIND kitaplar\u0131yla birlikte and\u0131\u011f\u0131 ve hen\u00fcz yirmi<span class=\"excerpt-hellip\"> [\u2026]<\/span><\/p>\n","protected":false},"featured_media":0,"template":"","meta":{"_monsterinsights_skip_tracking":false,"_monsterinsights_sitenote_active":false,"_monsterinsights_sitenote_note":"","_monsterinsights_sitenote_category":0},"product_brand":[],"product_cat":[18545,12291],"product_tag":[],"class_list":{"0":"post-731738","1":"product","2":"type-product","3":"status-publish","5":"product_cat-anlati","6":"product_cat-edebiyat","7":"pa_cilt-ciltsiz","8":"pa_tur-kitap","9":"pa_yayinevi-yapi-kredi-yayinlari","10":"pa_yazar-hermann-hesse","12":"first","13":"instock","14":"sale","15":"shipping-taxable","16":"purchasable","17":"product-type-simple"},"_links":{"self":[{"href":"https:\/\/roveyayinevi.com.tr\/index.php\/wp-json\/wp\/v2\/product\/731738","targetHints":{"allow":["GET"]}}],"collection":[{"href":"https:\/\/roveyayinevi.com.tr\/index.php\/wp-json\/wp\/v2\/product"}],"about":[{"href":"https:\/\/roveyayinevi.com.tr\/index.php\/wp-json\/wp\/v2\/types\/product"}],"wp:attachment":[{"href":"https:\/\/roveyayinevi.com.tr\/index.php\/wp-json\/wp\/v2\/media?parent=731738"}],"wp:term":[{"taxonomy":"product_brand","embeddable":true,"href":"https:\/\/roveyayinevi.com.tr\/index.php\/wp-json\/wp\/v2\/product_brand?post=731738"},{"taxonomy":"product_cat","embeddable":true,"href":"https:\/\/roveyayinevi.com.tr\/index.php\/wp-json\/wp\/v2\/product_cat?post=731738"},{"taxonomy":"product_tag","embeddable":true,"href":"https:\/\/roveyayinevi.com.tr\/index.php\/wp-json\/wp\/v2\/product_tag?post=731738"}],"curies":[{"name":"wp","href":"https:\/\/api.w.org\/{rel}","templated":true}]}}