{"id":731736,"date":"2025-08-27T21:37:37","date_gmt":"2025-08-27T18:37:37","guid":{"rendered":"https:\/\/roveyayinevi.com.tr\/index.php\/urun\/enformasyon-caginda-marx-okumak\/"},"modified":"2026-04-16T02:39:45","modified_gmt":"2026-04-15T23:39:45","slug":"enformasyon-caginda-marx-okumak","status":"publish","type":"product","link":"https:\/\/roveyayinevi.com.tr\/index.php\/urun\/enformasyon-caginda-marx-okumak\/","title":{"rendered":"Enformasyon \u00c7a\u011f\u0131nda Marx Okumak"},"content":{"rendered":"<p>\u00dcnl\u00fc Marksist biliminsan\u0131 ve ele\u015ftirel medya kuramc\u0131s\u0131 Christian Fuchs; internet, dijital emek, sosyal medya, medya end\u00fcstrileri ve dijital s\u0131n\u0131f m\u00fccadeleleri gibi g\u00fcn\u00fcm\u00fcz olgular\u0131ndan faydalanarak medya ve ileti\u015fim \u00e7al\u0131\u015fmalar\u0131 perspektifinden Marx\u2019\u0131n temel kavramlar\u0131n\u0131 inceliyor. Enformasyon \u00e7a\u011f\u0131nda okurlar\u0131n Karl Marx\u2019\u0131 anlamalar\u0131na yard\u0131mc\u0131 olan Fuchs, Marx\u2019\u0131n en \u00f6nemli ve \u00e7\u0131\u011f\u0131r a\u00e7an yap\u0131t\u0131 Kapital Cilt 1 i\u00e7in her bir b\u00f6l\u00fcm\u00fcne kar\u015f\u0131l\u0131k gelen kapsaml\u0131 bir giri\u015f sunuyor.   Fuchs \u00e7e\u015fitli uluslararas\u0131 g\u00fcncel \u00f6rneklerle, Amazon, Google ve Facebook gibi ulus\u00f6tesi medya \u015firketlerinin k\u00fcresel kapitalizmin denetiminde giderek daha etkin bir rol oynad\u0131\u011f\u0131 bu d\u00f6nemde Marx ve eserlerinin devam eden \u00f6nemini vurguluyor.   Her bir b\u00f6l\u00fcm\u00fcn sonunda yer alan tart\u0131\u015fma sorular\u0131 ve al\u0131\u015ft\u0131rmalar, okurlar\u0131n Marx\u2019\u0131n \u00e7al\u0131\u015fmalar\u0131n\u0131 g\u00fcn\u00fcm\u00fcz ba\u011flamlar\u0131na daha derinlikli uygulamalar\u0131na yard\u0131mc\u0131 oluyor.<\/p>\n","protected":false},"excerpt":{"rendered":"<p>\u00dcnl\u00fc Marksist biliminsan\u0131 ve ele\u015ftirel medya kuramc\u0131s\u0131 Christian Fuchs; internet, dijital emek, sosyal medya, medya end\u00fcstrileri ve dijital s\u0131n\u0131f m\u00fccadeleleri gibi g\u00fcn\u00fcm\u00fcz olgular\u0131ndan faydalanarak medya ve<span class=\"excerpt-hellip\"> [\u2026]<\/span><\/p>\n","protected":false},"featured_media":0,"template":"","meta":{"_monsterinsights_skip_tracking":false,"_monsterinsights_sitenote_active":false,"_monsterinsights_sitenote_note":"","_monsterinsights_sitenote_category":0},"product_brand":[],"product_cat":[15983,13488],"product_tag":[],"class_list":{"0":"post-731736","1":"product","2":"type-product","3":"status-publish","5":"product_cat-iletisim-ve-medya","6":"product_cat-toplum-ve-insan","7":"pa_cilt-ciltsiz","8":"pa_tur-kitap","9":"pa_yayinevi-koyusiyah-kitap","10":"pa_yazar-christian-fuchs","12":"first","13":"instock","14":"sale","15":"shipping-taxable","16":"purchasable","17":"product-type-simple"},"_links":{"self":[{"href":"https:\/\/roveyayinevi.com.tr\/index.php\/wp-json\/wp\/v2\/product\/731736","targetHints":{"allow":["GET"]}}],"collection":[{"href":"https:\/\/roveyayinevi.com.tr\/index.php\/wp-json\/wp\/v2\/product"}],"about":[{"href":"https:\/\/roveyayinevi.com.tr\/index.php\/wp-json\/wp\/v2\/types\/product"}],"wp:attachment":[{"href":"https:\/\/roveyayinevi.com.tr\/index.php\/wp-json\/wp\/v2\/media?parent=731736"}],"wp:term":[{"taxonomy":"product_brand","embeddable":true,"href":"https:\/\/roveyayinevi.com.tr\/index.php\/wp-json\/wp\/v2\/product_brand?post=731736"},{"taxonomy":"product_cat","embeddable":true,"href":"https:\/\/roveyayinevi.com.tr\/index.php\/wp-json\/wp\/v2\/product_cat?post=731736"},{"taxonomy":"product_tag","embeddable":true,"href":"https:\/\/roveyayinevi.com.tr\/index.php\/wp-json\/wp\/v2\/product_tag?post=731736"}],"curies":[{"name":"wp","href":"https:\/\/api.w.org\/{rel}","templated":true}]}}