{"id":731734,"date":"2025-08-27T21:37:35","date_gmt":"2025-08-27T18:37:35","guid":{"rendered":"https:\/\/roveyayinevi.com.tr\/index.php\/urun\/fatih-ve-fetih\/"},"modified":"2026-04-16T02:39:45","modified_gmt":"2026-04-15T23:39:45","slug":"fatih-ve-fetih","status":"publish","type":"product","link":"https:\/\/roveyayinevi.com.tr\/index.php\/urun\/fatih-ve-fetih\/","title":{"rendered":"Fatih ve Fetih"},"content":{"rendered":"<p>\u201c\u0130kinci Murad\u2019\u0131n vasiyetnamesi mucibince F\u00e2tih\u2019in tahta \u00e7\u0131kar \u00e7\u0131kmaz \u0130stanbul meselesini ele ald\u0131\u011f\u0131ndan bahsedilir. Fetih\u2019le neticelenen ve \u0130kinci Mehmed\u2019e \u201cF\u00e2tih\u201d ve \u201cEbu-l-Feth\u201d unvanlar\u0131n\u0131 kazand\u0131ran yedinci muh\u00e2sara Hicret\u2019in 857 senesi 26 Rebi\u2019\u00fcl-evvel ve \u201cJulien\u201d denilen eski Mil\u00e2d takviminin 1453 senesi 6 Nisan Cuma g\u00fcn\u00fcnden ayn\u0131 Hicri ve Mil\u00e2d\u00ee senelerin 20 Cumada-l-ula ve 29 May\u0131s Sal\u0131 sabah\u0131na kadar 53 g\u00fcn s\u00fcr\u00fcp 54\u2019\u00fcnc\u00fc g\u00fcn\u00fc erkenden \u015fehir fethedilmi\u015ftir: Bug\u00fcn kullanmakta oldu\u011fumuz \u201cGregorien\u201d ismindeki yeni Mil\u00e2d takviminde muh\u00e2sara ba\u015f\u0131yla fetih g\u00fcn\u00fc 15 Nisan ve 7 Haziran Cuma ve Sal\u0131 g\u00fcnlerine tesad\u00fcf etmektedir. Bu vaziyete g\u00f6re \u0130stanbul\u2019un Fethi sekiz bu\u00e7uk as\u0131rl\u0131k din\u00ee ve d\u00f6rt as\u0131rl\u0131k mill\u00ee bir ideal u\u011frunda devir devir ve dalga dalga d\u00f6k\u00fclm\u00fc\u015f M\u00fcsl\u00fcman ve T\u00fcrk kanlar\u0131n\u0131n temin etti\u011fi \u00e7etin ve muazzam bir netice demektir: \u0130\u015fte bundan dolay\u0131 \u0130stanbul Fethi yery\u00fcz\u00fcndeki b\u00fct\u00fcn M\u00fcsl\u00fcmanlarla b\u00fct\u00fcn T\u00fcrkler i\u00e7in tarihin en b\u00fcy\u00fck vak\u2019as\u0131d\u0131r.\u201d \u0130smail Hami Dani\u015fmend \u0130smail Hami Dani\u015fmend\u2019in Fatih\u2019in Hayat\u0131 ve Fetih Takvimi ve \u0130stanbul Fethinin \u0130nsan\u00ee ve Meden\u00ee K\u0131ymeti adl\u0131 eserleri birle\u015ftirilerek olu\u015fturulan F\u00e2tih ve Fetih, d\u00fcnya tarihine y\u00f6n veren; hakk\u0131nda say\u0131s\u0131z eser yaz\u0131lm\u0131\u015f olan \u0130stanbul\u2019un fethini bu Dani\u015fmend\u2019in s\u0131ra d\u0131\u015f\u0131 bak\u0131\u015f a\u00e7\u0131s\u0131yla okumam\u0131za imk\u00e2n sa\u011fl\u0131yor.<\/p>\n","protected":false},"excerpt":{"rendered":"<p>\u201c\u0130kinci Murad\u2019\u0131n vasiyetnamesi mucibince F\u00e2tih\u2019in tahta \u00e7\u0131kar \u00e7\u0131kmaz \u0130stanbul meselesini ele ald\u0131\u011f\u0131ndan bahsedilir. Fetih\u2019le neticelenen ve \u0130kinci Mehmed\u2019e \u201cF\u00e2tih\u201d ve \u201cEbu-l-Feth\u201d unvanlar\u0131n\u0131 kazand\u0131ran yedinci muh\u00e2sara Hicret\u2019in<span class=\"excerpt-hellip\"> [\u2026]<\/span><\/p>\n","protected":false},"featured_media":0,"template":"","meta":{"_monsterinsights_skip_tracking":false,"_monsterinsights_sitenote_active":false,"_monsterinsights_sitenote_note":"","_monsterinsights_sitenote_category":0},"product_brand":[],"product_cat":[12370,12304],"product_tag":[],"class_list":{"0":"post-731734","1":"product","2":"type-product","3":"status-publish","5":"product_cat-arastirma-inceleme","6":"product_cat-tarih","7":"pa_cilt-ciltsiz","8":"pa_tur-kitap","9":"pa_yayinevi-otuken-nesriyat","10":"pa_yazar-ismail-hami-danismend","12":"first","13":"instock","14":"sale","15":"shipping-taxable","16":"purchasable","17":"product-type-simple"},"_links":{"self":[{"href":"https:\/\/roveyayinevi.com.tr\/index.php\/wp-json\/wp\/v2\/product\/731734","targetHints":{"allow":["GET"]}}],"collection":[{"href":"https:\/\/roveyayinevi.com.tr\/index.php\/wp-json\/wp\/v2\/product"}],"about":[{"href":"https:\/\/roveyayinevi.com.tr\/index.php\/wp-json\/wp\/v2\/types\/product"}],"wp:attachment":[{"href":"https:\/\/roveyayinevi.com.tr\/index.php\/wp-json\/wp\/v2\/media?parent=731734"}],"wp:term":[{"taxonomy":"product_brand","embeddable":true,"href":"https:\/\/roveyayinevi.com.tr\/index.php\/wp-json\/wp\/v2\/product_brand?post=731734"},{"taxonomy":"product_cat","embeddable":true,"href":"https:\/\/roveyayinevi.com.tr\/index.php\/wp-json\/wp\/v2\/product_cat?post=731734"},{"taxonomy":"product_tag","embeddable":true,"href":"https:\/\/roveyayinevi.com.tr\/index.php\/wp-json\/wp\/v2\/product_tag?post=731734"}],"curies":[{"name":"wp","href":"https:\/\/api.w.org\/{rel}","templated":true}]}}