{"id":731733,"date":"2025-08-27T21:37:34","date_gmt":"2025-08-27T18:37:34","guid":{"rendered":"https:\/\/roveyayinevi.com.tr\/index.php\/urun\/fatih-istanbulda-2\/"},"modified":"2026-04-16T02:39:45","modified_gmt":"2026-04-15T23:39:45","slug":"fatih-istanbulda-2","status":"publish","type":"product","link":"https:\/\/roveyayinevi.com.tr\/index.php\/urun\/fatih-istanbulda-2\/","title":{"rendered":"Fatih \u0130stanbul\u2019da"},"content":{"rendered":"<p>\u201cGen\u00e7 Fatih, bir aral\u0131k g\u00f6zlerini kapad\u0131, bu u\u011fultuyu dinledi. Bizans, 1125 y\u0131ldan beri \u015eark\u00ee Roma\u2019ya payitahtl\u0131k eden b\u00fcy\u00fck \u015fehir, sanki ev ev, k\u00f6\u015fe k\u00f6\u015fe, mahalle mahalle y\u0131k\u0131l\u0131yor, \u00e7\u00f6k\u00fcyor, kayboluyordu. Kulaklara akseden u\u011fultuda b\u00f6yle derin ve umum\u00ee bir inhidam\u0131n iniltisi seziliyordu. Fatih, bu iniltiye dayanamam\u0131\u015f gibi g\u00f6r\u00fcnd\u00fc. Y\u00fcz\u00fcn\u00fc yan\u0131 ba\u015f\u0131nda duranlardan Za\u011fanos Pa\u015fa\u2019ya d\u00f6nd\u00fcrd\u00fc: \u201c\u015eehir,\u201d dedi, \u201cy\u0131k\u0131lmas\u0131n, can\u0131m s\u0131k\u0131l\u0131r.\u201d O, imanl\u0131 bir sesle efendisini temin etmekte acele g\u00f6sterdi:  \u201cT\u00fcrkler, \u015fehir almay\u0131 bildikleri kadar ald\u0131klar\u0131 \u015fehirleri korumay\u0131 da bilirler. \u0130stanbul\u2019un tek bir ta\u015f\u0131 yerinden d\u00fc\u015fmeyecektir sultan\u0131m.\u201d   \u0130stanbul\u2019un fethi sadece T\u00fcrk tarihini de\u011fil d\u00fcnya tarihini de \u015fekillendiren m\u00fchim olaylardan birisidir. Fetih ve Fatih hakk\u0131nda gerek yurt i\u00e7inde gerekse yurt d\u0131\u015f\u0131nda pek \u00e7ok kitap yay\u0131mlanm\u0131\u015f fetih, ara\u015ft\u0131rmac\u0131s\u0131ndan romanc\u0131s\u0131na her t\u00fcrden yazar\u0131n eserlerine konu olmu\u015ftur. T\u00fcrk edebiyat\u0131nda tarih\u00ee roman denince akla gelen ilk isimlerden birisi olan M. Turhan Tan\u2019\u0131n Yedig\u00fcn dergisinde ne\u015fredilen bu k\u0131sa fakat \u00e7arp\u0131c\u0131 roman\u0131 Fatih \u0130stanbul\u2019dafetih kitapl\u0131\u011f\u0131na k\u00fc\u00e7\u00fck de olsa katk\u0131 sa\u011flayacak cinstendir.<\/p>\n","protected":false},"excerpt":{"rendered":"<p>\u201cGen\u00e7 Fatih, bir aral\u0131k g\u00f6zlerini kapad\u0131, bu u\u011fultuyu dinledi. Bizans, 1125 y\u0131ldan beri \u015eark\u00ee Roma\u2019ya payitahtl\u0131k eden b\u00fcy\u00fck \u015fehir, sanki ev ev, k\u00f6\u015fe k\u00f6\u015fe, mahalle mahalle<span class=\"excerpt-hellip\"> [\u2026]<\/span><\/p>\n","protected":false},"featured_media":0,"template":"","meta":{"_monsterinsights_skip_tracking":false,"_monsterinsights_sitenote_active":false,"_monsterinsights_sitenote_note":"","_monsterinsights_sitenote_category":0},"product_brand":[],"product_cat":[12291,12745],"product_tag":[],"class_list":{"0":"post-731733","1":"product","2":"type-product","3":"status-publish","5":"product_cat-edebiyat","6":"product_cat-tarihi-roman","7":"pa_cilt-ciltsiz","8":"pa_tur-kitap","9":"pa_yayinevi-otuken-nesriyat","10":"pa_yazar-m-turhan-tan","12":"first","13":"instock","14":"sale","15":"shipping-taxable","16":"purchasable","17":"product-type-simple"},"_links":{"self":[{"href":"https:\/\/roveyayinevi.com.tr\/index.php\/wp-json\/wp\/v2\/product\/731733","targetHints":{"allow":["GET"]}}],"collection":[{"href":"https:\/\/roveyayinevi.com.tr\/index.php\/wp-json\/wp\/v2\/product"}],"about":[{"href":"https:\/\/roveyayinevi.com.tr\/index.php\/wp-json\/wp\/v2\/types\/product"}],"wp:attachment":[{"href":"https:\/\/roveyayinevi.com.tr\/index.php\/wp-json\/wp\/v2\/media?parent=731733"}],"wp:term":[{"taxonomy":"product_brand","embeddable":true,"href":"https:\/\/roveyayinevi.com.tr\/index.php\/wp-json\/wp\/v2\/product_brand?post=731733"},{"taxonomy":"product_cat","embeddable":true,"href":"https:\/\/roveyayinevi.com.tr\/index.php\/wp-json\/wp\/v2\/product_cat?post=731733"},{"taxonomy":"product_tag","embeddable":true,"href":"https:\/\/roveyayinevi.com.tr\/index.php\/wp-json\/wp\/v2\/product_tag?post=731733"}],"curies":[{"name":"wp","href":"https:\/\/api.w.org\/{rel}","templated":true}]}}