{"id":731732,"date":"2025-08-27T21:37:33","date_gmt":"2025-08-27T18:37:33","guid":{"rendered":"https:\/\/roveyayinevi.com.tr\/index.php\/urun\/modern-pazarlama-yontemleri-ve-turizme-yansimalari\/"},"modified":"2026-04-16T02:39:45","modified_gmt":"2026-04-15T23:39:45","slug":"modern-pazarlama-yontemleri-ve-turizme-yansimalari","status":"publish","type":"product","link":"https:\/\/roveyayinevi.com.tr\/index.php\/urun\/modern-pazarlama-yontemleri-ve-turizme-yansimalari\/","title":{"rendered":"Modern Pazarlama Y\u00f6ntemleri ve Turizme Yans\u0131malar\u0131"},"content":{"rendered":"<p>\u0130\u00e7indekiler1. B\u00f6l\u00fcmDijital Pazarlama Ve Turizme Yans\u0131malar\u01312. B\u00f6l\u00fcmSosyal Medya Pazarlamas\u0131 Ve Turizme Yans\u0131malar\u01313. B\u00f6l\u00fcmEtkili Ki\u015fi(Influencer) Pazarlamas\u0131 Ve Turizme Yans\u0131malar\u01314. B\u00f6l\u00fcm\u0130\u00e7erik Pazarlamas\u0131 Ve Turizme Yans\u0131malar\u01315. B\u00f6l\u00fcmViral Pazarlama Ve Turizme Yans\u0131malar\u01316. B\u00f6l\u00fcmSat\u0131\u015f Ortakl\u0131\u011f\u0131 Pazarlamas\u0131 (Affiliate Marketing) Ve Turizme Yans\u0131malar\u01317. B\u00f6l\u00fcmGerilla Pazarlama Ve Turizme Yans\u0131malar\u01318. B\u00f6l\u00fcmA\u011f\u0131zdan A\u011f\u0131za Pazarlama Ve Turizme Yans\u0131malar\u01319. B\u00f6l\u00fcmYe\u015fil Pazarlama Ve Turizme Yans\u0131malar\u0131<\/p>\n","protected":false},"excerpt":{"rendered":"<p>\u0130\u00e7indekiler1. B\u00f6l\u00fcmDijital Pazarlama Ve Turizme Yans\u0131malar\u01312. B\u00f6l\u00fcmSosyal Medya Pazarlamas\u0131 Ve Turizme Yans\u0131malar\u01313. B\u00f6l\u00fcmEtkili Ki\u015fi(Influencer) Pazarlamas\u0131 Ve Turizme Yans\u0131malar\u01314. B\u00f6l\u00fcm\u0130\u00e7erik Pazarlamas\u0131 Ve Turizme Yans\u0131malar\u01315. B\u00f6l\u00fcmViral Pazarlama Ve<span class=\"excerpt-hellip\"> [\u2026]<\/span><\/p>\n","protected":false},"featured_media":0,"template":"","meta":{"_monsterinsights_skip_tracking":false,"_monsterinsights_sitenote_active":false,"_monsterinsights_sitenote_note":"","_monsterinsights_sitenote_category":0},"product_brand":[],"product_cat":[13043,17492],"product_tag":[],"class_list":{"0":"post-731732","1":"product","2":"type-product","3":"status-publish","5":"product_cat-ekonomi","6":"product_cat-pazarlama-satis-reklam","7":"pa_cilt-ciltsiz","8":"pa_tur-kitap","9":"pa_yayinevi-gazi-kitabevi","10":"pa_yazar-mehmet-demirdogmez","12":"first","13":"instock","14":"sale","15":"shipping-taxable","16":"purchasable","17":"product-type-simple"},"_links":{"self":[{"href":"https:\/\/roveyayinevi.com.tr\/index.php\/wp-json\/wp\/v2\/product\/731732","targetHints":{"allow":["GET"]}}],"collection":[{"href":"https:\/\/roveyayinevi.com.tr\/index.php\/wp-json\/wp\/v2\/product"}],"about":[{"href":"https:\/\/roveyayinevi.com.tr\/index.php\/wp-json\/wp\/v2\/types\/product"}],"wp:attachment":[{"href":"https:\/\/roveyayinevi.com.tr\/index.php\/wp-json\/wp\/v2\/media?parent=731732"}],"wp:term":[{"taxonomy":"product_brand","embeddable":true,"href":"https:\/\/roveyayinevi.com.tr\/index.php\/wp-json\/wp\/v2\/product_brand?post=731732"},{"taxonomy":"product_cat","embeddable":true,"href":"https:\/\/roveyayinevi.com.tr\/index.php\/wp-json\/wp\/v2\/product_cat?post=731732"},{"taxonomy":"product_tag","embeddable":true,"href":"https:\/\/roveyayinevi.com.tr\/index.php\/wp-json\/wp\/v2\/product_tag?post=731732"}],"curies":[{"name":"wp","href":"https:\/\/api.w.org\/{rel}","templated":true}]}}