{"id":731731,"date":"2025-08-27T21:37:32","date_gmt":"2025-08-27T18:37:32","guid":{"rendered":"https:\/\/roveyayinevi.com.tr\/index.php\/urun\/hayat-sehir-insan\/"},"modified":"2026-04-16T02:39:45","modified_gmt":"2026-04-15T23:39:45","slug":"hayat-sehir-insan","status":"publish","type":"product","link":"https:\/\/roveyayinevi.com.tr\/index.php\/urun\/hayat-sehir-insan\/","title":{"rendered":"Hayat, \u015eehir, \u0130nsan"},"content":{"rendered":"<p>Bir g\u00fcn bir kitap okuyup b\u00fct\u00fcn hayat\u0131n\u0131z de\u011fi\u015fir mi bilmem&#8230; Ama bu kitapla hayat\u0131n\u0131z g\u00fczelle\u015fir&#8230;   -Ecz. G\u00fcr\u00fcnay \u00c7al\u0131\u015f\u0131r Okudu\u011fum her yaz\u0131, bilginin sonsuzlu\u011funda yeni ke\u015fif heyecan\u0131 yaratt\u0131 bende. Yeni \u015fehirler, yeni hayatlar, yeni ya\u015fanm\u0131\u015fl\u0131klar&#8230; Benim i\u00e7in hepsi unuttu\u011fum ya da yeni \u00f6\u011frendi\u011fim bilgilerdi. Okuduk\u00e7a \u015fa\u015f\u0131rd\u0131m, heyecanland\u0131m. Gurur duydum&#8230;   -Zir. M\u00fch. Belgin Durgun <\/p>\n","protected":false},"excerpt":{"rendered":"<p>Bir g\u00fcn bir kitap okuyup b\u00fct\u00fcn hayat\u0131n\u0131z de\u011fi\u015fir mi bilmem&#8230; Ama bu kitapla hayat\u0131n\u0131z g\u00fczelle\u015fir&#8230; -Ecz. G\u00fcr\u00fcnay \u00c7al\u0131\u015f\u0131r Okudu\u011fum her yaz\u0131, bilginin sonsuzlu\u011funda yeni ke\u015fif heyecan\u0131<span class=\"excerpt-hellip\"> [\u2026]<\/span><\/p>\n","protected":false},"featured_media":0,"template":"","meta":{"_monsterinsights_skip_tracking":false,"_monsterinsights_sitenote_active":false,"_monsterinsights_sitenote_note":"","_monsterinsights_sitenote_category":0},"product_brand":[],"product_cat":[13072,12291],"product_tag":[],"class_list":{"0":"post-731731","1":"product","2":"type-product","3":"status-publish","5":"product_cat-arastirma-inceleme-referans","6":"product_cat-edebiyat","7":"pa_cilt-ciltsiz","8":"pa_tur-kitap","9":"pa_yayinevi-luna-yayinlari","10":"pa_yazar-ali-sahin","12":"first","13":"instock","14":"sale","15":"shipping-taxable","16":"purchasable","17":"product-type-simple"},"_links":{"self":[{"href":"https:\/\/roveyayinevi.com.tr\/index.php\/wp-json\/wp\/v2\/product\/731731","targetHints":{"allow":["GET"]}}],"collection":[{"href":"https:\/\/roveyayinevi.com.tr\/index.php\/wp-json\/wp\/v2\/product"}],"about":[{"href":"https:\/\/roveyayinevi.com.tr\/index.php\/wp-json\/wp\/v2\/types\/product"}],"wp:attachment":[{"href":"https:\/\/roveyayinevi.com.tr\/index.php\/wp-json\/wp\/v2\/media?parent=731731"}],"wp:term":[{"taxonomy":"product_brand","embeddable":true,"href":"https:\/\/roveyayinevi.com.tr\/index.php\/wp-json\/wp\/v2\/product_brand?post=731731"},{"taxonomy":"product_cat","embeddable":true,"href":"https:\/\/roveyayinevi.com.tr\/index.php\/wp-json\/wp\/v2\/product_cat?post=731731"},{"taxonomy":"product_tag","embeddable":true,"href":"https:\/\/roveyayinevi.com.tr\/index.php\/wp-json\/wp\/v2\/product_tag?post=731731"}],"curies":[{"name":"wp","href":"https:\/\/api.w.org\/{rel}","templated":true}]}}