{"id":731729,"date":"2025-08-27T21:37:31","date_gmt":"2025-08-27T18:37:31","guid":{"rendered":"https:\/\/roveyayinevi.com.tr\/index.php\/urun\/isletmelerde-dijital-yonetim\/"},"modified":"2026-04-16T02:39:45","modified_gmt":"2026-04-15T23:39:45","slug":"isletmelerde-dijital-yonetim","status":"publish","type":"product","link":"https:\/\/roveyayinevi.com.tr\/index.php\/urun\/isletmelerde-dijital-yonetim\/","title":{"rendered":"\u0130\u015fletmelerde Dijital Y\u00f6netim"},"content":{"rendered":"<p>\u0130\u00e7indekilerB\u00f6l\u00fcm 1Dijital D\u00f6n\u00fc\u015f\u00fcm: Rekabet, Strateji Ve T\u00fcrkiye\u2019nin HedefleriB\u00f6l\u00fcm 2Dijitalle\u015fme Ve \u0130nsan Kaynaklar\u0131 Uygulamalar\u0131B\u00f6l\u00fcm 3Dijitalle\u015fme Ve Entelekt\u00fcel Sermayede D\u00f6n\u00fc\u015f\u00fcmB\u00f6l\u00fcm 4Geleneksel Tak\u0131mlardan Sanal Tak\u0131mlara: Dijital \u00c7a\u011f\u0131n Yeni \u00c7al\u0131\u015fma ModeliB\u00f6l\u00fcm 5Dijital LiderlikB\u00f6l\u00fcm 6Dijitalle\u015fme \u00c7a\u011f\u0131nda Rekabeti Yeniden D\u00fc\u015f\u00fcnmekB\u00f6l\u00fcm 7Dijital D\u00fcnyada \u0130\u015fletmelerde B\u00fcy\u00fck Verinin Kullan\u0131m\u0131B\u00f6l\u00fcm 8Dijitalle\u015fme Ve S\u00fcrd\u00fcr\u00fclebilirlikB\u00f6l\u00fcm 9Dijitalle\u015fme Ve Finans Sekt\u00f6r\u00fcB\u00f6l\u00fcm 10Dijital D\u00f6n\u00fc\u015f\u00fcm\u00fcn Muhasebe Sekt\u00f6r\u00fcne EtkisiB\u00f6l\u00fcm 11Dijital D\u00fcnyada PazarlamaB\u00f6l\u00fcm 12De\u011fi\u015fen D\u00fcnyada M\u00fc\u015fteri \u0130\u00e7in De\u011fer YaratmakB\u00f6l\u00fcm 13Dijital D\u00f6n\u00fc\u015f\u00fcmde K\u00fclt\u00fcrel Entegrasyon Yol Haritas\u0131<\/p>\n","protected":false},"excerpt":{"rendered":"<p>\u0130\u00e7indekilerB\u00f6l\u00fcm 1Dijital D\u00f6n\u00fc\u015f\u00fcm: Rekabet, Strateji Ve T\u00fcrkiye\u2019nin HedefleriB\u00f6l\u00fcm 2Dijitalle\u015fme Ve \u0130nsan Kaynaklar\u0131 Uygulamalar\u0131B\u00f6l\u00fcm 3Dijitalle\u015fme Ve Entelekt\u00fcel Sermayede D\u00f6n\u00fc\u015f\u00fcmB\u00f6l\u00fcm 4Geleneksel Tak\u0131mlardan Sanal Tak\u0131mlara: Dijital \u00c7a\u011f\u0131n Yeni \u00c7al\u0131\u015fma<span class=\"excerpt-hellip\"> [\u2026]<\/span><\/p>\n","protected":false},"featured_media":0,"template":"","meta":{"_monsterinsights_skip_tracking":false,"_monsterinsights_sitenote_active":false,"_monsterinsights_sitenote_note":"","_monsterinsights_sitenote_category":0},"product_brand":[],"product_cat":[13043,14381],"product_tag":[],"class_list":{"0":"post-731729","1":"product","2":"type-product","3":"status-publish","5":"product_cat-ekonomi","6":"product_cat-isletme-muhasebe-maliye","7":"pa_cilt-ciltsiz","8":"pa_tur-kitap","9":"pa_yayinevi-gazi-kitabevi","10":"pa_yazar-yasin-cakirel","12":"first","13":"instock","14":"sale","15":"shipping-taxable","16":"purchasable","17":"product-type-simple"},"_links":{"self":[{"href":"https:\/\/roveyayinevi.com.tr\/index.php\/wp-json\/wp\/v2\/product\/731729","targetHints":{"allow":["GET"]}}],"collection":[{"href":"https:\/\/roveyayinevi.com.tr\/index.php\/wp-json\/wp\/v2\/product"}],"about":[{"href":"https:\/\/roveyayinevi.com.tr\/index.php\/wp-json\/wp\/v2\/types\/product"}],"wp:attachment":[{"href":"https:\/\/roveyayinevi.com.tr\/index.php\/wp-json\/wp\/v2\/media?parent=731729"}],"wp:term":[{"taxonomy":"product_brand","embeddable":true,"href":"https:\/\/roveyayinevi.com.tr\/index.php\/wp-json\/wp\/v2\/product_brand?post=731729"},{"taxonomy":"product_cat","embeddable":true,"href":"https:\/\/roveyayinevi.com.tr\/index.php\/wp-json\/wp\/v2\/product_cat?post=731729"},{"taxonomy":"product_tag","embeddable":true,"href":"https:\/\/roveyayinevi.com.tr\/index.php\/wp-json\/wp\/v2\/product_tag?post=731729"}],"curies":[{"name":"wp","href":"https:\/\/api.w.org\/{rel}","templated":true}]}}