{"id":731728,"date":"2025-08-27T21:37:30","date_gmt":"2025-08-27T18:37:30","guid":{"rendered":"https:\/\/roveyayinevi.com.tr\/index.php\/urun\/divanu-lugatit-turkte-tekrarli-atasozleri\/"},"modified":"2026-04-16T02:39:45","modified_gmt":"2026-04-15T23:39:45","slug":"divanu-lugatit-turkte-tekrarli-atasozleri","status":"publish","type":"product","link":"https:\/\/roveyayinevi.com.tr\/index.php\/urun\/divanu-lugatit-turkte-tekrarli-atasozleri\/","title":{"rendered":"Divanu Lugati&#8217;t-T\u00fcrk&#8217;te Tekrarl\u0131 Atas\u00f6zleri"},"content":{"rendered":"<p>\u0130\u00e7indekilerBirinci B\u00f6l\u00fcm:Divanu Lugati\u2019t-T\u00fcrk\u2019te Tekrarl\u0131 Atas\u00f6zleri\u0130kinci B\u00f6l\u00fcm:De\u011ferlendirme Ve Sonu\u00e7 De\u011ferlendirmeSonu\u00e7KaynaklarDivanu Lugati\u2019t-T\u00fcrk\u2019teki Tekrarl\u0131 Atas\u00f6zleri Ve Muhtemel As\u0131l \u015eekilleriDizin\u00d6zge\u00e7mi\u015f<\/p>\n","protected":false},"excerpt":{"rendered":"<p>\u0130\u00e7indekilerBirinci B\u00f6l\u00fcm:Divanu Lugati\u2019t-T\u00fcrk\u2019te Tekrarl\u0131 Atas\u00f6zleri\u0130kinci B\u00f6l\u00fcm:De\u011ferlendirme Ve Sonu\u00e7 De\u011ferlendirmeSonu\u00e7KaynaklarDivanu Lugati\u2019t-T\u00fcrk\u2019teki Tekrarl\u0131 Atas\u00f6zleri Ve Muhtemel As\u0131l \u015eekilleriDizin\u00d6zge\u00e7mi\u015f<\/p>\n","protected":false},"featured_media":0,"template":"","meta":{"_monsterinsights_skip_tracking":false,"_monsterinsights_sitenote_active":false,"_monsterinsights_sitenote_note":"","_monsterinsights_sitenote_category":0},"product_brand":[],"product_cat":[20225,12291],"product_tag":[],"class_list":{"0":"post-731728","1":"product","2":"type-product","3":"status-publish","5":"product_cat-dil-bilim","6":"product_cat-edebiyat","7":"pa_cilt-ciltsiz","8":"pa_tur-kitap","9":"pa_yayinevi-gazi-kitabevi","10":"pa_yazar-emrah-bozok","12":"first","13":"instock","14":"sale","15":"shipping-taxable","16":"purchasable","17":"product-type-simple"},"_links":{"self":[{"href":"https:\/\/roveyayinevi.com.tr\/index.php\/wp-json\/wp\/v2\/product\/731728","targetHints":{"allow":["GET"]}}],"collection":[{"href":"https:\/\/roveyayinevi.com.tr\/index.php\/wp-json\/wp\/v2\/product"}],"about":[{"href":"https:\/\/roveyayinevi.com.tr\/index.php\/wp-json\/wp\/v2\/types\/product"}],"wp:attachment":[{"href":"https:\/\/roveyayinevi.com.tr\/index.php\/wp-json\/wp\/v2\/media?parent=731728"}],"wp:term":[{"taxonomy":"product_brand","embeddable":true,"href":"https:\/\/roveyayinevi.com.tr\/index.php\/wp-json\/wp\/v2\/product_brand?post=731728"},{"taxonomy":"product_cat","embeddable":true,"href":"https:\/\/roveyayinevi.com.tr\/index.php\/wp-json\/wp\/v2\/product_cat?post=731728"},{"taxonomy":"product_tag","embeddable":true,"href":"https:\/\/roveyayinevi.com.tr\/index.php\/wp-json\/wp\/v2\/product_tag?post=731728"}],"curies":[{"name":"wp","href":"https:\/\/api.w.org\/{rel}","templated":true}]}}