{"id":731727,"date":"2025-08-27T21:37:29","date_gmt":"2025-08-27T18:37:29","guid":{"rendered":"https:\/\/roveyayinevi.com.tr\/index.php\/urun\/idris-kucuk-omerle-turkiye-uzerine-tartismalar\/"},"modified":"2026-04-16T02:39:45","modified_gmt":"2026-04-15T23:39:45","slug":"idris-kucuk-omerle-turkiye-uzerine-tartismalar","status":"publish","type":"product","link":"https:\/\/roveyayinevi.com.tr\/index.php\/urun\/idris-kucuk-omerle-turkiye-uzerine-tartismalar\/","title":{"rendered":"\u0130dris K\u00fc\u00e7\u00fck \u00d6mer\u2019le T\u00fcrkiye \u00dczerine Tart\u0131\u015fmalar"},"content":{"rendered":"<p>T\u00fcrkiye, \u0130dris K\u00fc\u00e7\u00fck\u00f6mer\u2019in d\u00fc\u015f\u00fcnce d\u00fcnyas\u0131nda her an sorgulad\u0131\u011f\u0131, tart\u0131\u015ft\u0131\u011f\u0131, deyi\u015f yerindeyse, kendi kendisiyle bile s\u00fcrekli \u201ckavgal\u0131\u201d oldu\u011fu bir meseledir. Onu d\u00fc\u015f\u00fcnmek tarihimizi ve insan\u0131m\u0131z\u0131 s\u00fcrekli g\u00f6zden ge\u00e7irmektir.   Kavramlar\u0131n ve bilimsel y\u00f6ntemlerin ele\u011finden tekrar tekrar ele\u011finden ge\u00e7irilmelidir bir \u00fclke. \u00d6teki t\u00fcrl\u00fc tekrarlar \u00f6zleri bo\u015falt\u0131r. Biraz daha i\u00e7eriksiz kli\u015felere toplumu yorar, geli\u015fmeyi engeller. Bazen umutsuz g\u00f6r\u00fcnen bir u\u011fra\u015ft\u0131r bu.   Ayd\u0131n\u0131n d\u00fc\u015f\u00fcnce alan\u0131ndaki \u00f6zg\u00fcnl\u00fc\u011f\u00fc kadar, dayan\u0131lmaz yaln\u0131zl\u0131\u011f\u0131 da buradan kaynaklan\u0131r. \u0130dris K\u00fc\u00e7\u00fck\u00f6mer\u2019in T\u00fcrkiye sorgulamas\u0131, k\u00f6klerinde bir d\u00fcnya ya da evren sorgulamas\u0131n\u0131n da yatt\u0131\u011f\u0131 d\u00fc\u015f\u00fcnsel s\u00fcre\u00e7lere uzan\u0131r hep.   1970\u2019li y\u0131llar boyunca Milliyet gazetesinde, d\u00f6nemin farkl\u0131 ayd\u0131n, d\u00fc\u015f\u00fcn\u00fcr ve \u00f6nc\u00fc isimlerinin kat\u0131l\u0131m\u0131yla \u201cD\u00fc\u015f\u00fcnenlerin Forumu\u201d ba\u015fl\u0131\u011f\u0131 alt\u0131nda pazar g\u00fcnleri yay\u0131mlanan tart\u0131\u015fmalar onun katk\u0131lar\u0131yla ayr\u0131 bir boyut kazanm\u0131\u015ft\u0131. Vefat\u0131ndan sonra, gazete sayfalar\u0131n\u0131n aras\u0131ndan \u00f6zenle kitapla\u015ft\u0131r\u0131lm\u0131\u015f bu tart\u0131\u015fmalar, g\u00fcn\u00fcm\u00fcz T\u00fcrkiye\u2019sine de projeksiyon tutan \u00f6nemli ayr\u0131nt\u0131lar i\u00e7eriyor. <\/p>\n","protected":false},"excerpt":{"rendered":"<p>T\u00fcrkiye, \u0130dris K\u00fc\u00e7\u00fck\u00f6mer\u2019in d\u00fc\u015f\u00fcnce d\u00fcnyas\u0131nda her an sorgulad\u0131\u011f\u0131, tart\u0131\u015ft\u0131\u011f\u0131, deyi\u015f yerindeyse, kendi kendisiyle bile s\u00fcrekli \u201ckavgal\u0131\u201d oldu\u011fu bir meseledir. Onu d\u00fc\u015f\u00fcnmek tarihimizi ve insan\u0131m\u0131z\u0131 s\u00fcrekli g\u00f6zden<span class=\"excerpt-hellip\"> [\u2026]<\/span><\/p>\n","protected":false},"featured_media":0,"template":"","meta":{"_monsterinsights_skip_tracking":false,"_monsterinsights_sitenote_active":false,"_monsterinsights_sitenote_note":"","_monsterinsights_sitenote_category":0},"product_brand":[],"product_cat":[14009,12291],"product_tag":[],"class_list":{"0":"post-731727","1":"product","2":"type-product","3":"status-publish","5":"product_cat-biyografi-otobiyografi-edebiyat","6":"product_cat-edebiyat","7":"pa_cilt-ciltsiz","8":"pa_tur-kitap","9":"pa_yayinevi-kapi-yayinlari","10":"pa_yazar-idris-kucukomer","12":"first","13":"instock","14":"sale","15":"shipping-taxable","16":"purchasable","17":"product-type-simple"},"_links":{"self":[{"href":"https:\/\/roveyayinevi.com.tr\/index.php\/wp-json\/wp\/v2\/product\/731727","targetHints":{"allow":["GET"]}}],"collection":[{"href":"https:\/\/roveyayinevi.com.tr\/index.php\/wp-json\/wp\/v2\/product"}],"about":[{"href":"https:\/\/roveyayinevi.com.tr\/index.php\/wp-json\/wp\/v2\/types\/product"}],"wp:attachment":[{"href":"https:\/\/roveyayinevi.com.tr\/index.php\/wp-json\/wp\/v2\/media?parent=731727"}],"wp:term":[{"taxonomy":"product_brand","embeddable":true,"href":"https:\/\/roveyayinevi.com.tr\/index.php\/wp-json\/wp\/v2\/product_brand?post=731727"},{"taxonomy":"product_cat","embeddable":true,"href":"https:\/\/roveyayinevi.com.tr\/index.php\/wp-json\/wp\/v2\/product_cat?post=731727"},{"taxonomy":"product_tag","embeddable":true,"href":"https:\/\/roveyayinevi.com.tr\/index.php\/wp-json\/wp\/v2\/product_tag?post=731727"}],"curies":[{"name":"wp","href":"https:\/\/api.w.org\/{rel}","templated":true}]}}