{"id":731723,"date":"2025-08-27T21:37:25","date_gmt":"2025-08-27T18:37:25","guid":{"rendered":"https:\/\/roveyayinevi.com.tr\/index.php\/urun\/karanfil-ve-yasemin-aciklamali-orijinal-metin\/"},"modified":"2026-04-16T02:39:45","modified_gmt":"2026-04-15T23:39:45","slug":"karanfil-ve-yasemin-aciklamali-orijinal-metin","status":"publish","type":"product","link":"https:\/\/roveyayinevi.com.tr\/index.php\/urun\/karanfil-ve-yasemin-aciklamali-orijinal-metin\/","title":{"rendered":"Karanfil ve Yasemin (A\u00e7\u0131klamal\u0131 Orijinal Metin)"},"content":{"rendered":"<p>Bu kadar ayd\u0131r en hararetli bir a\u015fkla temas etmi\u015f, en samimi bir hayatla ya\u015fam\u0131\u015ft\u0131. H\u00e2l\u00e2 neydi, nas\u0131l bir kad\u0131nd\u0131, bunu bilmiyordu. Hatta hissiyat\u0131na, hevesat\u0131na hulul etmek m\u00fcmk\u00fcn olamam\u0131\u015ft\u0131. Her te\u015febb\u00fcs\u00fcnde me\u00e7hul kalm\u0131\u015ft\u0131. D\u00fc\u015f\u00fcn\u00fcyordu. Sevmi\u015f miydi? S\u0131r! Neydi? Muamma! Bir r\u00fcya gibi anla\u015f\u0131lmadan zail olmu\u015ftu. Bir sfenks olarak g\u00f6r\u00fcnm\u00fc\u015f, bir sfenks olarak ge\u00e7ip gitmi\u015fti\u2026   1923\u2019te tefrika edilen ve ilk olarak 1924\u2019te kitap olarak bas\u0131lan Karanfil ve Yasemin, Eyl\u00fcl\u2019le hakl\u0131 bir \u015f\u00f6hret kazanm\u0131\u015f olan Mehmet Rauf\u2019un d\u00f6nem anlat\u0131c\u0131l\u0131\u011f\u0131nda da ne kadar usta bir yazar oldu\u011funu g\u00f6steren, olduk\u00e7a \u00f6nemli bir roman. Roman\u0131n arka plan\u0131nda, de\u011fi\u015fen T\u00fcrkiye\u2019nin de\u011fi\u015fen insanlar\u0131n\u0131, insan ili\u015fkilerini, k\u0131yafetlerini, \u00e7ay partilerini tart\u0131\u015fan yazar; \u00f6n plandaysa yo\u011fun ve zorlu bir a\u015fk hik\u00e2yesini, bu hik\u00e2yenin \u00fc\u00e7 kahraman\u0131n\u0131 da enfes tahlil yetene\u011fiyle irdeleyerek sunuyor.   Bug\u00fcne kadar hak etti\u011fi ilgiyi g\u00f6rmeyen bu b\u00fcy\u00fck roman, ilk bask\u0131s\u0131 ile tefrikas\u0131 kar\u015f\u0131la\u015ft\u0131r\u0131larak ve yazar\u0131n\u0131n diline m\u00fcdahale edilmeden yay\u0131na haz\u0131rland\u0131.<\/p>\n","protected":false},"excerpt":{"rendered":"<p>Bu kadar ayd\u0131r en hararetli bir a\u015fkla temas etmi\u015f, en samimi bir hayatla ya\u015fam\u0131\u015ft\u0131. H\u00e2l\u00e2 neydi, nas\u0131l bir kad\u0131nd\u0131, bunu bilmiyordu. Hatta hissiyat\u0131na, hevesat\u0131na hulul etmek<span class=\"excerpt-hellip\"> [\u2026]<\/span><\/p>\n","protected":false},"featured_media":0,"template":"","meta":{"_monsterinsights_skip_tracking":false,"_monsterinsights_sitenote_active":false,"_monsterinsights_sitenote_note":"","_monsterinsights_sitenote_category":0},"product_brand":[],"product_cat":[12291,12711],"product_tag":[],"class_list":{"0":"post-731723","1":"product","2":"type-product","3":"status-publish","5":"product_cat-edebiyat","6":"product_cat-roman-oyku","7":"pa_cilt-ciltsiz","8":"pa_tur-kitap","9":"pa_yayinevi-can-yayinlari","10":"pa_yazar-mehmet-rauf","12":"first","13":"instock","14":"sale","15":"shipping-taxable","16":"purchasable","17":"product-type-simple"},"_links":{"self":[{"href":"https:\/\/roveyayinevi.com.tr\/index.php\/wp-json\/wp\/v2\/product\/731723","targetHints":{"allow":["GET"]}}],"collection":[{"href":"https:\/\/roveyayinevi.com.tr\/index.php\/wp-json\/wp\/v2\/product"}],"about":[{"href":"https:\/\/roveyayinevi.com.tr\/index.php\/wp-json\/wp\/v2\/types\/product"}],"wp:attachment":[{"href":"https:\/\/roveyayinevi.com.tr\/index.php\/wp-json\/wp\/v2\/media?parent=731723"}],"wp:term":[{"taxonomy":"product_brand","embeddable":true,"href":"https:\/\/roveyayinevi.com.tr\/index.php\/wp-json\/wp\/v2\/product_brand?post=731723"},{"taxonomy":"product_cat","embeddable":true,"href":"https:\/\/roveyayinevi.com.tr\/index.php\/wp-json\/wp\/v2\/product_cat?post=731723"},{"taxonomy":"product_tag","embeddable":true,"href":"https:\/\/roveyayinevi.com.tr\/index.php\/wp-json\/wp\/v2\/product_tag?post=731723"}],"curies":[{"name":"wp","href":"https:\/\/api.w.org\/{rel}","templated":true}]}}