{"id":731718,"date":"2025-08-27T21:37:19","date_gmt":"2025-08-27T18:37:19","guid":{"rendered":"https:\/\/roveyayinevi.com.tr\/index.php\/urun\/etkili-yoneticilerin-7-aliskanligi\/"},"modified":"2026-04-16T02:39:45","modified_gmt":"2026-04-15T23:39:45","slug":"etkili-yoneticilerin-7-aliskanligi","status":"publish","type":"product","link":"https:\/\/roveyayinevi.com.tr\/index.php\/urun\/etkili-yoneticilerin-7-aliskanligi\/","title":{"rendered":"Etkili Y\u00f6neticilerin 7 Al\u0131\u015fkanl\u0131\u011f\u0131"},"content":{"rendered":"<p>Etkili Y\u00f6neticilerin 7 Al\u0131\u015fkanl\u0131\u011f\u0131, y\u00f6netimin esaslar\u0131na ili\u015fkin yo\u011funla\u015ft\u0131r\u0131lm\u0131\u015f bir k\u0131lavuz. Bu k\u0131lavuzda, ba\u015far\u0131l\u0131 y\u00f6neticilerin rutin olarak uygulamaya koydu\u011fu temel eylemleri, tutumlar\u0131 ve becerileri g\u00f6recek, her g\u00fcn i\u015fyerinde kar\u015f\u0131la\u015f\u0131lan en zor y\u00f6netim sorunlar\u0131ndan 25 tanesinin yan\u0131tlar\u0131n\u0131 bulacaks\u0131n\u0131z. Bununla birlikte tarih boyunca y\u00f6netim ve liderlik konusunda en bilgili uzmanlardan baz\u0131lar\u0131n\u0131n klasikle\u015fmi\u015f metinleri ile al\u0131nt\u0131lar\u0131n\u0131 okuyup bilgeliklerine tan\u0131k olacaks\u0131n\u0131z. B\u00f6l\u00fcmler aras\u0131nda yer alan \u00f6zel olarak tasarlanm\u0131\u015f anket formlar\u0131 ve \u00f6rnekler, size edindi\u011finiz temel bilgileri, y\u00f6netim kariyerinizde somut sonu\u00e7lar sa\u011flaman\u0131za yard\u0131mc\u0131 olacak \u015fekilde uygulama f\u0131rsat\u0131 verecek. Stephen R. Covey\u2019nin 7 Al\u0131\u015fkanl\u0131k ilkeleriyle kendi vizyonunuzu yeni seviyelere nas\u0131l y\u00fckseltece\u011finizi \u00f6\u011fretecek ve bunu ger\u00e7ekle\u015ftirebilmeniz i\u00e7in bug\u00fcn yap\u0131lmas\u0131 gerekenleri tan\u0131mlaman\u0131z\u0131 sa\u011flayacak.   *** &#8220;Nas\u0131l etkili bir y\u00f6netici olurum?  Bu soruyu cevaplamak i\u00e7in, \u00f6nce &#8216;g\u00fcndelik&#8217; rutinlerin yaratt\u0131\u011f\u0131 i\u015f y\u00fck\u00fcnden ba\u015f\u0131m\u0131z\u0131 kald\u0131ral\u0131m ve olaylara daha geni\u015f bir perspektiften bakal\u0131m, bize bug\u00fcn\u00fcn neticelerini getiren zihniyete meydan okuyal\u0131m, b\u00f6ylece yar\u0131n harikulade sonu\u00e7lar elde edebilelim.&#8221; \u2013Stephen R. Covey <\/p>\n","protected":false},"excerpt":{"rendered":"<p>Etkili Y\u00f6neticilerin 7 Al\u0131\u015fkanl\u0131\u011f\u0131, y\u00f6netimin esaslar\u0131na ili\u015fkin yo\u011funla\u015ft\u0131r\u0131lm\u0131\u015f bir k\u0131lavuz. Bu k\u0131lavuzda, ba\u015far\u0131l\u0131 y\u00f6neticilerin rutin olarak uygulamaya koydu\u011fu temel eylemleri, tutumlar\u0131 ve becerileri g\u00f6recek, her g\u00fcn<span class=\"excerpt-hellip\"> [\u2026]<\/span><\/p>\n","protected":false},"featured_media":0,"template":"","meta":{"_monsterinsights_skip_tracking":false,"_monsterinsights_sitenote_active":false,"_monsterinsights_sitenote_note":"","_monsterinsights_sitenote_category":0},"product_brand":[],"product_cat":[13043,19008],"product_tag":[],"class_list":{"0":"post-731718","1":"product","2":"type-product","3":"status-publish","5":"product_cat-ekonomi","6":"product_cat-yonetim","7":"pa_cilt-ciltsiz","8":"pa_tur-kitap","9":"pa_yayinevi-nova-kitap","10":"pa_yazar-stephen-r-covey","12":"first","13":"instock","14":"sale","15":"shipping-taxable","16":"purchasable","17":"product-type-simple"},"_links":{"self":[{"href":"https:\/\/roveyayinevi.com.tr\/index.php\/wp-json\/wp\/v2\/product\/731718","targetHints":{"allow":["GET"]}}],"collection":[{"href":"https:\/\/roveyayinevi.com.tr\/index.php\/wp-json\/wp\/v2\/product"}],"about":[{"href":"https:\/\/roveyayinevi.com.tr\/index.php\/wp-json\/wp\/v2\/types\/product"}],"wp:attachment":[{"href":"https:\/\/roveyayinevi.com.tr\/index.php\/wp-json\/wp\/v2\/media?parent=731718"}],"wp:term":[{"taxonomy":"product_brand","embeddable":true,"href":"https:\/\/roveyayinevi.com.tr\/index.php\/wp-json\/wp\/v2\/product_brand?post=731718"},{"taxonomy":"product_cat","embeddable":true,"href":"https:\/\/roveyayinevi.com.tr\/index.php\/wp-json\/wp\/v2\/product_cat?post=731718"},{"taxonomy":"product_tag","embeddable":true,"href":"https:\/\/roveyayinevi.com.tr\/index.php\/wp-json\/wp\/v2\/product_tag?post=731718"}],"curies":[{"name":"wp","href":"https:\/\/api.w.org\/{rel}","templated":true}]}}