{"id":731717,"date":"2025-08-27T21:37:18","date_gmt":"2025-08-27T18:37:18","guid":{"rendered":"https:\/\/roveyayinevi.com.tr\/index.php\/urun\/yine-mi-sen\/"},"modified":"2026-04-16T02:39:45","modified_gmt":"2026-04-15T23:39:45","slug":"yine-mi-sen","status":"publish","type":"product","link":"https:\/\/roveyayinevi.com.tr\/index.php\/urun\/yine-mi-sen\/","title":{"rendered":"Yine mi Sen!"},"content":{"rendered":"<p>Sulu \u015fakalar\u0131yla \u00fcnl\u00fc s\u0131n\u0131f arkada\u015f\u0131 Utku\u2019yla aylarca ayn\u0131 s\u0131rada oturmak zorunda kalan Yank\u0131, yaz tatili geldi\u011finde, ba\u015fa bela s\u0131ra arkada\u015f\u0131ndan kurtuldu\u011funa \u00e7ok mutluydu. Halas\u0131n\u0131n k\u00fc\u00e7\u00fck bir tatil kasabas\u0131ndaki evinde sakin ve keyifli bir yaz tatili ge\u00e7irmeyi hayal ediyordu. Hayat\u0131n onun i\u00e7in bamba\u015fka bir yaz plan\u0131 oldu\u011funu nas\u0131l tahmin edebilirdi ki?.. Severek okunan kitaplar\u0131n yazar\u0131 Nehir Yarar\u2019dan, sonu gelmeyen didi\u015fmelerden do\u011fan bir dostlu\u011fun ilmek ilmek i\u015flendi\u011fi, unutulmaz bir yaz hik\u00e2yesi\u2026 <\/p>\n","protected":false},"excerpt":{"rendered":"<p>Sulu \u015fakalar\u0131yla \u00fcnl\u00fc s\u0131n\u0131f arkada\u015f\u0131 Utku\u2019yla aylarca ayn\u0131 s\u0131rada oturmak zorunda kalan Yank\u0131, yaz tatili geldi\u011finde, ba\u015fa bela s\u0131ra arkada\u015f\u0131ndan kurtuldu\u011funa \u00e7ok mutluydu. Halas\u0131n\u0131n k\u00fc\u00e7\u00fck bir<span class=\"excerpt-hellip\"> [\u2026]<\/span><\/p>\n","protected":false},"featured_media":0,"template":"","meta":{"_monsterinsights_skip_tracking":false,"_monsterinsights_sitenote_active":false,"_monsterinsights_sitenote_note":"","_monsterinsights_sitenote_category":0},"product_brand":[],"product_cat":[12275,12274],"product_tag":[],"class_list":{"0":"post-731717","1":"product","2":"type-product","3":"status-publish","5":"product_cat-6-12-yas-kitaplari","6":"product_cat-cocuk-ve-genclik-kitaplari","7":"pa_cilt-ciltsiz","8":"pa_tur-kitap","9":"pa_yayinevi-ithaki-yayinlari","10":"pa_yazar-nehir-yarar","12":"first","13":"instock","14":"sale","15":"shipping-taxable","16":"purchasable","17":"product-type-simple"},"_links":{"self":[{"href":"https:\/\/roveyayinevi.com.tr\/index.php\/wp-json\/wp\/v2\/product\/731717","targetHints":{"allow":["GET"]}}],"collection":[{"href":"https:\/\/roveyayinevi.com.tr\/index.php\/wp-json\/wp\/v2\/product"}],"about":[{"href":"https:\/\/roveyayinevi.com.tr\/index.php\/wp-json\/wp\/v2\/types\/product"}],"wp:attachment":[{"href":"https:\/\/roveyayinevi.com.tr\/index.php\/wp-json\/wp\/v2\/media?parent=731717"}],"wp:term":[{"taxonomy":"product_brand","embeddable":true,"href":"https:\/\/roveyayinevi.com.tr\/index.php\/wp-json\/wp\/v2\/product_brand?post=731717"},{"taxonomy":"product_cat","embeddable":true,"href":"https:\/\/roveyayinevi.com.tr\/index.php\/wp-json\/wp\/v2\/product_cat?post=731717"},{"taxonomy":"product_tag","embeddable":true,"href":"https:\/\/roveyayinevi.com.tr\/index.php\/wp-json\/wp\/v2\/product_tag?post=731717"}],"curies":[{"name":"wp","href":"https:\/\/api.w.org\/{rel}","templated":true}]}}