{"id":731716,"date":"2025-08-27T21:37:18","date_gmt":"2025-08-27T18:37:18","guid":{"rendered":"https:\/\/roveyayinevi.com.tr\/index.php\/urun\/babyjanda\/"},"modified":"2026-04-16T02:39:45","modified_gmt":"2026-04-15T23:39:45","slug":"babyjanda","status":"publish","type":"product","link":"https:\/\/roveyayinevi.com.tr\/index.php\/urun\/babyjanda\/","title":{"rendered":"Babyjanda"},"content":{"rendered":"<p>\u015eu an elinizde bir kitap\/ajanda var. BabyJanda sadece uzman\u0131nda, do\u011fru bilgilerle dolu bir gebelik rehberi de\u011fil. Sadece bir anne bebek al\u0131\u015fveri\u015f rehberi de de\u011fil, duygular\u0131n\u0131 ve bu s\u00fcreci an\u0131ya d\u00f6n\u00fc\u015ft\u00fcrebilece\u011fin bir gebelik ajandas\u0131 ayn\u0131 zamanda. Do\u011fru se\u00e7ilen bir bebek arabas\u0131 ile her g\u00fcn d\u0131\u015far\u0131 \u00e7\u0131k\u0131p keyifle gezebilir, al\u0131\u015fveri\u015f yap\u0131p kahveni yudumlayabilirsin ya da do\u011fru se\u00e7ti\u011fin bir bebek odas\u0131nda sen de bebek de t\u00fcm s\u00fcreci mutlu ve huzurlu ge\u00e7irebilirsiniz. Ya tam tersi olursa? Tam tersini d\u00fc\u015f\u00fcnm\u00fcyoruz \u00e7\u00fcnk\u00fc art\u0131k elinde BabyJanda varJ Peki, an\u0131lar olmadan bir hayat d\u00fc\u015f\u00fcn\u00fclebilir mi? O h\u00e2lde hadi ba\u015flayal\u0131m\u2026 <\/p>\n","protected":false},"excerpt":{"rendered":"<p>\u015eu an elinizde bir kitap\/ajanda var. BabyJanda sadece uzman\u0131nda, do\u011fru bilgilerle dolu bir gebelik rehberi de\u011fil. Sadece bir anne bebek al\u0131\u015fveri\u015f rehberi de de\u011fil, duygular\u0131n\u0131 ve<span class=\"excerpt-hellip\"> [\u2026]<\/span><\/p>\n","protected":false},"featured_media":0,"template":"","meta":{"_monsterinsights_skip_tracking":false,"_monsterinsights_sitenote_active":false,"_monsterinsights_sitenote_note":"","_monsterinsights_sitenote_category":0},"product_brand":[],"product_cat":[13772,12364],"product_tag":[],"class_list":{"0":"post-731716","1":"product","2":"type-product","3":"status-publish","5":"product_cat-basvuru-kitaplari","6":"product_cat-genel-konular","7":"pa_cilt-ciltsiz","8":"pa_tur-kitap","9":"pa_yayinevi-muptela-yayinevi","10":"pa_yazar-gizem-kosoglu-yilmaz","12":"first","13":"instock","14":"sale","15":"shipping-taxable","16":"purchasable","17":"product-type-simple"},"_links":{"self":[{"href":"https:\/\/roveyayinevi.com.tr\/index.php\/wp-json\/wp\/v2\/product\/731716","targetHints":{"allow":["GET"]}}],"collection":[{"href":"https:\/\/roveyayinevi.com.tr\/index.php\/wp-json\/wp\/v2\/product"}],"about":[{"href":"https:\/\/roveyayinevi.com.tr\/index.php\/wp-json\/wp\/v2\/types\/product"}],"wp:attachment":[{"href":"https:\/\/roveyayinevi.com.tr\/index.php\/wp-json\/wp\/v2\/media?parent=731716"}],"wp:term":[{"taxonomy":"product_brand","embeddable":true,"href":"https:\/\/roveyayinevi.com.tr\/index.php\/wp-json\/wp\/v2\/product_brand?post=731716"},{"taxonomy":"product_cat","embeddable":true,"href":"https:\/\/roveyayinevi.com.tr\/index.php\/wp-json\/wp\/v2\/product_cat?post=731716"},{"taxonomy":"product_tag","embeddable":true,"href":"https:\/\/roveyayinevi.com.tr\/index.php\/wp-json\/wp\/v2\/product_tag?post=731716"}],"curies":[{"name":"wp","href":"https:\/\/api.w.org\/{rel}","templated":true}]}}