{"id":731715,"date":"2025-08-27T21:37:16","date_gmt":"2025-08-27T18:37:16","guid":{"rendered":"https:\/\/roveyayinevi.com.tr\/index.php\/urun\/hapishane\/"},"modified":"2026-04-16T02:39:45","modified_gmt":"2026-04-15T23:39:45","slug":"hapishane","status":"publish","type":"product","link":"https:\/\/roveyayinevi.com.tr\/index.php\/urun\/hapishane\/","title":{"rendered":"Hapishane"},"content":{"rendered":"<p>Hapishane, politik g\u00f6r\u00fc\u015fleri nedeniyle Calabria\u2019ya s\u00fcrg\u00fcne g\u00f6nderilen Pavese\u2019nin kendi ya\u015fam deneyiminden izler ta\u015f\u0131r: Stefano bir s\u00fcre cezaevinde kald\u0131ktan sonra bir k\u00f6ye s\u00fcrg\u00fcne g\u00f6nderilir. G\u00fcnd\u00fczleri k\u00f6y halk\u0131n\u0131n aras\u0131na kar\u0131\u015fabilmekle birlikte geceleri soka\u011fa \u00e7\u0131kmas\u0131 yasakt\u0131r. Stefano bir t\u00fcr araf hayat\u0131 ya\u015fad\u0131\u011f\u0131 k\u00f6yde mevsimlerin de\u011fi\u015fimine, hayat\u0131n dura\u011fan ak\u0131\u015f\u0131na tan\u0131kl\u0131k ederken kendi yal\u0131t\u0131lm\u0131\u015fl\u0131\u011f\u0131n\u0131 hi\u00e7bir zaman t\u00fcm\u00fcyle a\u015famaz; yaln\u0131zl\u0131k hem alt\u0131nda ezildi\u011fi yazg\u0131s\u0131 hem de s\u0131\u011f\u0131nd\u0131\u011f\u0131 kalesi olarak kal\u0131r.<\/p>\n","protected":false},"excerpt":{"rendered":"<p>Hapishane, politik g\u00f6r\u00fc\u015fleri nedeniyle Calabria\u2019ya s\u00fcrg\u00fcne g\u00f6nderilen Pavese\u2019nin kendi ya\u015fam deneyiminden izler ta\u015f\u0131r: Stefano bir s\u00fcre cezaevinde kald\u0131ktan sonra bir k\u00f6ye s\u00fcrg\u00fcne g\u00f6nderilir. G\u00fcnd\u00fczleri k\u00f6y halk\u0131n\u0131n<span class=\"excerpt-hellip\"> [\u2026]<\/span><\/p>\n","protected":false},"featured_media":0,"template":"","meta":{"_monsterinsights_skip_tracking":false,"_monsterinsights_sitenote_active":false,"_monsterinsights_sitenote_note":"","_monsterinsights_sitenote_category":0},"product_brand":[],"product_cat":[12291,12711],"product_tag":[],"class_list":{"0":"post-731715","1":"product","2":"type-product","3":"status-publish","5":"product_cat-edebiyat","6":"product_cat-roman-oyku","7":"pa_cilt-ciltsiz","8":"pa_tur-kitap","9":"pa_yayinevi-can-yayinlari","10":"pa_yazar-cesare-pavese","12":"first","13":"instock","14":"sale","15":"shipping-taxable","16":"purchasable","17":"product-type-simple"},"_links":{"self":[{"href":"https:\/\/roveyayinevi.com.tr\/index.php\/wp-json\/wp\/v2\/product\/731715","targetHints":{"allow":["GET"]}}],"collection":[{"href":"https:\/\/roveyayinevi.com.tr\/index.php\/wp-json\/wp\/v2\/product"}],"about":[{"href":"https:\/\/roveyayinevi.com.tr\/index.php\/wp-json\/wp\/v2\/types\/product"}],"wp:attachment":[{"href":"https:\/\/roveyayinevi.com.tr\/index.php\/wp-json\/wp\/v2\/media?parent=731715"}],"wp:term":[{"taxonomy":"product_brand","embeddable":true,"href":"https:\/\/roveyayinevi.com.tr\/index.php\/wp-json\/wp\/v2\/product_brand?post=731715"},{"taxonomy":"product_cat","embeddable":true,"href":"https:\/\/roveyayinevi.com.tr\/index.php\/wp-json\/wp\/v2\/product_cat?post=731715"},{"taxonomy":"product_tag","embeddable":true,"href":"https:\/\/roveyayinevi.com.tr\/index.php\/wp-json\/wp\/v2\/product_tag?post=731715"}],"curies":[{"name":"wp","href":"https:\/\/api.w.org\/{rel}","templated":true}]}}