{"id":731714,"date":"2025-08-27T21:37:15","date_gmt":"2025-08-27T18:37:15","guid":{"rendered":"https:\/\/roveyayinevi.com.tr\/index.php\/urun\/kumsal\/"},"modified":"2026-04-16T02:39:45","modified_gmt":"2026-04-15T23:39:45","slug":"kumsal","status":"publish","type":"product","link":"https:\/\/roveyayinevi.com.tr\/index.php\/urun\/kumsal\/","title":{"rendered":"Kumsal"},"content":{"rendered":"<p>\u0130lk kez 1942 y\u0131l\u0131nda yay\u0131mlanan Kumsal, okurlar\u0131 \u0130talya\u2019n\u0131n sayfiyesine davet ediyor: Roman\u0131n\u0131 evli bir \u00e7ift, onlar\u0131n yak\u0131n dostu ve arkada\u015flar\u0131 ekseninde \u00f6yk\u00fcleyen Pavese, oda\u011f\u0131na arkada\u015f toplulu\u011funun ili\u015fki dinamiklerini al\u0131rken ayn\u0131 zamanda d\u00f6nemin burjuvazisinin ruhunu da yans\u0131tacak \u015fekilde ki\u015finin kendiyle ve \u00f6tekiyle ili\u015fkisini, kad\u0131n erkek ili\u015fkilerini yer yer bir varolu\u015f sanc\u0131s\u0131 hissettirerek sorguluyor.<\/p>\n","protected":false},"excerpt":{"rendered":"<p>\u0130lk kez 1942 y\u0131l\u0131nda yay\u0131mlanan Kumsal, okurlar\u0131 \u0130talya\u2019n\u0131n sayfiyesine davet ediyor: Roman\u0131n\u0131 evli bir \u00e7ift, onlar\u0131n yak\u0131n dostu ve arkada\u015flar\u0131 ekseninde \u00f6yk\u00fcleyen Pavese, oda\u011f\u0131na arkada\u015f toplulu\u011funun<span class=\"excerpt-hellip\"> [\u2026]<\/span><\/p>\n","protected":false},"featured_media":0,"template":"","meta":{"_monsterinsights_skip_tracking":false,"_monsterinsights_sitenote_active":false,"_monsterinsights_sitenote_note":"","_monsterinsights_sitenote_category":0},"product_brand":[],"product_cat":[12291,12711],"product_tag":[],"class_list":{"0":"post-731714","1":"product","2":"type-product","3":"status-publish","5":"product_cat-edebiyat","6":"product_cat-roman-oyku","7":"pa_cilt-ciltsiz","8":"pa_tur-kitap","9":"pa_yayinevi-can-yayinlari","10":"pa_yazar-cesare-pavese","12":"first","13":"instock","14":"sale","15":"shipping-taxable","16":"purchasable","17":"product-type-simple"},"_links":{"self":[{"href":"https:\/\/roveyayinevi.com.tr\/index.php\/wp-json\/wp\/v2\/product\/731714","targetHints":{"allow":["GET"]}}],"collection":[{"href":"https:\/\/roveyayinevi.com.tr\/index.php\/wp-json\/wp\/v2\/product"}],"about":[{"href":"https:\/\/roveyayinevi.com.tr\/index.php\/wp-json\/wp\/v2\/types\/product"}],"wp:attachment":[{"href":"https:\/\/roveyayinevi.com.tr\/index.php\/wp-json\/wp\/v2\/media?parent=731714"}],"wp:term":[{"taxonomy":"product_brand","embeddable":true,"href":"https:\/\/roveyayinevi.com.tr\/index.php\/wp-json\/wp\/v2\/product_brand?post=731714"},{"taxonomy":"product_cat","embeddable":true,"href":"https:\/\/roveyayinevi.com.tr\/index.php\/wp-json\/wp\/v2\/product_cat?post=731714"},{"taxonomy":"product_tag","embeddable":true,"href":"https:\/\/roveyayinevi.com.tr\/index.php\/wp-json\/wp\/v2\/product_tag?post=731714"}],"curies":[{"name":"wp","href":"https:\/\/api.w.org\/{rel}","templated":true}]}}