{"id":731713,"date":"2025-08-27T21:37:14","date_gmt":"2025-08-27T18:37:14","guid":{"rendered":"https:\/\/roveyayinevi.com.tr\/index.php\/urun\/o-olmak\/"},"modified":"2026-04-16T02:39:45","modified_gmt":"2026-04-15T23:39:45","slug":"o-olmak","status":"publish","type":"product","link":"https:\/\/roveyayinevi.com.tr\/index.php\/urun\/o-olmak\/","title":{"rendered":"O Olmak"},"content":{"rendered":"<p>benim ibranicem yok senin var m\u0131? benim k\u0131rm\u0131z\u0131ya \u00e7alan g\u00fclle al\u0131p veremedi\u011fim benim bir y\u00fckselip bir inen indeks mindeks yuro, altun, parite benim k\u00f6\u015fede ne birikmi\u015fim ne \u00e7\u00f6k\u00fcp oturmu\u015flu\u011fum benim ne an\u0131lad\u0131\u011f\u0131m ne anlam verebildi\u011fim ne sab\u0131r bende ne semavat ne seppuku yapacak g ot ne bir heves g\u00f6\u011fe \u00e7ekilmek i\u00e7in ne girmek yeralt\u0131na sende var m\u0131 bende yok ne ricat ne inan\u00e7 ne bir takiyye ne m\u00fcmk\u00fcn i\u00e7inde yorgan ge\u00e7en d\u00f6rtl\u00fck \u00f6l\u00fcme tutkal, allaha ba\u011flanmak ne m\u00fcmk\u00fcn ne bir ses ne r\u00fcya ne de bir resmim yana\u011f\u0131nlabirlik d\u00f6rt d\u00f6nen i\u015fte buna \u00e7ember diyorlar a\u00e7 gug\u0131lla d\u00fcnyan\u0131n b\u00fct\u00fcn incillerinde banyoda vesaitte <\/p>\n","protected":false},"excerpt":{"rendered":"<p>benim ibranicem yok senin var m\u0131? benim k\u0131rm\u0131z\u0131ya \u00e7alan g\u00fclle al\u0131p veremedi\u011fim benim bir y\u00fckselip bir inen indeks mindeks yuro, altun, parite benim k\u00f6\u015fede ne birikmi\u015fim<span class=\"excerpt-hellip\"> [\u2026]<\/span><\/p>\n","protected":false},"featured_media":0,"template":"","meta":{"_monsterinsights_skip_tracking":false,"_monsterinsights_sitenote_active":false,"_monsterinsights_sitenote_note":"","_monsterinsights_sitenote_category":0},"product_brand":[],"product_cat":[12291,12509],"product_tag":[],"class_list":{"0":"post-731713","1":"product","2":"type-product","3":"status-publish","5":"product_cat-edebiyat","6":"product_cat-siir","7":"pa_cilt-ciltsiz","8":"pa_tur-kitap","9":"pa_yayinevi-ithaki-yayinlari","10":"pa_yazar-mazlum-menguc","12":"first","13":"instock","14":"sale","15":"shipping-taxable","16":"purchasable","17":"product-type-simple"},"_links":{"self":[{"href":"https:\/\/roveyayinevi.com.tr\/index.php\/wp-json\/wp\/v2\/product\/731713","targetHints":{"allow":["GET"]}}],"collection":[{"href":"https:\/\/roveyayinevi.com.tr\/index.php\/wp-json\/wp\/v2\/product"}],"about":[{"href":"https:\/\/roveyayinevi.com.tr\/index.php\/wp-json\/wp\/v2\/types\/product"}],"wp:attachment":[{"href":"https:\/\/roveyayinevi.com.tr\/index.php\/wp-json\/wp\/v2\/media?parent=731713"}],"wp:term":[{"taxonomy":"product_brand","embeddable":true,"href":"https:\/\/roveyayinevi.com.tr\/index.php\/wp-json\/wp\/v2\/product_brand?post=731713"},{"taxonomy":"product_cat","embeddable":true,"href":"https:\/\/roveyayinevi.com.tr\/index.php\/wp-json\/wp\/v2\/product_cat?post=731713"},{"taxonomy":"product_tag","embeddable":true,"href":"https:\/\/roveyayinevi.com.tr\/index.php\/wp-json\/wp\/v2\/product_tag?post=731713"}],"curies":[{"name":"wp","href":"https:\/\/api.w.org\/{rel}","templated":true}]}}