{"id":731711,"date":"2025-08-27T21:37:12","date_gmt":"2025-08-27T18:37:12","guid":{"rendered":"https:\/\/roveyayinevi.com.tr\/index.php\/urun\/fukara-olusu\/"},"modified":"2026-04-16T02:39:45","modified_gmt":"2026-04-15T23:39:45","slug":"fukara-olusu","status":"publish","type":"product","link":"https:\/\/roveyayinevi.com.tr\/index.php\/urun\/fukara-olusu\/","title":{"rendered":"Fukara \u00d6l\u00fcs\u00fc"},"content":{"rendered":"<p>Suat Dervi\u015f\u2019in bilinen \u00fc\u00e7 \u00f6yk\u00fc kitab\u0131, Ahmet Ferdi, Behire\u2019nin Talipleri ve Beni Mi? onun 1921-24 y\u0131llar\u0131 aras\u0131nda yazd\u0131\u011f\u0131 \u00f6yk\u00fclerden ibarettir. Oysa Dervi\u015f, t\u00fcm kariyeri boyunca \u00f6yk\u00fc yazmaya devam etmi\u015ftir. Gazete ve dergi ciltleri aras\u0131nda kalan y\u00fczlerce \u00f6yk\u00fcs\u00fcnden, 1930-41 y\u0131llar\u0131 aras\u0131nda yaz\u0131lm\u0131\u015f yirmi yedi tanesi bu derlemede bir araya geliyor. Fukara \u00d6l\u00fcs\u00fc\u2019ndeki t\u00fcm \u00f6yk\u00fcler insan\u0131n \u2018para\u2019yla ili\u015fkisine dair. Dervi\u015f\u2019in karakterleri paran\u0131n yoklu\u011fu ya da varl\u0131\u011f\u0131yla s\u0131nan\u0131yor bir bir.   \u201cEline al\u0131\u015f\u0131k olmad\u0131\u011f\u0131 bir para ge\u00e7ince, paras\u0131zl\u0131k y\u00fcz\u00fcnden \u00e7ekmeye mahk\u00fbm oldu\u011fu bu hayattan ka\u00e7mak istemi\u015fti. Bir g\u00fcn i\u00e7in bile olsa ya\u015famak, insan gibi ya\u015famak istemi\u015fti.\u201d Bizim Hik\u00e2ye, Osmanl\u0131\u2019dan g\u00fcn\u00fcm\u00fcze edebiyat\u0131m\u0131zda \u00f6yk\u00fcn\u00fcn izini s\u00fcren, \u00f6yk\u00fcc\u00fcl\u00fc\u011f\u00fcm\u00fcz\u00fc var etmi\u015f, geli\u015ftirmi\u015f yazarlar\u0131n eserleri aras\u0131ndan en g\u00fczellerini, en ba\u015far\u0131l\u0131lar\u0131n\u0131, en \u00f6nemlilerini belirli bir tematik b\u00fct\u00fcnl\u00fck g\u00f6zeterek ortaya koyan, 1850\u2019lerden 1950\u2019lere kadar bir as\u0131rl\u0131k \u00f6yk\u00fcc\u00fcl\u00fc\u011f\u00fcm\u00fcz\u00fcn verimlerini bir araya getiren bir kitap dizisi.   Bizim Hik\u00e2ye dizisiyle birlikte, hem \u00f6yk\u00fcc\u00fcl\u00fc\u011f\u00fcm\u00fcze dair b\u00fct\u00fcnl\u00fckl\u00fc bir s\u00f6z s\u00f6ylemek hem de yeni \u00f6yk\u00fcc\u00fcler ke\u015ffetmek \u00fczere farkl\u0131 yolculuklara yelken a\u00e7\u0131yoruz. <\/p>\n","protected":false},"excerpt":{"rendered":"<p>Suat Dervi\u015f\u2019in bilinen \u00fc\u00e7 \u00f6yk\u00fc kitab\u0131, Ahmet Ferdi, Behire\u2019nin Talipleri ve Beni Mi? onun 1921-24 y\u0131llar\u0131 aras\u0131nda yazd\u0131\u011f\u0131 \u00f6yk\u00fclerden ibarettir. Oysa Dervi\u015f, t\u00fcm kariyeri boyunca \u00f6yk\u00fc<span class=\"excerpt-hellip\"> [\u2026]<\/span><\/p>\n","protected":false},"featured_media":0,"template":"","meta":{"_monsterinsights_skip_tracking":false,"_monsterinsights_sitenote_active":false,"_monsterinsights_sitenote_note":"","_monsterinsights_sitenote_category":0},"product_brand":[],"product_cat":[12291,12711],"product_tag":[],"class_list":{"0":"post-731711","1":"product","2":"type-product","3":"status-publish","5":"product_cat-edebiyat","6":"product_cat-roman-oyku","7":"pa_cilt-ciltsiz","8":"pa_tur-kitap","9":"pa_yayinevi-ithaki-yayinlari","10":"pa_yazar-suat-dervis","12":"first","13":"instock","14":"sale","15":"shipping-taxable","16":"purchasable","17":"product-type-simple"},"_links":{"self":[{"href":"https:\/\/roveyayinevi.com.tr\/index.php\/wp-json\/wp\/v2\/product\/731711","targetHints":{"allow":["GET"]}}],"collection":[{"href":"https:\/\/roveyayinevi.com.tr\/index.php\/wp-json\/wp\/v2\/product"}],"about":[{"href":"https:\/\/roveyayinevi.com.tr\/index.php\/wp-json\/wp\/v2\/types\/product"}],"wp:attachment":[{"href":"https:\/\/roveyayinevi.com.tr\/index.php\/wp-json\/wp\/v2\/media?parent=731711"}],"wp:term":[{"taxonomy":"product_brand","embeddable":true,"href":"https:\/\/roveyayinevi.com.tr\/index.php\/wp-json\/wp\/v2\/product_brand?post=731711"},{"taxonomy":"product_cat","embeddable":true,"href":"https:\/\/roveyayinevi.com.tr\/index.php\/wp-json\/wp\/v2\/product_cat?post=731711"},{"taxonomy":"product_tag","embeddable":true,"href":"https:\/\/roveyayinevi.com.tr\/index.php\/wp-json\/wp\/v2\/product_tag?post=731711"}],"curies":[{"name":"wp","href":"https:\/\/api.w.org\/{rel}","templated":true}]}}