{"id":731709,"date":"2025-08-27T21:37:10","date_gmt":"2025-08-27T18:37:10","guid":{"rendered":"https:\/\/roveyayinevi.com.tr\/index.php\/urun\/turk-dil-ve-lehcelerinin-okul-kitaplarindan-secmeler-1-cilt\/"},"modified":"2026-04-16T02:39:45","modified_gmt":"2026-04-15T23:39:45","slug":"turk-dil-ve-lehcelerinin-okul-kitaplarindan-secmeler-1-cilt","status":"publish","type":"product","link":"https:\/\/roveyayinevi.com.tr\/index.php\/urun\/turk-dil-ve-lehcelerinin-okul-kitaplarindan-secmeler-1-cilt\/","title":{"rendered":"T\u00fcrk Dil Ve Leh\u00e7elerinin Okul Kitaplar\u0131ndan Se\u00e7meler (1. Cilt)"},"content":{"rendered":"<p>G\u00fcn\u00fcm\u00fcz T\u00fcrk dil ve leh\u00e7elerini merak eden, tan\u0131mak \u00f6\u011frenmek isteyen i\u00e7in T\u00fcrk\u00e7e yay\u0131mlanm\u0131\u015f \u00e7al\u0131\u015fmalar\u0131n say\u0131s\u0131 azd\u0131. Son otuz y\u0131ldan bu yana T\u00fcrk dilleri hakk\u0131ndaki bilgilerimiz artm\u0131\u015f, T\u00fcrk\u00e7e yay\u0131n say\u0131s\u0131nda hem nitelik hem de nicelik a\u00e7\u0131s\u0131ndan art\u0131\u015f sa\u011flanm\u0131\u015ft\u0131r. Ancak bu dilleri ve bu dillerin leh\u00e7elerine ait malzemeyi kendi kulland\u0131klar\u0131 alfabelerle bir arada ele alan bir derleme yoktu. Hocam\u0131z Talat Tekin\u2019in s\u0131n\u0131flamas\u0131 ve sistemini esas alan elinizdeki kitap her yaz\u0131 dilinin, Sal\u0131rca, Sar\u0131 Uygurca, Fuyu K\u0131rg\u0131zcas\u0131, Hala\u00e7\u00e7a gibi yaz\u0131 dili olmayan dillerinse alan \u00e7al\u0131\u015fmalar\u0131na dayal\u0131 metinlerinin se\u00e7kisinden olu\u015fmaktad\u0131r. Bu se\u00e7kiye her dilin (varsa) standart alfabesi, 2010\u2019lara kadarki yeni alfabeleri, bu dillerle ilgili n\u00fcfus bilgileri de dahil edilmi\u015ftir. Ayr\u0131ca se\u00e7kiye, bu dillerin konu\u015fuldu\u011fu b\u00f6lgeleri g\u00f6sterir, kitab\u0131 haz\u0131rlayanlar taraf\u0131ndan olu\u015fturulmu\u015f, bir de harita eklenmi\u015ftir. <\/p>\n","protected":false},"excerpt":{"rendered":"<p>G\u00fcn\u00fcm\u00fcz T\u00fcrk dil ve leh\u00e7elerini merak eden, tan\u0131mak \u00f6\u011frenmek isteyen i\u00e7in T\u00fcrk\u00e7e yay\u0131mlanm\u0131\u015f \u00e7al\u0131\u015fmalar\u0131n say\u0131s\u0131 azd\u0131. Son otuz y\u0131ldan bu yana T\u00fcrk dilleri hakk\u0131ndaki bilgilerimiz artm\u0131\u015f,<span class=\"excerpt-hellip\"> [\u2026]<\/span><\/p>\n","protected":false},"featured_media":0,"template":"","meta":{"_monsterinsights_skip_tracking":false,"_monsterinsights_sitenote_active":false,"_monsterinsights_sitenote_note":"","_monsterinsights_sitenote_category":0},"product_brand":[],"product_cat":[13072,12291],"product_tag":[],"class_list":{"0":"post-731709","1":"product","2":"type-product","3":"status-publish","5":"product_cat-arastirma-inceleme-referans","6":"product_cat-edebiyat","7":"pa_cilt-ciltsiz","8":"pa_tur-kitap","9":"pa_yayinevi-bilgesu-yayincilik","10":"pa_yazar-bilgesu-yayincilik-kolektif","12":"first","13":"instock","14":"sale","15":"shipping-taxable","16":"purchasable","17":"product-type-simple"},"_links":{"self":[{"href":"https:\/\/roveyayinevi.com.tr\/index.php\/wp-json\/wp\/v2\/product\/731709","targetHints":{"allow":["GET"]}}],"collection":[{"href":"https:\/\/roveyayinevi.com.tr\/index.php\/wp-json\/wp\/v2\/product"}],"about":[{"href":"https:\/\/roveyayinevi.com.tr\/index.php\/wp-json\/wp\/v2\/types\/product"}],"wp:attachment":[{"href":"https:\/\/roveyayinevi.com.tr\/index.php\/wp-json\/wp\/v2\/media?parent=731709"}],"wp:term":[{"taxonomy":"product_brand","embeddable":true,"href":"https:\/\/roveyayinevi.com.tr\/index.php\/wp-json\/wp\/v2\/product_brand?post=731709"},{"taxonomy":"product_cat","embeddable":true,"href":"https:\/\/roveyayinevi.com.tr\/index.php\/wp-json\/wp\/v2\/product_cat?post=731709"},{"taxonomy":"product_tag","embeddable":true,"href":"https:\/\/roveyayinevi.com.tr\/index.php\/wp-json\/wp\/v2\/product_tag?post=731709"}],"curies":[{"name":"wp","href":"https:\/\/api.w.org\/{rel}","templated":true}]}}